{"id":4913,"date":"2025-09-30T17:00:49","date_gmt":"2025-09-30T09:00:49","guid":{"rendered":"https:\/\/www.r-eps.com\/?post_type=product&#038;p=4913"},"modified":"2025-10-29T16:18:58","modified_gmt":"2025-10-29T08:18:58","slug":"extrusion-customized-reps","status":"publish","type":"product","link":"https:\/\/www.r-eps.com\/fr\/environmental-protection-grade\/extrusion-customized-reps\/","title":{"rendered":"Extrusion REPS personnalis\u00e9"},"content":{"rendered":"<p><span style=\"font-size: 14pt\"><strong><span style=\"font-family: 'book antiqua', palatino, serif\">Introduction du produit<\/span><\/strong><\/span><\/p>\n<p>Les propri\u00e9t\u00e9s des mat\u00e9riaux REPS peuvent compl\u00e8tement remplacer l'EPS en termes de fonctions d'utilisation et de champs d'application, et peuvent \u00eatre mises \u00e0 niveau et modifi\u00e9es en fonction des besoins sp\u00e9cifiques du client. Avec l\u2019ajout de mat\u00e9riaux recycl\u00e9s \u00e0 100 %, il respecte la tendance \u00e0 la neutralit\u00e9 carbone et renforce l\u2019avantage de n\u00e9gociation des prix \u00e9cologiques des produits.<\/p>\n<p><span style=\"font-size: 14pt;font-family: 'book antiqua', palatino, serif\"><strong>Caract\u00e9ristiques du produit<\/strong><\/span><\/p>\n<ul>\n<li>Le produit pr\u00e9sente une taille uniforme de particules, un bon d\u00e9bit de particules moussantes.<\/li>\n<li>Temps de maturation court.<\/li>\n<li>Ajouter des mat\u00e9riaux recycl\u00e9s pour r\u00e9duire la consommation d'\u00e9nergie et les co\u00fbts de production<span style=\"font-family: 'book antiqua', palatino, serif\">.<\/span><\/li>\n<li>La production sur mesure peut \u00eatre effectu\u00e9e pour optimiser les performances et fournir une large gamme de couleurs.<\/li>\n<li>Le meilleur rapport de mousse est de 18 \u00e0 62 fois.<\/li>\n<\/ul>\n<table style=\"width: 95.9957%\">\n<tbody>\n<tr>\n<td style=\"width: 23.6016%\" width=\"167\">\n<p style=\"text-align: center\">Type de production<\/p>\n<\/td>\n<td style=\"width: 16.0982%\" width=\"113\">Sp\u00e9cification<\/td>\n<td style=\"width: 16.0982%\" width=\"113\">Taille des particules<\/td>\n<td style=\"width: 18.5539%\" width=\"131\">Premi\u00e8re fois plage extensible<\/td>\n<td style=\"width: 99.8636%\" width=\"168\">Domaine d'utilisation<\/td>\n<\/tr>\n<tr>\n<td style=\"width: 23.6016%\" rowspan=\"2\" width=\"167\">\n<p style=\"text-align: center\">Extrusion REPS personnalis\u00e9<\/p>\n<p>&nbsp;<\/td>\n<td style=\"width: 16.0982%\" width=\"113\">Reps-302<\/td>\n<td style=\"width: 16.0982%\" width=\"113\">0.8-1.25<\/td>\n<td style=\"width: 18.5539%\" width=\"131\">18-62<\/td>\n<td style=\"width: 99.8636%\" rowspan=\"2\" width=\"168\">Paquet \u00e9lectronique, Paquet en c\u00e9ramique, \u00e9galement adapt\u00e9 pour Paquet g\u00e9n\u00e9ral<\/td>\n<\/tr>\n<tr>\n<td style=\"width: 16.0982%\" width=\"113\">Reps-303<\/td>\n<td style=\"width: 16.0982%\" width=\"113\">0.6-1<\/td>\n<td style=\"width: 18.5539%\" width=\"131\">18-62<\/td>\n<\/tr>\n<\/tbody>\n<\/table>\n<p>&nbsp;<\/p>\n<p><span style=\"font-family: 'book antiqua', palatino, serif;font-size: 14pt\"><strong>Avantages du produit<\/strong><\/span><\/p>\n<ul>\n<li>Durable &amp; stable : les panneaux conservent leur forme, id\u00e9al pour les panneaux de b\u00e2timent en EPS et les panneaux en perles de polystyr\u00e8ne \u00e9largi.<\/li>\n<li>L\u00e9ger &amp; robuste: convient pour les panneaux de rev\u00eatement en polystyr\u00e8ne et les panneaux en mousse EPS.<\/li>\n<li>Flexible pour diff\u00e9rentes utilisations: du rev\u00eatement en mousse EPS aux panneaux EPS en polystyr\u00e8ne expans\u00e9 sur mesure.<\/li>\n<li>\u00c9conomique : apporter un soutien sans d\u00e9chets mat\u00e9riels suppl\u00e9mentaires.<\/li>\n<li>Lisseur et uniformit\u00e9 densit\u00e9: appr\u00e9ci\u00e9e par les fabricants de panneaux EPS.<\/li>\n<\/ul>\n<p><span style=\"font-family: 'book antiqua', palatino, serif;font-size: 14pt\"><strong>Champs d'application<\/strong><\/span><\/p>\n<ul>\n<li>Emballage \u00e9lectrique: id\u00e9al pour prot\u00e9ger les appareils m\u00e9nagers et l'\u00e9lectronique de pr\u00e9cision.<\/li>\n<li>Panneaux en mousse EPS Panneaux en perles de polystyr\u00e8ne \u00e9largis: utilis\u00e9s dans les projets d'isolation, d'affichage et de construction l\u00e9g\u00e8re.<\/li>\n<li>Artisanat et objets d\u00e9coratifs: faciles \u00e0 fa\u00e7onner et \u00e0 manipuler pour des designs \u00e0 petite \u00e9chelle ou complexes.<\/li>\n<li>Conteneurs de bo\u00eete int\u00e9gr\u00e9s: convient pour l'emballage personnalis\u00e9 de divers produits.<\/li>\n<li>Projets o\u00f9 REPS est applicable dans l'industrie des affichages: OC (TV), modules (MNT), plaques de plateau (NB, TPC, OLED), etc., avec des donn\u00e9es d'essai et d'utilisation r\u00e9elles.<\/li>\n<\/ul>","protected":false},"excerpt":{"rendered":"<p>Le polystyr\u00e8ne recycl\u00e9 REPS est une sorte de mat\u00e9riau polystyr\u00e8ne mouss\u00e9 multifonctionnel. Au cours du processus de production, les perles de mousse se dilatent uniformement et gu\u00e9rissent rapidement. Il est largement utilis\u00e9 dans l'emballage \u00e9lectrique, l'emballage de mat\u00e9riaux de construction, la charge et l'artisanat.<\/p>\n<p><strong>Caract\u00e9ristiques du produit :<\/strong><\/p>\n<ul>\n<li>Ajouter des mat\u00e9riaux recycl\u00e9s et r\u00e9aliser le recyclage.<\/li>\n<li>Conforme \u00e0 la cat\u00e9gorie internationale de recyclage 6<\/li>\n<li>R\u00e9duit la consommation d'\u00e9nergie de production de 20% et acc\u00e9l\u00e8re l'efficacit\u00e9 du moulage<\/li>\n<li>Production personnalis\u00e9e selon des produits sp\u00e9cifiques, performances optimis\u00e9es et taille de particules, et couleurs riches<\/li>\n<\/ul>","protected":false},"featured_media":5107,"comment_status":"closed","ping_status":"closed","template":"","meta":[],"product_brand":[],"product_cat":[56],"product_tag":[],"class_list":{"0":"post-4913","1":"product","2":"type-product","3":"status-publish","4":"has-post-thumbnail","6":"product_cat-environmental-protection-grade","8":"first","9":"instock","10":"shipping-taxable","11":"product-type-simple"},"_links":{"self":[{"href":"https:\/\/www.r-eps.com\/fr\/wp-json\/wp\/v2\/product\/4913","targetHints":{"allow":["GET"]}}],"collection":[{"href":"https:\/\/www.r-eps.com\/fr\/wp-json\/wp\/v2\/product"}],"about":[{"href":"https:\/\/www.r-eps.com\/fr\/wp-json\/wp\/v2\/types\/product"}],"replies":[{"embeddable":true,"href":"https:\/\/www.r-eps.com\/fr\/wp-json\/wp\/v2\/comments?post=4913"}],"wp:featuredmedia":[{"embeddable":true,"href":"https:\/\/www.r-eps.com\/fr\/wp-json\/wp\/v2\/media\/5107"}],"wp:attachment":[{"href":"https:\/\/www.r-eps.com\/fr\/wp-json\/wp\/v2\/media?parent=4913"}],"wp:term":[{"taxonomy":"product_brand","embeddable":true,"href":"https:\/\/www.r-eps.com\/fr\/wp-json\/wp\/v2\/product_brand?post=4913"},{"taxonomy":"product_cat","embeddable":true,"href":"https:\/\/www.r-eps.com\/fr\/wp-json\/wp\/v2\/product_cat?post=4913"},{"taxonomy":"product_tag","embeddable":true,"href":"https:\/\/www.r-eps.com\/fr\/wp-json\/wp\/v2\/product_tag?post=4913"}],"curies":[{"name":"WP","href":"https:\/\/api.w.org\/{rel}","templated":true}]}}