{"id":4259,"date":"2025-07-18T13:17:24","date_gmt":"2025-07-18T05:17:24","guid":{"rendered":"http:\/\/www.r-eps.com\/?post_type=product&#038;p=4259"},"modified":"2025-09-26T16:35:49","modified_gmt":"2025-09-26T08:35:49","slug":"black-polystyrene-suspension-fge","status":"publish","type":"product","link":"https:\/\/www.r-eps.com\/fr\/carbon-black-grade\/black-polystyrene-suspension-fge\/","title":{"rendered":"Polystyr\u00e8ne noir (suspension) &#8211; FGE"},"content":{"rendered":"<p><span style=\"font-family: 'book antiqua', palatino, serif\">Le mat\u00e9riau FGE en polystyr\u00e8ne noir (m\u00e9thode de suspension) convient aux pi\u00e8ces \u00e9lectriques et \u00e0 l'emballage, aux produits noirs sp\u00e9ciaux. Lorsque le polym\u00e8re a \u00e9t\u00e9 synth\u00e9tis\u00e9 par polym\u00e9risation en suspension, on a ajout\u00e9 du noir de carbone pour donner au polym\u00e8re de polystyr\u00e8ne des propri\u00e9t\u00e9s fonctionnelles.<\/span><\/p>\n<p>&nbsp;<\/p>\n<p><span style=\"font-family: 'book antiqua', palatino, serif\"><strong><span style=\"font-size: 14pt\">Introduction du produit\u00a0\u00a0<\/span><\/strong><\/span><br \/>\n<span style=\"font-family: 'book antiqua', palatino, serif\">Le mat\u00e9riau FGE en polystyr\u00e8ne noir (m\u00e9thode de suspension) convient aux pi\u00e8ces \u00e9lectriques et \u00e0 l'emballage, aux produits noirs sp\u00e9ciaux.<\/span><\/p>\n<p>&nbsp;<\/p>\n<p><span style=\"font-family: 'book antiqua', palatino, serif\"><span style=\"font-size: 14pt\"><strong>Caract\u00e9ristiques du produit\u00a0<\/strong><\/span><br \/>\n<\/span><span style=\"font-family: 'book antiqua', palatino, serif\">\u00a0 \u00a0 \u00a0 \u00a01, Ajout de noir de carbone \u00e0 la synth\u00e8se de polym\u00e8re par proc\u00e9d\u00e9 de polym\u00e9risation en suspension, de sorte que le polym\u00e8re de polystyr\u00e8ne a des propri\u00e9t\u00e9s fonctionnelles;<\/span><br \/>\n<span style=\"font-family: 'book antiqua', palatino, serif\">\u00a0 \u00a0 \u00a0 \u00a02, am\u00e9liorer l'isolation thermique et les performances d'isolation acoustique du mat\u00e9riau;<\/span><br \/>\n<span style=\"font-family: 'book antiqua', palatino, serif\">\u00a0 \u00a0 \u00a0 \u00a03, d'excellentes propri\u00e9t\u00e9s antistatiques;<\/span><br \/>\n<span style=\"font-family: 'book antiqua', palatino, serif\">\u00a0 \u00a0 \u00a0 \u00a04, Convient aux produits de haute densit\u00e9 (18KG\/m\u00b3 ou plus);<\/span><br \/>\n<span style=\"font-family: 'book antiqua', palatino, serif\">\u00a0 \u00a0 \u00a0 \u00a05, produits gris et noir, couleur belle, uniforme et stable;<\/span><br \/>\n<span style=\"font-family: 'book antiqua', palatino, serif\">\u00a0 \u00a0 \u00a0 \u00a06, produits anti-vieillissement;<\/span><br \/>\n<span style=\"font-family: 'book antiqua', palatino, serif\">\u00a0 \u00a0 \u00a0 \u00a07, les produits peuvent atteindre le niveau B1.<\/span><\/p>\n<table style=\"width: 85.7797%;height: 125px\">\n<tbody>\n<tr style=\"height: 25px\">\n<td style=\"width: 24.4592%;text-align: center;height: 25px\" width=\"142\"><\/td>\n<td style=\"width: 24.4592%;text-align: center;height: 25px\" width=\"142\"><span style=\"font-family: 'book antiqua', palatino, serif\">Sp\u00e9cification<\/span><\/td>\n<td style=\"width: 24.4592%;text-align: center;height: 25px\" width=\"142\"><span style=\"font-family: 'book antiqua', palatino, serif\">Taille des particules<\/span><\/td>\n<td style=\"width: 109.318%;text-align: center;height: 25px\" width=\"142\"><span style=\"font-family: 'book antiqua', palatino, serif\">Premier rapport d'expansion<\/span><\/td>\n<\/tr>\n<tr style=\"height: 25px\">\n<td style=\"width: 24.4592%;height: 100px;text-align: center\" rowspan=\"4\" width=\"142\"><span style=\"font-family: 'book antiqua', palatino, serif\">Mat\u00e9riel FGE\u00a0<\/span><\/td>\n<td style=\"width: 24.4592%;text-align: center;height: 25px\" width=\"142\"><span style=\"font-family: 'book antiqua', palatino, serif\">FGE-101<\/span><\/td>\n<td style=\"width: 24.4592%;text-align: center;height: 25px\" width=\"142\"><span style=\"font-family: 'book antiqua', palatino, serif\">1.30-1.60<\/span><\/td>\n<td style=\"width: 109.318%;text-align: center;height: 25px\" width=\"142\"><span style=\"font-family: 'book antiqua', palatino, serif\">40-60<\/span><\/td>\n<\/tr>\n<tr style=\"height: 25px\">\n<td style=\"width: 24.4592%;text-align: center;height: 25px\" width=\"142\"><span style=\"font-family: 'book antiqua', palatino, serif\">FGE-201<\/span><\/td>\n<td style=\"width: 24.4592%;text-align: center;height: 25px\" width=\"142\"><span style=\"font-family: 'book antiqua', palatino, serif\">1.00-1.40<\/span><\/td>\n<td style=\"width: 109.318%;text-align: center;height: 25px\" width=\"142\"><span style=\"font-family: 'book antiqua', palatino, serif\">40-55<\/span><\/td>\n<\/tr>\n<tr style=\"height: 25px\">\n<td style=\"width: 24.4592%;text-align: center;height: 25px\" width=\"142\"><span style=\"font-family: 'book antiqua', palatino, serif\">FGE-301<\/span><\/td>\n<td style=\"width: 24.4592%;text-align: center;height: 25px\" width=\"142\"><span style=\"font-family: 'book antiqua', palatino, serif\">0.75-1.10<\/span><\/td>\n<td style=\"width: 109.318%;text-align: center;height: 25px\" width=\"142\"><span style=\"font-family: 'book antiqua', palatino, serif\">35-55<\/span><\/td>\n<\/tr>\n<tr style=\"height: 25px\">\n<td style=\"width: 24.4592%;text-align: center;height: 25px\" width=\"142\"><span style=\"font-family: 'book antiqua', palatino, serif\">FGE-401<\/span><\/td>\n<td style=\"width: 24.4592%;text-align: center;height: 25px\" width=\"142\"><span style=\"font-family: 'book antiqua', palatino, serif\">0.50-0.80<\/span><\/td>\n<td style=\"width: 109.318%;text-align: center;height: 25px\" width=\"142\"><span style=\"font-family: 'book antiqua', palatino, serif\">25-35<\/span><\/td>\n<\/tr>\n<\/tbody>\n<\/table>\n<p><span style=\"font-family: 'book antiqua', palatino, serif\">Convient pour les pi\u00e8ces \u00e9lectriques et les emballages, produits noirs sp\u00e9ciaux<\/span><\/p>\n<p><span style=\"font-family: 'book antiqua', palatino, serif\"><strong>Note :<\/strong><\/span><\/p>\n<p><span style=\"font-family: 'book antiqua', palatino, serif\">\u00a0 \u00a0 \u00a0 \u00a01, \u00e9viter l'exposition au soleil et garder loin du feu;<\/span><br \/>\n<span style=\"font-family: 'book antiqua', palatino, serif\">\u00a0 \u00a0 \u00a0 \u00a02, la temp\u00e9rature de stockage devrait \u00eatre inf\u00e9rieure \u00e0 25 degr\u00e9s Celsius;<\/span><br \/>\n<span style=\"font-family: 'book antiqua', palatino, serif\">\u00a0 \u00a0 \u00a0 \u00a03, ne doit pas \u00eatre utilis\u00e9 dans les produits de densit\u00e9 inf\u00e9rieure;<\/span><br \/>\n<span style=\"font-family: 'book antiqua', palatino, serif\">\u00a0 \u00a0 \u00a0 \u00a04, le temps de durcissement apr\u00e8s la mousse est g\u00e9n\u00e9ralement 4-8 heures;<\/span><br \/>\n<span style=\"font-family: 'book antiqua', palatino, serif\">\u00a0 \u00a0 \u00a0 \u00a05, La d\u00e9termination des param\u00e8tres de pression de moulage doit \u00eatre ajust\u00e9e en fonction de l'apparence et des propri\u00e9t\u00e9s de liaison interne du produit;<\/span><\/p>","protected":false},"excerpt":{"rendered":"<p>Black polystyrene FGE material (suspension method) is suitable for electrical structural parts and packaging, special black products. When the polymer was synthesized by suspension polymerization, carbon black was added to make the polystyrene polymer have functional properties. &nbsp; Product introduction\u00a0\u00a0 Black polystyrene FGE material (suspension method) is suitable for electrical structural parts and packaging, special [&hellip;]<\/p>\n","protected":false},"featured_media":4807,"comment_status":"closed","ping_status":"closed","template":"","meta":[],"product_brand":[],"product_cat":[59],"product_tag":[],"class_list":{"0":"post-4259","1":"product","2":"type-product","3":"status-publish","4":"has-post-thumbnail","6":"product_cat-carbon-black-grade","8":"first","9":"instock","10":"shipping-taxable","11":"product-type-simple"},"_links":{"self":[{"href":"https:\/\/www.r-eps.com\/fr\/wp-json\/wp\/v2\/product\/4259","targetHints":{"allow":["GET"]}}],"collection":[{"href":"https:\/\/www.r-eps.com\/fr\/wp-json\/wp\/v2\/product"}],"about":[{"href":"https:\/\/www.r-eps.com\/fr\/wp-json\/wp\/v2\/types\/product"}],"replies":[{"embeddable":true,"href":"https:\/\/www.r-eps.com\/fr\/wp-json\/wp\/v2\/comments?post=4259"}],"wp:featuredmedia":[{"embeddable":true,"href":"https:\/\/www.r-eps.com\/fr\/wp-json\/wp\/v2\/media\/4807"}],"wp:attachment":[{"href":"https:\/\/www.r-eps.com\/fr\/wp-json\/wp\/v2\/media?parent=4259"}],"wp:term":[{"taxonomy":"product_brand","embeddable":true,"href":"https:\/\/www.r-eps.com\/fr\/wp-json\/wp\/v2\/product_brand?post=4259"},{"taxonomy":"product_cat","embeddable":true,"href":"https:\/\/www.r-eps.com\/fr\/wp-json\/wp\/v2\/product_cat?post=4259"},{"taxonomy":"product_tag","embeddable":true,"href":"https:\/\/www.r-eps.com\/fr\/wp-json\/wp\/v2\/product_tag?post=4259"}],"curies":[{"name":"WP","href":"https:\/\/api.w.org\/{rel}","templated":true}]}}