{"id":4257,"date":"2025-07-18T13:13:17","date_gmt":"2025-07-18T05:13:17","guid":{"rendered":"http:\/\/www.r-eps.com\/?post_type=product&#038;p=4257"},"modified":"2025-09-26T16:37:33","modified_gmt":"2025-09-26T08:37:33","slug":"low-thermal-conductivity-carbon-polystyrene-suspension-fge","status":"publish","type":"product","link":"https:\/\/www.r-eps.com\/fr\/carbon-black-grade\/low-thermal-conductivity-carbon-polystyrene-suspension-fge\/","title":{"rendered":"Polystyr\u00e8ne de carbone \u00e0 faible conductivit\u00e9 thermique (suspension) &#8211; FGE"},"content":{"rendered":"<p><span style=\"font-family: 'book antiqua', palatino, serif\">Le mat\u00e9riau FGE en polystyr\u00e8ne carbone \u00e0 faible conductivit\u00e9 thermique (m\u00e9thode de suspension) convient \u00e0 l'isolation thermique dans la construction et l'industrie. Lorsque le polym\u00e8re est synth\u00e9tis\u00e9 par polym\u00e9risation en suspension, le noir de carbone fonctionnel \u00e0 faible conductivit\u00e9 thermique est ajout\u00e9 pour donner au polym\u00e8re de polystyr\u00e8ne des propri\u00e9t\u00e9s fonctionnelles.<\/span><\/p>\n<p><span style=\"font-family: 'book antiqua', palatino, serif\"><strong><span style=\"font-size: 14pt\">Introduction du produit\u00a0<\/span><\/strong>\u00a0<\/span><br \/>\n<span style=\"font-family: 'book antiqua', palatino, serif\">Le mat\u00e9riau FGE en polystyr\u00e8ne carbone \u00e0 faible conductivit\u00e9 thermique (m\u00e9thode de suspension) convient \u00e0 l'isolation thermique dans la construction et l'industrie.<\/span><\/p>\n<p><span style=\"font-family: 'book antiqua', palatino, serif\"><span style=\"font-size: 14pt\"><strong>Caract\u00e9ristiques du produit<\/strong><\/span>\u00a0\u00a0<\/span><br \/>\n<span style=\"font-family: 'book antiqua', palatino, serif\">1, lorsque le polym\u00e8re est synth\u00e9tis\u00e9 par proc\u00e9d\u00e9 de polym\u00e9risation en suspension, le noir de carbone fonctionnel \u00e0 faible conductivit\u00e9 thermique est ajout\u00e9 pour rendre le polym\u00e8re de polystyr\u00e8ne a des propri\u00e9t\u00e9s fonctionnelles;<\/span><br \/>\n<span style=\"font-family: 'book antiqua', palatino, serif\">2, r\u00e9duire la conductivit\u00e9 thermique de la carte d'isolation en polystyr\u00e8ne, am\u00e9liorer l'isolation thermique et les performances d'isolation acoustique du mat\u00e9riau;<\/span><br \/>\n<span style=\"font-family: 'book antiqua', palatino, serif\">3, excellentes propri\u00e9t\u00e9s antistatiques;<\/span><br \/>\n<span style=\"font-family: 'book antiqua', palatino, serif\">4, Convient aux produits de haute densit\u00e9 (18KG\/M\u00b3 ou plus);<\/span><br \/>\n<span style=\"font-family: 'book antiqua', palatino, serif\">5, la couleur du produit est uniforme et stable;<\/span><br \/>\n<span style=\"font-family: 'book antiqua', palatino, serif\">6, les produits peuvent atteindre le niveau B1.<\/span><\/p>\n<table style=\"width: 96.5887%;height: 120px\">\n<tbody>\n<tr style=\"height: 24px\">\n<td style=\"width: 24.4592%;text-align: center;height: 24px\" width=\"142\"><\/td>\n<td style=\"width: 24.4592%;text-align: center;height: 24px\" width=\"142\">Sp\u00e9cification<\/td>\n<td style=\"width: 24.4592%;text-align: center;height: 24px\" width=\"142\">Taille des particules<\/td>\n<td style=\"width: 132.612%;text-align: center;height: 24px\" width=\"142\">Premier rapport d'expansion<\/td>\n<\/tr>\n<tr style=\"height: 24px\">\n<td style=\"width: 24.4592%;text-align: center;height: 96px\" rowspan=\"4\" width=\"142\">Mat\u00e9riel FGE<\/td>\n<td style=\"width: 24.4592%;text-align: center;height: 24px\" width=\"142\">FGE-101<\/td>\n<td style=\"width: 24.4592%;text-align: center;height: 24px\" width=\"142\">1.30-1.60<\/td>\n<td style=\"width: 132.612%;text-align: center;height: 24px\" width=\"142\">40-60<\/td>\n<\/tr>\n<tr style=\"height: 24px\">\n<td style=\"width: 24.4592%;text-align: center;height: 24px\" width=\"142\">FGE-201<\/td>\n<td style=\"width: 24.4592%;text-align: center;height: 24px\" width=\"142\">1.00-1.40<\/td>\n<td style=\"width: 132.612%;text-align: center;height: 24px\" width=\"142\">40-55<\/td>\n<\/tr>\n<tr style=\"height: 24px\">\n<td style=\"width: 24.4592%;text-align: center;height: 24px\" width=\"142\">FGE-301<\/td>\n<td style=\"width: 24.4592%;text-align: center;height: 24px\" width=\"142\">0.75-1.10<\/td>\n<td style=\"width: 132.612%;text-align: center;height: 24px\" width=\"142\">35-55<\/td>\n<\/tr>\n<tr style=\"height: 24px\">\n<td style=\"width: 24.4592%;text-align: center;height: 24px\" width=\"142\">FGE-401<\/td>\n<td style=\"width: 24.4592%;text-align: center;height: 24px\" width=\"142\">0.50-0.80<\/td>\n<td style=\"width: 132.612%;text-align: center;height: 24px\" width=\"142\">25-35<\/td>\n<\/tr>\n<\/tbody>\n<\/table>\n<p><span style=\"font-family: 'book antiqua', palatino, serif\">Isolation thermique dans la construction et l'industrie<\/span><\/p>\n<p><span style=\"font-family: 'book antiqua', palatino, serif\"><strong>Note :<\/strong><\/span><\/p>\n<p><span style=\"font-family: 'book antiqua', palatino, serif\">1, \u00e9viter l'exposition au soleil et garder loin du feu;<\/span><br \/>\n<span style=\"font-family: 'book antiqua', palatino, serif\">2, la temp\u00e9rature de stockage devrait \u00eatre inf\u00e9rieure \u00e0 25 degr\u00e9s Celsius;<\/span><br \/>\n<span style=\"font-family: 'book antiqua', palatino, serif\">3, ne doit pas \u00eatre utilis\u00e9 pour les produits de densit\u00e9 inf\u00e9rieure;<\/span><br \/>\n<span style=\"font-family: 'book antiqua', palatino, serif\">4, le temps de durcissement apr\u00e8s la mousse est g\u00e9n\u00e9ralement 4-8 heures;<\/span><br \/>\n<span style=\"font-family: 'book antiqua', palatino, serif\">5, La d\u00e9termination des param\u00e8tres de pression de moulage doit \u00eatre ajust\u00e9e en fonction de l'apparence et des propri\u00e9t\u00e9s de liaison interne du produit;<\/span><\/p>","protected":false},"excerpt":{"rendered":"<p>Low thermal conductivity carbon polystyrene FGE material (suspension method) is suitable for thermal insulation in construction and industry. When the polymer is synthesized by suspension polymerization, the functional low thermal conductivity carbon black is added to make the polystyrene polymer have functional properties. Product introduction\u00a0\u00a0 Low thermal conductivity carbon polystyrene FGE material (suspension method) is [&hellip;]<\/p>\n","protected":false},"featured_media":4806,"comment_status":"closed","ping_status":"closed","template":"","meta":[],"product_brand":[],"product_cat":[59],"product_tag":[],"class_list":{"0":"post-4257","1":"product","2":"type-product","3":"status-publish","4":"has-post-thumbnail","6":"product_cat-carbon-black-grade","8":"first","9":"instock","10":"shipping-taxable","11":"product-type-simple"},"_links":{"self":[{"href":"https:\/\/www.r-eps.com\/fr\/wp-json\/wp\/v2\/product\/4257","targetHints":{"allow":["GET"]}}],"collection":[{"href":"https:\/\/www.r-eps.com\/fr\/wp-json\/wp\/v2\/product"}],"about":[{"href":"https:\/\/www.r-eps.com\/fr\/wp-json\/wp\/v2\/types\/product"}],"replies":[{"embeddable":true,"href":"https:\/\/www.r-eps.com\/fr\/wp-json\/wp\/v2\/comments?post=4257"}],"wp:featuredmedia":[{"embeddable":true,"href":"https:\/\/www.r-eps.com\/fr\/wp-json\/wp\/v2\/media\/4806"}],"wp:attachment":[{"href":"https:\/\/www.r-eps.com\/fr\/wp-json\/wp\/v2\/media?parent=4257"}],"wp:term":[{"taxonomy":"product_brand","embeddable":true,"href":"https:\/\/www.r-eps.com\/fr\/wp-json\/wp\/v2\/product_brand?post=4257"},{"taxonomy":"product_cat","embeddable":true,"href":"https:\/\/www.r-eps.com\/fr\/wp-json\/wp\/v2\/product_cat?post=4257"},{"taxonomy":"product_tag","embeddable":true,"href":"https:\/\/www.r-eps.com\/fr\/wp-json\/wp\/v2\/product_tag?post=4257"}],"curies":[{"name":"WP","href":"https:\/\/api.w.org\/{rel}","templated":true}]}}