{"id":4255,"date":"2025-07-18T13:00:53","date_gmt":"2025-07-18T05:00:53","guid":{"rendered":"http:\/\/www.r-eps.com\/?post_type=product&#038;p=4255"},"modified":"2025-09-26T16:40:12","modified_gmt":"2025-09-26T08:40:12","slug":"graphite-flame-retardant-grade-fgh-n-hbcd","status":"publish","type":"product","link":"https:\/\/www.r-eps.com\/fr\/environmental-protection-grade\/graphite-flame-retardant-grade-fgh-n-hbcd\/","title":{"rendered":"Graphite Grade retardant de flamme &#8211; FGH-N-HBCD"},"content":{"rendered":"<p><span style=\"font-family: 'book antiqua', palatino, serif\">Utiliser des retardants de flamme non HBCD, en conformit\u00e9 avec les normes REACH, ROHS de l'UE; Lorsque le polym\u00e8re est synth\u00e9tis\u00e9 par polym\u00e9risation en suspension, le mat\u00e9riau fonctionnel graphite ou noir de carbone est ajout\u00e9 pour donner au polym\u00e8re de polystyr\u00e8ne des propri\u00e9t\u00e9s fonctionnelles. Perles uniformes, vitesse de mousse rapide;<\/span><\/p>\n<p><span style=\"font-size: 14pt\"><strong>Caract\u00e9ristiques du produit\u00a0<\/strong>\u00a0<\/span><br \/>\n<span style=\"font-family: 'book antiqua', palatino, serif\">1, l'utilisation d'un retardant de flamme non HBCD, conform\u00e9ment aux normes REACH de l'UE, ROHS;<\/span><br \/>\n<span style=\"font-family: 'book antiqua', palatino, serif\">2, l'utilisation du proc\u00e9d\u00e9 de polym\u00e9risation en suspension pour la synth\u00e8se de polym\u00e8res en ajoutant des mat\u00e9riaux fonctionnels graphite ou noir de carbone, de sorte que le polym\u00e8re de polystyr\u00e8ne pr\u00e9sente des propri\u00e9t\u00e9s fonctionnelles;<\/span><br \/>\n<span style=\"font-family: 'book antiqua', palatino, serif\">3, perles uniformes, vitesse de mousse rapide;<\/span><br \/>\n<span style=\"font-family: 'book antiqua', palatino, serif\">4, bonne performance retardante de flamme, jusqu'au niveau B1;<\/span><br \/>\n<span style=\"font-family: 'book antiqua', palatino, serif\">5, la bulle est fine et uniforme, l'apparence du produit est bonne;<\/span><br \/>\n<span style=\"font-family: 'book antiqua', palatino, serif\">6, bonne adh\u00e9sion, bonne r\u00e9sistance, duret\u00e9 \u00e9lev\u00e9e;<\/span><br \/>\n<span style=\"font-family: 'book antiqua', palatino, serif\">7, la stabilit\u00e9 de la taille du produit est bonne;<\/span><br \/>\n<span style=\"font-family: 'book antiqua', palatino, serif\">8, adapt\u00e9 \u00e0 une vari\u00e9t\u00e9 d'\u00e9quipements de traitement EPS.<\/span><\/p>\n<table style=\"width: 97.035%;height: 260px\">\n<tbody>\n<tr style=\"height: 52px\">\n<td style=\"width: 25.1248%;height: 52px;text-align: center\" width=\"142\"><\/td>\n<td style=\"width: 24.2928%;height: 52px;text-align: center\" width=\"142\">Sp\u00e9cification<\/td>\n<td style=\"width: 24.2928%;height: 52px;text-align: center\" width=\"142\">Taille des particules<\/td>\n<td style=\"width: 135.108%;height: 52px;text-align: center\" width=\"142\">Premier rapport d'expansion<\/td>\n<\/tr>\n<tr style=\"height: 52px\">\n<td style=\"width: 25.1248%;height: 208px;text-align: center\" rowspan=\"4\" width=\"142\">Mat\u00e9riel FGH-N-HBCD<\/td>\n<td style=\"width: 24.2928%;height: 52px;text-align: center\" width=\"142\">FGE-101<\/td>\n<td style=\"width: 24.2928%;height: 52px;text-align: center\" width=\"142\">1.30-1.60<\/td>\n<td style=\"width: 135.108%;height: 52px;text-align: center\" width=\"142\">40-60<\/td>\n<\/tr>\n<tr style=\"height: 52px\">\n<td style=\"width: 24.2928%;height: 52px;text-align: center\" width=\"142\">FGE-201<\/td>\n<td style=\"width: 24.2928%;height: 52px;text-align: center\" width=\"142\">1.00-1.40<\/td>\n<td style=\"width: 135.108%;height: 52px;text-align: center\" width=\"142\">40-55<\/td>\n<\/tr>\n<tr style=\"height: 52px\">\n<td style=\"width: 24.2928%;height: 52px;text-align: center\" width=\"142\">FGE-301<\/td>\n<td style=\"width: 24.2928%;height: 52px;text-align: center\" width=\"142\">0.75-1.10<\/td>\n<td style=\"width: 135.108%;height: 52px;text-align: center\" width=\"142\">35-55<\/td>\n<\/tr>\n<tr style=\"height: 52px\">\n<td style=\"width: 24.2928%;height: 52px;text-align: center\" width=\"142\">FGE-401<\/td>\n<td style=\"width: 24.2928%;height: 52px;text-align: center\" width=\"142\">0.50-0.80<\/td>\n<td style=\"width: 135.108%;height: 52px;text-align: center\" width=\"142\">25-35<\/td>\n<\/tr>\n<\/tbody>\n<\/table>\n<p><span style=\"font-family: 'book antiqua', palatino, serif\">Emballage d'instruments de pr\u00e9cision et pi\u00e8ces de structure \u00e9lectrique, mat\u00e9riaux de construction<\/span><\/p>","protected":false},"excerpt":{"rendered":"<p>Use non-HBCD flame retardants, in line with EU REACH, ROHS standards; When the polymer is synthesized by suspension polymerization, the functional material graphite or carbon black is added to make the polystyrene polymer have functional properties. Uniform beads, fast foaming speed; Product characteristics\u00a0\u00a0 1, the use of non-HBCD flame retardant, in line with EU REACH, [&hellip;]<\/p>\n","protected":false},"featured_media":4326,"comment_status":"closed","ping_status":"closed","template":"","meta":[],"product_brand":[],"product_cat":[56],"product_tag":[],"class_list":{"0":"post-4255","1":"product","2":"type-product","3":"status-publish","4":"has-post-thumbnail","6":"product_cat-environmental-protection-grade","8":"first","9":"instock","10":"shipping-taxable","11":"product-type-simple"},"_links":{"self":[{"href":"https:\/\/www.r-eps.com\/fr\/wp-json\/wp\/v2\/product\/4255","targetHints":{"allow":["GET"]}}],"collection":[{"href":"https:\/\/www.r-eps.com\/fr\/wp-json\/wp\/v2\/product"}],"about":[{"href":"https:\/\/www.r-eps.com\/fr\/wp-json\/wp\/v2\/types\/product"}],"replies":[{"embeddable":true,"href":"https:\/\/www.r-eps.com\/fr\/wp-json\/wp\/v2\/comments?post=4255"}],"wp:featuredmedia":[{"embeddable":true,"href":"https:\/\/www.r-eps.com\/fr\/wp-json\/wp\/v2\/media\/4326"}],"wp:attachment":[{"href":"https:\/\/www.r-eps.com\/fr\/wp-json\/wp\/v2\/media?parent=4255"}],"wp:term":[{"taxonomy":"product_brand","embeddable":true,"href":"https:\/\/www.r-eps.com\/fr\/wp-json\/wp\/v2\/product_brand?post=4255"},{"taxonomy":"product_cat","embeddable":true,"href":"https:\/\/www.r-eps.com\/fr\/wp-json\/wp\/v2\/product_cat?post=4255"},{"taxonomy":"product_tag","embeddable":true,"href":"https:\/\/www.r-eps.com\/fr\/wp-json\/wp\/v2\/product_tag?post=4255"}],"curies":[{"name":"WP","href":"https:\/\/api.w.org\/{rel}","templated":true}]}}