{"id":4252,"date":"2025-07-18T12:52:58","date_gmt":"2025-07-18T04:52:58","guid":{"rendered":"http:\/\/www.r-eps.com\/?post_type=product&#038;p=4252"},"modified":"2025-09-26T15:51:05","modified_gmt":"2025-09-26T07:51:05","slug":"special-grade-g","status":"publish","type":"product","link":"https:\/\/www.r-eps.com\/fr\/graphite-grade\/special-grade-g\/","title":{"rendered":"Qualit\u00e9 sp\u00e9ciale (mat\u00e9riau de remplissage) &#8211; G"},"content":{"rendered":"<p><span style=\"font-family: 'book antiqua', palatino, serif;font-size: 14pt\"><strong>Introduction du produit<\/strong><\/span><\/p>\n<p><span style=\"font-family: 'book antiqua', palatino, serif\">Qualit\u00e9 sp\u00e9ciale (mat\u00e9riau de remplissage) -G est con\u00e7u pour r\u00e9pondre aux exigences sp\u00e9cifiques du client. Ce mat\u00e9riau de mousse personnalis\u00e9 est id\u00e9al pour le remplissage en polystyr\u00e8ne expans\u00e9, les charges en mousse de styr\u00e8ne et diverses applications d'emballage en mousse personnalis\u00e9es. Il fonctionne bien pour l'emballage d\u00e9licat, l'artisanat et d'autres utilisations o\u00f9 un mat\u00e9riau de remplissage EPS sur mesure est n\u00e9cessaire.<\/span><\/p>\n<p>&nbsp;<\/p>\n<p><span style=\"font-family: 'book antiqua', palatino, serif;font-size: 14pt\"><strong>Caract\u00e9ristiques du produit<\/strong><\/span><\/p>\n<ul>\n<li><span style=\"font-family: 'book antiqua', palatino, serif\">Qualit\u00e9 sp\u00e9ciale (mat\u00e9riau de remplissage) - G est une solution personnalis\u00e9e pour nos partenaires en fonction de besoins sp\u00e9cifiques, mais il a toujours les m\u00eames caract\u00e9ristiques que d'autres mat\u00e9riaux de remplissage EPS.<\/span><\/li>\n<li><span style=\"font-family: 'book antiqua', palatino, serif\">densit\u00e9 personnalisable &amp; taille: HUASHENG mat\u00e9riau de remplissage en polystyr\u00e8ne expans\u00e9 de grade G peut \u00eatre adapt\u00e9 \u00e0 diff\u00e9rentes exigences, ce qui le rend adapt\u00e9 \u00e0 divers besoins.<\/span><\/li>\n<li><span style=\"font-family: 'book antiqua', palatino, serif\">L\u00e9ger &amp; r\u00e9sistant: le mat\u00e9riau de remplissage EPS de qualit\u00e9 G fournit un amortissement avec un poids l\u00e9ger suppl\u00e9mentaire, id\u00e9al pour l'exp\u00e9dition d'articles d\u00e9licats.<\/span><\/li>\n<li><span style=\"font-family: 'book antiqua', palatino, serif\">Bonne absorption des chocs: HUASHENG G-grade peut fournir d'excellentes performances sur l'absorption des chocs.<\/span><\/li>\n<li><span style=\"font-family: 'book antiqua', palatino, serif\">Facile \u00e0 manipuler et \u00e0 mettre en forme : ce mat\u00e9riau de remplissage peut \u00eatre coup\u00e9, moul\u00e9 ou emball\u00e9 rapidement pour diff\u00e9rentes applications.<\/span><\/li>\n<li><span style=\"font-family: 'book antiqua', palatino, serif\">Stable &amp; qualit\u00e9 constante: maintient sa forme pendant le stockage et l'utilisation, assurant une performance fiable.<\/span><\/li>\n<\/ul>\n<p>&nbsp;<\/p>\n<table style=\"width: 93.6472%;height: 96px\">\n<tbody>\n<tr style=\"height: 24px\">\n<td style=\"width: 24.4592%;text-align: center;height: 24px\" width=\"142\"><\/td>\n<td style=\"width: 24.4592%;text-align: center;height: 24px\" width=\"142\"><span style=\"font-family: 'book antiqua', palatino, serif\">Sp\u00e9cification<\/span><\/td>\n<td style=\"width: 24.4592%;text-align: center;height: 24px\" width=\"142\"><span style=\"font-family: 'book antiqua', palatino, serif\">Taille des particules<\/span><\/td>\n<td style=\"width: 126.274%;text-align: center;height: 24px\" width=\"142\"><span style=\"font-family: 'book antiqua', palatino, serif\">Premier rapport d'expansion<\/span><\/td>\n<\/tr>\n<tr style=\"height: 24px\">\n<td style=\"width: 24.4592%;text-align: center;height: 72px\" rowspan=\"3\" width=\"142\"><span style=\"font-family: 'book antiqua', palatino, serif\">Mat\u00e9riel G<\/span><\/td>\n<td style=\"width: 24.4592%;text-align: center;height: 24px\" width=\"142\"><span style=\"font-family: 'book antiqua', palatino, serif\">201<\/span><\/td>\n<td style=\"width: 24.4592%;text-align: center;height: 24px\" width=\"142\"><span style=\"font-family: 'book antiqua', palatino, serif\">1.4-2.3<\/span><\/td>\n<td style=\"width: 126.274%;text-align: center;height: 24px\" width=\"142\"><span style=\"font-family: 'book antiqua', palatino, serif\">90-110<\/span><\/td>\n<\/tr>\n<tr style=\"height: 24px\">\n<td style=\"width: 24.4592%;text-align: center;height: 24px\" width=\"142\"><span style=\"font-family: 'book antiqua', palatino, serif\">502<\/span><\/td>\n<td style=\"width: 24.4592%;text-align: center;height: 24px\" width=\"142\"><span style=\"font-family: 'book antiqua', palatino, serif\">0.3-0.5<\/span><\/td>\n<td style=\"width: 126.274%;text-align: center;height: 24px\" width=\"142\"><span style=\"font-family: 'book antiqua', palatino, serif\">15-30<\/span><\/td>\n<\/tr>\n<tr style=\"height: 24px\">\n<td style=\"width: 24.4592%;text-align: center;height: 24px\" width=\"142\"><span style=\"font-family: 'book antiqua', palatino, serif\">H<\/span><\/td>\n<td style=\"width: 150.734%;text-align: center;height: 24px\" colspan=\"2\" width=\"284\"><span style=\"font-family: 'book antiqua', palatino, serif\">Grade antistatique, imp\u00e9dance de surface 09-10120<\/span><\/td>\n<\/tr>\n<\/tbody>\n<\/table>\n<p>&nbsp;<\/p>\n<p><span style=\"font-family: 'book antiqua', palatino, serif;font-size: 14pt\"><strong>Avantages du produit<\/strong><\/span><\/p>\n<ul>\n<li><span style=\"font-family: 'book antiqua', palatino, serif\">Versatile : fonctionne pour les objets fragiles, l'artisanat ou simplement pour combler des lacunes.<\/span><\/li>\n<li><span style=\"font-family: 'book antiqua', palatino, serif\">Lumi\u00e8re &amp; pratique: \u00e9conomise de l'espace, facile \u00e0 stocker.<\/span><\/li>\n<li><span style=\"font-family: 'book antiqua', palatino, serif\">\u00c9conomie de co\u00fbts: r\u00e9duit le poids de l'exp\u00e9dition et le brouillage de la manipulation.<\/span><\/li>\n<li><span style=\"font-family: 'book antiqua', palatino, serif\">Stabilit\u00e9 : garde sa forme m\u00eame apr\u00e8s quelques chocs.<\/span><\/li>\n<li><span style=\"font-family: 'book antiqua', palatino, serif\">Facile \u00e0 utiliser: fonctionne avec des machines ou \u00e0 la main. Aucun truc suppl\u00e9mentaire n\u00e9cessaire.<\/span><\/li>\n<\/ul>\n<p>&nbsp;<\/p>\n<p><span style=\"font-family: 'book antiqua', palatino, serif;font-size: 14pt\"><strong>Champs d'application<\/strong><\/span><\/p>\n<ul>\n<li><span style=\"font-family: 'book antiqua', palatino, serif\">Remplissement en polystyr\u00e8ne expans\u00e9: peut \u00eatre utilis\u00e9 pour prot\u00e9ger les produits fragiles et les garder en s\u00e9curit\u00e9 en transit.<\/span><\/li>\n<li><span style=\"font-family: 'book antiqua', palatino, serif\">Remplisseurs de polystyrene pour l'artisanat: Ce mat\u00e9riau de remplissage EPS de qualit\u00e9 G peut \u00eatre coup\u00e9 en diff\u00e9rentes formes. Parfait pour bricolage, projets scolaires ou petites d\u00e9corations.<\/span><\/li>\n<li><span style=\"font-family: 'book antiqua', palatino, serif\">Emballage en mousse personnalis\u00e9: s'adapte \u00e0 diff\u00e9rentes formes ou articles d\u00e9licats, facilitant l'exp\u00e9dition.<\/span><\/li>\n<li><span style=\"font-family: 'book antiqua', palatino, serif\">Hobby et Mousse bricolage: Flexible, l\u00e9ger et facile \u00e0 manipuler.<\/span><\/li>\n<\/ul>","protected":false},"excerpt":{"rendered":"<p>Qualit\u00e9 sp\u00e9ciale (mat\u00e9riau de remplissage) - G est sp\u00e9cialement fabriqu\u00e9 pour r\u00e9pondre aux exigences sp\u00e9cifiques du client. Ce remplissage en polystyr\u00e8ne expans\u00e9 offre un excellent amortissement et une protection l\u00e9g\u00e8re, ce qui le rend parfait comme mat\u00e9riau de remplissage en EPS ou de remplissage en mousse de styr\u00e8ne pour les articles d\u00e9licats. Sa taille de perle constante et sa bonne fluidit\u00e9 le rendent id\u00e9al pour l'emballage en mousse de styr\u00e8ne personnalis\u00e9 ou un autre mat\u00e9riau d'emballage en mousse personnalis\u00e9.<\/p>\n<p><strong>Caract\u00e9ristiques du produit:<\/strong><\/p>\n<ul>\n<li>L\u00e9ger et facile \u00e0 manipuler<\/li>\n<li>Taille de perle uniforme pour un amortissement uniforme<\/li>\n<li>Bonne fluidit\u00e9 pour un remplissage facile<\/li>\n<li>Convient pour l'emballage en mousse personnalis\u00e9 et le mat\u00e9riau de remplissage EPS<\/li>\n<li>Fournit une protection fiable pour les objets d\u00e9licats<\/li>\n<\/ul>","protected":false},"featured_media":4811,"comment_status":"closed","ping_status":"closed","template":"","meta":[],"product_brand":[],"product_cat":[52],"product_tag":[62],"class_list":{"0":"post-4252","1":"product","2":"type-product","3":"status-publish","4":"has-post-thumbnail","6":"product_cat-graphite-grade","7":"product_tag-huasheng-eps-filling-material-is-a-kind-of-custom-eps-foam-that-provides-outstanding-performance-suitable-for-styrofoam-fillers-or-other-filling-applications","9":"first","10":"instock","11":"shipping-taxable","12":"product-type-simple"},"_links":{"self":[{"href":"https:\/\/www.r-eps.com\/fr\/wp-json\/wp\/v2\/product\/4252","targetHints":{"allow":["GET"]}}],"collection":[{"href":"https:\/\/www.r-eps.com\/fr\/wp-json\/wp\/v2\/product"}],"about":[{"href":"https:\/\/www.r-eps.com\/fr\/wp-json\/wp\/v2\/types\/product"}],"replies":[{"embeddable":true,"href":"https:\/\/www.r-eps.com\/fr\/wp-json\/wp\/v2\/comments?post=4252"}],"wp:featuredmedia":[{"embeddable":true,"href":"https:\/\/www.r-eps.com\/fr\/wp-json\/wp\/v2\/media\/4811"}],"wp:attachment":[{"href":"https:\/\/www.r-eps.com\/fr\/wp-json\/wp\/v2\/media?parent=4252"}],"wp:term":[{"taxonomy":"product_brand","embeddable":true,"href":"https:\/\/www.r-eps.com\/fr\/wp-json\/wp\/v2\/product_brand?post=4252"},{"taxonomy":"product_cat","embeddable":true,"href":"https:\/\/www.r-eps.com\/fr\/wp-json\/wp\/v2\/product_cat?post=4252"},{"taxonomy":"product_tag","embeddable":true,"href":"https:\/\/www.r-eps.com\/fr\/wp-json\/wp\/v2\/product_tag?post=4252"}],"curies":[{"name":"WP","href":"https:\/\/api.w.org\/{rel}","templated":true}]}}