{"id":4244,"date":"2025-07-18T12:14:22","date_gmt":"2025-07-18T04:14:22","guid":{"rendered":"http:\/\/www.r-eps.com\/?post_type=product&#038;p=4244"},"modified":"2025-09-26T16:05:07","modified_gmt":"2025-09-26T08:05:07","slug":"graphite-polystyrene-suspension-method-fge","status":"publish","type":"product","link":"https:\/\/www.r-eps.com\/fr\/flame-retardant-grade\/graphite-polystyrene-suspension-method-fge\/","title":{"rendered":"Graphite polystyr\u00e8ne (m\u00e9thode de suspension) &#8211; FGE"},"content":{"rendered":"<p>Le polystyr\u00e8ne graphite FGE (m\u00e9thode de suspension) convient \u00e0 l'isolation thermique dans la construction et l'industrie. Lorsque le polym\u00e8re a \u00e9t\u00e9 synth\u00e9tis\u00e9 par polym\u00e9risation en suspension, le mat\u00e9riau fonctionnel graphite a \u00e9t\u00e9 ajout\u00e9 pour donner au polym\u00e8re de polystyr\u00e8ne des propri\u00e9t\u00e9s fonctionnelles.<\/p>\n<p>Introduction du produit<br \/>\nLe polystyr\u00e8ne FGE-Graphite (m\u00e9thode de suspension) convient \u00e0 l'isolation thermique dans la construction et l'industrie.<\/p>\n<p>Caract\u00e9ristiques du produit<br \/>\n1, le graphite fonctionnel est ajout\u00e9 lorsque le polym\u00e8re est synth\u00e9tis\u00e9 par proc\u00e9d\u00e9 de polym\u00e9risation en suspension, de sorte que le polym\u00e8re de polystyr\u00e8ne a des propri\u00e9t\u00e9s fonctionnelles;<\/p>\n<p>2, r\u00e9duire la conductivit\u00e9 thermique de la carte d'isolation en polystyr\u00e8ne, am\u00e9liorer l'isolation thermique et les performances d'isolation acoustique du mat\u00e9riau;<\/p>\n<p>3, avec d'excellentes performances antistatiques;<\/p>\n<p>4, adapt\u00e9 aux produits de haute densit\u00e9 (18KG \/ m\u00b3 ou plus);<\/p>\n<p>5, uniforme de couleur du produit, stable;<\/p>\n<p>6, les produits peuvent atteindre le niveau B1.<\/p>\n<table style=\"width: 97.5148%;height: 119px\">\n<tbody>\n<tr style=\"height: 24px\">\n<td style=\"width: 24.4592%;text-align: center;height: 24px\" width=\"142\"><\/td>\n<td style=\"width: 24.4592%;text-align: center;height: 24px\" width=\"142\">Sp\u00e9cification<\/td>\n<td style=\"width: 24.4592%;text-align: center;height: 24px\" width=\"142\">Taille des particules<\/td>\n<td style=\"width: 134.609%;text-align: center;height: 24px\" width=\"142\">Premier rapport d'expansion<\/td>\n<\/tr>\n<tr style=\"height: 24px\">\n<td style=\"width: 24.4592%;text-align: center;height: 95px\" rowspan=\"4\" width=\"142\">Mat\u00e9riel FGE<\/td>\n<td style=\"width: 24.4592%;text-align: center;height: 24px\" width=\"142\">FGE-101<\/td>\n<td style=\"width: 24.4592%;text-align: center;height: 24px\" width=\"142\">1.30-1.60<\/td>\n<td style=\"width: 134.609%;text-align: center;height: 24px\" width=\"142\">40-60<\/td>\n<\/tr>\n<tr style=\"height: 23px\">\n<td style=\"width: 24.4592%;text-align: center;height: 23px\" width=\"142\">FGE-201<\/td>\n<td style=\"width: 24.4592%;text-align: center;height: 23px\" width=\"142\">1.00-1.40<\/td>\n<td style=\"width: 134.609%;text-align: center;height: 23px\" width=\"142\">40-55<\/td>\n<\/tr>\n<tr style=\"height: 24px\">\n<td style=\"width: 24.4592%;text-align: center;height: 24px\" width=\"142\">FGE-301<\/td>\n<td style=\"width: 24.4592%;text-align: center;height: 24px\" width=\"142\">0.75-1.10<\/td>\n<td style=\"width: 134.609%;text-align: center;height: 24px\" width=\"142\">35-55<\/td>\n<\/tr>\n<tr style=\"height: 24px\">\n<td style=\"width: 24.4592%;text-align: center;height: 24px\" width=\"142\">FGE-401<\/td>\n<td style=\"width: 24.4592%;text-align: center;height: 24px\" width=\"142\">0.50-0.80<\/td>\n<td style=\"width: 134.609%;text-align: center;height: 24px\" width=\"142\">25-35<\/td>\n<\/tr>\n<\/tbody>\n<\/table>\n<p>Isolation thermique dans la construction et l'industrie<\/p>\n<p>Note :<\/p>\n<ol>\n<li>\u00c9vitez l'exposition au soleil et \u00e9vitez le feu;<br \/>\n2. La temp\u00e9rature de stockage devrait \u00eatre inf\u00e9rieure \u00e0 25 degr\u00e9s Celsius;<br \/>\n3. Ne doit pas \u00eatre utilis\u00e9 dans des produits de densit\u00e9 inf\u00e9rieure;<br \/>\n4. Le temps de durcissement apr\u00e8s la mousse est habituellement 4-8 heures;<br \/>\n5. La d\u00e9termination des param\u00e8tres de pression de moulage doit \u00eatre ajust\u00e9e en fonction de l'apparence et des propri\u00e9t\u00e9s de collage interne du produit;<br \/>\n6. Produits pour \u00e9viter la lumi\u00e8re solaire directe.<\/li>\n<\/ol>","protected":false},"excerpt":{"rendered":"<p>FGE- Graphite polystyrene (suspension method) is suitable for thermal insulation in construction and industry. When the polymer was synthesized by suspension polymerization, the functional material graphite was added to make the polystyrene polymer have functional properties. Product introduction FGE-Graphite polystyrene (suspension method) is suitable for thermal insulation in construction and industry. Product characteristics 1,The functional [&hellip;]<\/p>\n","protected":false},"featured_media":4364,"comment_status":"closed","ping_status":"closed","template":"","meta":[],"product_brand":[],"product_cat":[46],"product_tag":[],"class_list":{"0":"post-4244","1":"product","2":"type-product","3":"status-publish","4":"has-post-thumbnail","6":"product_cat-flame-retardant-grade","8":"first","9":"instock","10":"shipping-taxable","11":"product-type-simple"},"_links":{"self":[{"href":"https:\/\/www.r-eps.com\/fr\/wp-json\/wp\/v2\/product\/4244","targetHints":{"allow":["GET"]}}],"collection":[{"href":"https:\/\/www.r-eps.com\/fr\/wp-json\/wp\/v2\/product"}],"about":[{"href":"https:\/\/www.r-eps.com\/fr\/wp-json\/wp\/v2\/types\/product"}],"replies":[{"embeddable":true,"href":"https:\/\/www.r-eps.com\/fr\/wp-json\/wp\/v2\/comments?post=4244"}],"wp:featuredmedia":[{"embeddable":true,"href":"https:\/\/www.r-eps.com\/fr\/wp-json\/wp\/v2\/media\/4364"}],"wp:attachment":[{"href":"https:\/\/www.r-eps.com\/fr\/wp-json\/wp\/v2\/media?parent=4244"}],"wp:term":[{"taxonomy":"product_brand","embeddable":true,"href":"https:\/\/www.r-eps.com\/fr\/wp-json\/wp\/v2\/product_brand?post=4244"},{"taxonomy":"product_cat","embeddable":true,"href":"https:\/\/www.r-eps.com\/fr\/wp-json\/wp\/v2\/product_cat?post=4244"},{"taxonomy":"product_tag","embeddable":true,"href":"https:\/\/www.r-eps.com\/fr\/wp-json\/wp\/v2\/product_tag?post=4244"}],"curies":[{"name":"WP","href":"https:\/\/api.w.org\/{rel}","templated":true}]}}