{"id":4243,"date":"2025-07-18T12:09:46","date_gmt":"2025-07-18T04:09:46","guid":{"rendered":"http:\/\/www.r-eps.com\/?post_type=product&#038;p=4243"},"modified":"2025-09-26T16:12:13","modified_gmt":"2025-09-26T08:12:13","slug":"european-standard-flame-retardant-grade-fsh","status":"publish","type":"product","link":"https:\/\/www.r-eps.com\/fr\/flame-retardant-grade\/european-standard-flame-retardant-grade-fsh\/","title":{"rendered":"Grade retardant de flamme standard europ\u00e9en -FSH"},"content":{"rendered":"<p>La qualit\u00e9 retardante de flamme standard FSH-europ\u00e9enne convient \u00e0 l'isolation thermique dans la construction et l'industrie, l'isolation thermique de pi\u00e8ce passive. Moussage uniforme, durcissement rapide; Rendement mat\u00e9riel plus \u00e9lev\u00e9 que le grade B1 traditionnel; La r\u00e9sistance \u00e0 la compression est plus de 20% sup\u00e9rieure \u00e0 d'autres grades;<\/p>\n<p>Introduction du produit<br \/>\nLa qualit\u00e9 retardante de flamme standard FSH-europ\u00e9enne convient \u00e0 l'isolation thermique dans la construction et l'industrie, l'isolation thermique de pi\u00e8ce passive.<\/p>\n<p>Caract\u00e9ristiques du produit<br \/>\n1, mousse uniforme, durcissement rapide;<br \/>\n2, plus \u00e9lev\u00e9 que le taux de production de mat\u00e9riau B1 traditionnel;<br \/>\n3, la r\u00e9sistance \u00e0 la compression est plus de 20% sup\u00e9rieure \u00e0 d'autres grades;<br \/>\n4, la formation de la p\u00e9n\u00e9tration de vapeur est bonne, la fusion du produit est meilleure;<br \/>\n5. Il faut moins de temps pour atteindre des performances de combustion B1 que FS;<br \/>\n6, faible consommation d'\u00e9nergie de traitement, efficacit\u00e9 de production \u00e9lev\u00e9e, en particulier dans la machine \u00e0 plaques ordinaire.<\/p>\n<table style=\"width: 94.4264%\">\n<tbody>\n<tr>\n<td style=\"width: 24.4592%;text-align: center\" width=\"142\"><\/td>\n<td style=\"width: 24.4592%;text-align: center\" width=\"142\">Sp\u00e9cification<\/td>\n<td style=\"width: 24.4592%;text-align: center\" width=\"142\">Taille des particules<\/td>\n<td style=\"width: 127.953%;text-align: center\" width=\"142\">Premier rapport d'expansion<\/td>\n<\/tr>\n<tr>\n<td style=\"width: 24.4592%;text-align: center\" rowspan=\"5\" width=\"142\">Mat\u00e9riel FSH<\/td>\n<td style=\"width: 24.4592%;text-align: center\" width=\"142\">FSH-101<\/td>\n<td style=\"width: 24.4592%;text-align: center\" width=\"142\">1.30-1.60<\/td>\n<td style=\"width: 127.953%;text-align: center\" width=\"142\">20-40<\/td>\n<\/tr>\n<tr>\n<td style=\"width: 24.4592%;text-align: center\" width=\"142\">FSH-201<\/td>\n<td style=\"width: 24.4592%;text-align: center\" width=\"142\">1.00-1.40<\/td>\n<td style=\"width: 127.953%;text-align: center\" width=\"142\">20-40<\/td>\n<\/tr>\n<tr>\n<td style=\"width: 24.4592%;text-align: center\" width=\"142\">FSH-301<\/td>\n<td style=\"width: 24.4592%;text-align: center\" width=\"142\">0.75-1.10<\/td>\n<td style=\"width: 127.953%;text-align: center\" width=\"142\">20-40<\/td>\n<\/tr>\n<tr>\n<td style=\"width: 24.4592%;text-align: center\" width=\"142\">FSH-401<\/td>\n<td style=\"width: 24.4592%;text-align: center\" width=\"142\">0.50-0.80<\/td>\n<td style=\"width: 127.953%;text-align: center\" width=\"142\">25-45<\/td>\n<\/tr>\n<tr>\n<td style=\"width: 24.4592%;text-align: center\" width=\"142\">FSH-501<\/td>\n<td style=\"width: 24.4592%;text-align: center\" width=\"142\">0.30-0.55<\/td>\n<td style=\"width: 127.953%;text-align: center\" width=\"142\">35-50<\/td>\n<\/tr>\n<\/tbody>\n<\/table>\n<p>isolation hermale dans la construction et l'industrie Isolation de pi\u00e8ce passive<\/p>","protected":false},"excerpt":{"rendered":"<p>FSH-european standard flame retardant grade is suitable for thermal insulation in construction and industry, passive room thermal insulation. Uniform foaming, curing fast; Higher material yield than the traditional B1 grade; The compressive strength is more than 20% higher than other grades; Product introduction FSH-european standard flame retardant grade is suitable for thermal insulation in construction [&hellip;]<\/p>\n","protected":false},"featured_media":4795,"comment_status":"closed","ping_status":"closed","template":"","meta":[],"product_brand":[],"product_cat":[46],"product_tag":[],"class_list":{"0":"post-4243","1":"product","2":"type-product","3":"status-publish","4":"has-post-thumbnail","6":"product_cat-flame-retardant-grade","8":"first","9":"instock","10":"shipping-taxable","11":"product-type-simple"},"_links":{"self":[{"href":"https:\/\/www.r-eps.com\/fr\/wp-json\/wp\/v2\/product\/4243","targetHints":{"allow":["GET"]}}],"collection":[{"href":"https:\/\/www.r-eps.com\/fr\/wp-json\/wp\/v2\/product"}],"about":[{"href":"https:\/\/www.r-eps.com\/fr\/wp-json\/wp\/v2\/types\/product"}],"replies":[{"embeddable":true,"href":"https:\/\/www.r-eps.com\/fr\/wp-json\/wp\/v2\/comments?post=4243"}],"wp:featuredmedia":[{"embeddable":true,"href":"https:\/\/www.r-eps.com\/fr\/wp-json\/wp\/v2\/media\/4795"}],"wp:attachment":[{"href":"https:\/\/www.r-eps.com\/fr\/wp-json\/wp\/v2\/media?parent=4243"}],"wp:term":[{"taxonomy":"product_brand","embeddable":true,"href":"https:\/\/www.r-eps.com\/fr\/wp-json\/wp\/v2\/product_brand?post=4243"},{"taxonomy":"product_cat","embeddable":true,"href":"https:\/\/www.r-eps.com\/fr\/wp-json\/wp\/v2\/product_cat?post=4243"},{"taxonomy":"product_tag","embeddable":true,"href":"https:\/\/www.r-eps.com\/fr\/wp-json\/wp\/v2\/product_tag?post=4243"}],"curies":[{"name":"WP","href":"https:\/\/api.w.org\/{rel}","templated":true}]}}