{"id":4242,"date":"2025-07-18T12:06:36","date_gmt":"2025-07-18T04:06:36","guid":{"rendered":"http:\/\/www.r-eps.com\/?post_type=product&#038;p=4242"},"modified":"2025-09-26T16:13:20","modified_gmt":"2025-09-26T08:13:20","slug":"flame-retardant-grade-fs","status":"publish","type":"product","link":"https:\/\/www.r-eps.com\/fr\/flame-retardant-grade\/flame-retardant-grade-fs\/","title":{"rendered":"Grade retardant de flamme &#8211; FS"},"content":{"rendered":"<p>Le produit a une haute r\u00e9sistance et une taille stable; En utilisant des retardants \u00e0 la flamme compos\u00e9s, la retardance \u00e0 la flamme des produits peut rapidement atteindre le niveau B1; Le temps de durcissement court et le moulage rapide peuvent am\u00e9liorer l'efficacit\u00e9 de la production et r\u00e9duire les co\u00fbts de production.<\/p>\n<p>Caract\u00e9ristiques du produit<br \/>\n1, haute r\u00e9sistance et taille stable des produits;<br \/>\n2, l'utilisation d'un retardant de flamme composite, la performance retardante de flamme du produit peut rapidement atteindre le niveau B1;<br \/>\n3. court temps de durcissement apr\u00e8s pr\u00e9-lib\u00e9ration, moulage rapide, am\u00e9liorer l'efficacit\u00e9 de la production et r\u00e9duire les co\u00fbts de production;<br \/>\n4, la densit\u00e9 de fum\u00e9e est faible, la valeur de l'indice d'oxyg\u00e8ne est plus \u00e9lev\u00e9e, r\u00e9pond rapidement aux exigences de construction, am\u00e9liore le niveau de protection contre l'incendie du b\u00e2timent.<\/p>\n<table style=\"width: 98.165%\">\n<tbody>\n<tr>\n<td style=\"width: 24.4592%;text-align: center\" width=\"142\"><\/td>\n<td style=\"width: 24.4592%;text-align: center\" width=\"142\">Sp\u00e9cification<\/td>\n<td style=\"width: 24.4592%;text-align: center\" width=\"142\">Taille des particules<\/td>\n<td style=\"width: 136.01%;text-align: center\" width=\"142\">Premier rapport d'expansion<\/td>\n<\/tr>\n<tr>\n<td style=\"width: 24.4592%;text-align: center\" rowspan=\"5\" width=\"142\">Mat\u00e9riel FS<\/td>\n<td style=\"width: 24.4592%;text-align: center\" width=\"142\">FS-101<\/td>\n<td style=\"width: 24.4592%;text-align: center\" width=\"142\">1.30-1.60<\/td>\n<td style=\"width: 136.01%;text-align: center\" width=\"142\">50-70<\/td>\n<\/tr>\n<tr>\n<td style=\"width: 24.4592%;text-align: center\" width=\"142\">FS-201<\/td>\n<td style=\"width: 24.4592%;text-align: center\" width=\"142\">1.00-1.40<\/td>\n<td style=\"width: 136.01%;text-align: center\" width=\"142\">45-65<\/td>\n<\/tr>\n<tr>\n<td style=\"width: 24.4592%;text-align: center\" width=\"142\">FS-301<\/td>\n<td style=\"width: 24.4592%;text-align: center\" width=\"142\">0.75-1.10<\/td>\n<td style=\"width: 136.01%;text-align: center\" width=\"142\">40-55<\/td>\n<\/tr>\n<tr>\n<td style=\"width: 24.4592%;text-align: center\" width=\"142\">FS-401<\/td>\n<td style=\"width: 24.4592%;text-align: center\" width=\"142\">0.50-0.80<\/td>\n<td style=\"width: 136.01%;text-align: center\" width=\"142\">35-45<\/td>\n<\/tr>\n<tr>\n<td style=\"width: 24.4592%;text-align: center\" width=\"142\">FS-501<\/td>\n<td style=\"width: 24.4592%;text-align: center\" width=\"142\">0.30-0.55<\/td>\n<td style=\"width: 136.01%;text-align: center\" width=\"142\">25-35<\/td>\n<\/tr>\n<\/tbody>\n<\/table>\n<p>Utilis\u00e9 dans le domaine de la construction avec un indice d'oxyg\u00e8ne sup\u00e9rieur \u00e0 32, emballage d'instruments de pr\u00e9cision<\/p>","protected":false},"excerpt":{"rendered":"<p>The product has high strength and stable size; Using compound flame retardants, the flame retardancy of products can quickly reach B1 level; Short curing time and rapid molding can improve production efficiency and reduce production cost. Product characteristics 1, High strength and stable size of products; 2, the use of composite flame retardant, the product [&hellip;]<\/p>\n","protected":false},"featured_media":4791,"comment_status":"closed","ping_status":"closed","template":"","meta":[],"product_brand":[],"product_cat":[46],"product_tag":[],"class_list":{"0":"post-4242","1":"product","2":"type-product","3":"status-publish","4":"has-post-thumbnail","6":"product_cat-flame-retardant-grade","8":"first","9":"instock","10":"shipping-taxable","11":"product-type-simple"},"_links":{"self":[{"href":"https:\/\/www.r-eps.com\/fr\/wp-json\/wp\/v2\/product\/4242","targetHints":{"allow":["GET"]}}],"collection":[{"href":"https:\/\/www.r-eps.com\/fr\/wp-json\/wp\/v2\/product"}],"about":[{"href":"https:\/\/www.r-eps.com\/fr\/wp-json\/wp\/v2\/types\/product"}],"replies":[{"embeddable":true,"href":"https:\/\/www.r-eps.com\/fr\/wp-json\/wp\/v2\/comments?post=4242"}],"wp:featuredmedia":[{"embeddable":true,"href":"https:\/\/www.r-eps.com\/fr\/wp-json\/wp\/v2\/media\/4791"}],"wp:attachment":[{"href":"https:\/\/www.r-eps.com\/fr\/wp-json\/wp\/v2\/media?parent=4242"}],"wp:term":[{"taxonomy":"product_brand","embeddable":true,"href":"https:\/\/www.r-eps.com\/fr\/wp-json\/wp\/v2\/product_brand?post=4242"},{"taxonomy":"product_cat","embeddable":true,"href":"https:\/\/www.r-eps.com\/fr\/wp-json\/wp\/v2\/product_cat?post=4242"},{"taxonomy":"product_tag","embeddable":true,"href":"https:\/\/www.r-eps.com\/fr\/wp-json\/wp\/v2\/product_tag?post=4242"}],"curies":[{"name":"WP","href":"https:\/\/api.w.org\/{rel}","templated":true}]}}