{"id":4240,"date":"2025-07-18T12:04:42","date_gmt":"2025-07-18T04:04:42","guid":{"rendered":"http:\/\/www.r-eps.com\/?post_type=product&#038;p=4240"},"modified":"2025-09-26T16:14:40","modified_gmt":"2025-09-26T08:14:40","slug":"light-flame-retardant-grade-fb","status":"publish","type":"product","link":"https:\/\/www.r-eps.com\/fr\/flame-retardant-grade\/light-flame-retardant-grade-fb\/","title":{"rendered":"Grade-FB retardant de flamme l\u00e9ger"},"content":{"rendered":"<p>Le mat\u00e9riau de qualit\u00e9 retardant de flamme Fb-light peut \u00eatre mouss\u00e9 plusieurs fois, la densit\u00e9 apparente des bulles peut \u00eatre inf\u00e9rieure \u00e0 10KG \/ M\u00b3, pour la production de feuille de faible densit\u00e9. Fb-grade retardant de flamme dans le processus de traitement pour \u00e9viter de m\u00e9langer des substances non retardantes de flamme, en particulier pr\u00eater attention ne doit pas \u00eatre m\u00e9lang\u00e9 avec EPS ordinaire, ces m\u00e9thodes de traitement inappropri\u00e9es r\u00e9duiront les performances retardantes de flamme.<\/p>\n<p>Introduction du produit<br \/>\nLe mat\u00e9riau de qualit\u00e9 retardant de flamme Fb-light peut \u00eatre mouss\u00e9 plusieurs fois, la densit\u00e9 apparente des bulles peut \u00eatre inf\u00e9rieure \u00e0 10KG \/ M\u00b3, pour la production de feuille de faible densit\u00e9.<\/p>\n<p>Fb-grade retardant de flamme dans le processus de traitement pour \u00e9viter de m\u00e9langer des substances non retardantes de flamme, en particulier pr\u00eater attention ne doit pas \u00eatre m\u00e9lang\u00e9 avec EPS ordinaire, ces m\u00e9thodes de traitement inappropri\u00e9es r\u00e9duiront les performances retardantes de flamme. Afin d'obtenir une bonne retardance \u00e0 la flamme, on donne au produit moul\u00e9 un certain temps de vieillissement pour laisser \u00e9chapper l'agent moussant r\u00e9siduel du corps de mousse, et la p\u00e9riode de vieillissement est principalement d\u00e9termin\u00e9e par la teneur en agent moussant, la densit\u00e9 apparente, la taille du produit et d'autres conditions. P\u00e9riode de vieillissement recommand\u00e9e de plus de 2 semaines.<\/p>\n<p>Caract\u00e9ristiques du produit<br \/>\n1, la vitesse de pr\u00e9-livraison est rapide, \u00e9conomisant de l'\u00e9nergie;<br \/>\n2, produits l\u00e9gers et bonnes performances retardantes de flamme;<br \/>\n3. Bonne liaison et t\u00e9nacit\u00e9;<br \/>\n4. taille de particule uniforme des mati\u00e8res premi\u00e8res, bonne fluidit\u00e9 des perles mouss\u00e9es;<br \/>\n5, le trou de bulle de perle est fin et uniforme, l'apparence du produit est lisse et lisse;<br \/>\n6, large gamme de fonctionnement, adapt\u00e9 \u00e0 toutes sortes de machines de fabrication de plaques automatiques et manuelles;<br \/>\n7, il est recommand\u00e9 que FB-301 fasse plus que la plaque 6KG\/M, peut obtenir de bons produits de performance complets.<\/p>\n<table style=\"width: 98.7497%\">\n<tbody>\n<tr>\n<td style=\"width: 24.4592%\" width=\"142\"><\/td>\n<td style=\"width: 24.4592%\" width=\"142\">Sp\u00e9cification<\/td>\n<td style=\"width: 24.4592%\" width=\"142\">Taille des particules<\/td>\n<td style=\"width: 137.271%\" width=\"142\">Premier rapport d'expansion<\/td>\n<\/tr>\n<tr>\n<td style=\"width: 24.4592%\" rowspan=\"5\" width=\"142\">Mat\u00e9riel FB<\/td>\n<td style=\"width: 24.4592%\" width=\"142\">Le FB-101<\/td>\n<td style=\"width: 24.4592%\" width=\"142\">1.30-1.60<\/td>\n<td style=\"width: 137.271%\" width=\"142\">80-110<\/td>\n<\/tr>\n<tr>\n<td style=\"width: 24.4592%\" width=\"142\">FB-201<\/td>\n<td style=\"width: 24.4592%\" width=\"142\">1.00-1.40<\/td>\n<td style=\"width: 137.271%\" width=\"142\">70-100<\/td>\n<\/tr>\n<tr>\n<td style=\"width: 24.4592%\" width=\"142\">FB-301<\/td>\n<td style=\"width: 24.4592%\" width=\"142\">0.75-1.10<\/td>\n<td style=\"width: 137.271%\" width=\"142\">65-100<\/td>\n<\/tr>\n<tr>\n<td style=\"width: 24.4592%\" width=\"142\">Le FB-401<\/td>\n<td style=\"width: 24.4592%\" width=\"142\">0.50-0.80<\/td>\n<td style=\"width: 137.271%\" width=\"142\">45-70<\/td>\n<\/tr>\n<tr>\n<td style=\"width: 24.4592%\" width=\"142\">Le FB-501<\/td>\n<td style=\"width: 24.4592%\" width=\"142\">0.30-0.55<\/td>\n<td style=\"width: 137.271%\" width=\"142\">35-50<\/td>\n<\/tr>\n<\/tbody>\n<\/table>\n<p>Principalement utilis\u00e9 pour la plaque de faible densit\u00e9, petite taille de particules peut \u00e9galement \u00eatre utilis\u00e9 pour l'emballage g\u00e9n\u00e9ral<\/p>","protected":false},"excerpt":{"rendered":"<p>Fb-light flame retardant grade material can be foamed multiple times, the apparent density of bubbles can be less than 10KG\/M\u00b3, for the production of low density sheet. Fb-flame retardant grade in the processing process to avoid mixing non-flame retardant substances, especially pay attention to must not be mixed with ordinary EPS, these improper processing methods [&hellip;]<\/p>\n","protected":false},"featured_media":4321,"comment_status":"closed","ping_status":"closed","template":"","meta":[],"product_brand":[],"product_cat":[46],"product_tag":[],"class_list":{"0":"post-4240","1":"product","2":"type-product","3":"status-publish","4":"has-post-thumbnail","6":"product_cat-flame-retardant-grade","8":"first","9":"instock","10":"shipping-taxable","11":"product-type-simple"},"_links":{"self":[{"href":"https:\/\/www.r-eps.com\/fr\/wp-json\/wp\/v2\/product\/4240","targetHints":{"allow":["GET"]}}],"collection":[{"href":"https:\/\/www.r-eps.com\/fr\/wp-json\/wp\/v2\/product"}],"about":[{"href":"https:\/\/www.r-eps.com\/fr\/wp-json\/wp\/v2\/types\/product"}],"replies":[{"embeddable":true,"href":"https:\/\/www.r-eps.com\/fr\/wp-json\/wp\/v2\/comments?post=4240"}],"wp:featuredmedia":[{"embeddable":true,"href":"https:\/\/www.r-eps.com\/fr\/wp-json\/wp\/v2\/media\/4321"}],"wp:attachment":[{"href":"https:\/\/www.r-eps.com\/fr\/wp-json\/wp\/v2\/media?parent=4240"}],"wp:term":[{"taxonomy":"product_brand","embeddable":true,"href":"https:\/\/www.r-eps.com\/fr\/wp-json\/wp\/v2\/product_brand?post=4240"},{"taxonomy":"product_cat","embeddable":true,"href":"https:\/\/www.r-eps.com\/fr\/wp-json\/wp\/v2\/product_cat?post=4240"},{"taxonomy":"product_tag","embeddable":true,"href":"https:\/\/www.r-eps.com\/fr\/wp-json\/wp\/v2\/product_tag?post=4240"}],"curies":[{"name":"WP","href":"https:\/\/api.w.org\/{rel}","templated":true}]}}