{"id":4239,"date":"2025-07-18T11:55:57","date_gmt":"2025-07-18T03:55:57","guid":{"rendered":"http:\/\/www.r-eps.com\/?post_type=product&#038;p=4239"},"modified":"2025-09-26T16:16:43","modified_gmt":"2025-09-26T08:16:43","slug":"flame-retardant-grade-f","status":"publish","type":"product","link":"https:\/\/www.r-eps.com\/fr\/flame-retardant-grade\/flame-retardant-grade-f\/","title":{"rendered":"Grade retardant de flamme &#8211; F &#8211; Mat\u00e9riel de construction Isolation thermique"},"content":{"rendered":"<p><span style=\"font-family: 'book antiqua', palatino, serif\"><strong><span style=\"font-size: 14pt\">Introduction du produit<\/span><\/strong><\/span><\/p>\n<p><span style=\"font-family: 'book antiqua', palatino, serif\">L'EPS de qualit\u00e9 retardante de flamme F n'est pas juste une autre carte d'isolation. C\u2019est un mat\u00e9riau polystyr\u00e8ne ignifuge qui a pass\u00e9 la certification UL (no E360952). Dans la ligne de production, le m\u00e9lange avec l'EPS ordinaire est un grand inconv\u00e9nient - une fois que vous le faites, la r\u00e9sistance \u00e0 la flamme du mat\u00e9riau d'isolation EPS baissera rapidement. Cette qualit\u00e9 suit GB \/ T10801.1-2002 et GB8624-2012, les deux normes nationales cl\u00e9s pour l'isolation en mousse EPS. Pour obtenir des performances B2 fiables, le mat\u00e9riau a besoin d'un vieillissement appropri\u00e9. Les agents de soufflage r\u00e9siduels doivent s'\u00e9chapper du corps de mousse. C\u2019est le m\u00eame principe que vous ayez affaire \u00e0 l\u2019isolation de perles en polystyr\u00e8ne expans\u00e9, \u00e0 l\u2019isolation murale en EPS ou m\u00eame \u00e0 des blocs en polystyr\u00e8ne plus grands pour la construction.<\/span><\/p>\n<p><span style=\"font-family: 'book antiqua', palatino, serif\">Nombres typiques de la production r\u00e9elle:<\/span><\/p>\n<p><span style=\"font-family: 'book antiqua', palatino, serif\">15 KG\/M\u00b3: 20 mm d'\u00e9paisseur, p\u00e9riode de vieillissement d'au moins une semaine 20 mm d'\u00e9paisseur, p\u00e9riode de vieillissement d'au moins deux semaines<\/span><\/p>\n<p><span style=\"font-family: 'book antiqua', palatino, serif\">30 KG\/M\u00b3: 50 mm d'\u00e9paisseur, au moins deux semaines de vieillissement 50 mm d'\u00e9paisseur, au moins trois semaines de vieillissement<\/span><\/p>\n<p>&nbsp;<\/p>\n<p><span style=\"font-size: 14pt;font-family: 'book antiqua', palatino, serif\"><strong>Caract\u00e9ristiques du produit<\/strong><\/span><\/p>\n<ul>\n<li><span style=\"font-family: 'book antiqua', palatino, serif\">Performance ignifuge forte et fiable, ce qui le rend adapt\u00e9 aux mat\u00e9riaux de construction standard B2.<\/span><\/li>\n<li><span style=\"font-family: 'book antiqua', palatino, serif\">D\u00e9lai de livraison court - la production et la pr\u00e9livraison peuvent \u00eatre trait\u00e9es rapidement sans longs cycles d'attente.<\/span><\/li>\n<li><span style=\"font-family: 'book antiqua', palatino, serif\">Les perles brutes ont une taille de particules uniforme et un flux lisse, de sorte que le processus d'isolation des perles de polystyr\u00e8ne expans\u00e9es fonctionne r\u00e9guli\u00e8rement.<\/span><\/li>\n<li><span style=\"font-family: 'book antiqua', palatino, serif\">Flexible \u00e0 utiliser: fonctionne bien sur les machines de fabrication de plaques enti\u00e8rement automatiques et manuelles.<\/span><\/li>\n<li><span style=\"font-family: 'book antiqua', palatino, serif\">Les perles mouss\u00e9es forment des cellules fines et uniformes, donnant au produit final une surface lisse et uniforme.<\/span><\/li>\n<li><span style=\"font-family: 'book antiqua', palatino, serif\">Excellente stabilit\u00e9 dimensionnelle, adh\u00e9sion forte, plus un \u00e9quilibre entre t\u00e9nacit\u00e9 et r\u00e9sistance.<\/span><\/li>\n<li><span style=\"font-family: 'book antiqua', palatino, serif\">Le taux de mousse recommand\u00e9 est d\u2019environ 35 \u00e0 75 fois, selon les besoins du projet.<\/span><\/li>\n<li><span style=\"font-family: 'book antiqua', palatino, serif\">Bien adapt\u00e9 pour des applications telles que l'isolation en mousse EPS, l'isolation murale en EPS et les blocs en polystyr\u00e8ne pour la construction.<\/span><\/li>\n<\/ul>\n<p>&nbsp;<\/p>\n<table style=\"width: 99.5228%\">\n<tbody>\n<tr>\n<td style=\"width: 24.4592%;text-align: center\" width=\"142\"><\/td>\n<td style=\"width: 24.4592%;text-align: center\" width=\"142\"><strong>Sp\u00e9cification<\/strong><\/td>\n<td style=\"width: 24.4592%;text-align: center\" width=\"142\"><strong>Taille des particules<\/strong><\/td>\n<td style=\"width: 138.935%;text-align: center\" width=\"142\"><strong>Premier rapport d'expansion<\/strong><\/td>\n<\/tr>\n<tr>\n<td style=\"width: 24.4592%;text-align: center\" rowspan=\"4\" width=\"142\">Mat\u00e9riel F<\/td>\n<td style=\"width: 24.4592%;text-align: center\" width=\"142\">301<\/td>\n<td style=\"width: 24.4592%;text-align: center\" width=\"142\">1.0-1.8<\/td>\n<td style=\"width: 138.935%;text-align: center\" width=\"142\">50-70<\/td>\n<\/tr>\n<tr>\n<td style=\"width: 24.4592%;text-align: center\" width=\"142\">302<\/td>\n<td style=\"width: 24.4592%;text-align: center\" width=\"142\">0.8-1.3<\/td>\n<td style=\"width: 138.935%;text-align: center\" width=\"142\">45-65<\/td>\n<\/tr>\n<tr>\n<td style=\"width: 24.4592%;text-align: center\" width=\"142\">303<\/td>\n<td style=\"width: 24.4592%;text-align: center\" width=\"142\">0.6-1.0<\/td>\n<td style=\"width: 138.935%;text-align: center\" width=\"142\">40-60<\/td>\n<\/tr>\n<tr>\n<td style=\"width: 24.4592%;text-align: center\" width=\"142\">401<\/td>\n<td style=\"width: 24.4592%;text-align: center\" width=\"142\">0.3-0.8<\/td>\n<td style=\"width: 138.935%;text-align: center\" width=\"142\">30-50<\/td>\n<\/tr>\n<\/tbody>\n<\/table>\n<p>&nbsp;<\/p>\n<p><strong><span style=\"font-family: 'book antiqua', palatino, serif;font-size: 14pt\">Avantages du produit<\/span><\/strong><\/p>\n<ul>\n<li><span style=\"font-family: 'book antiqua', palatino, serif;font-size: 12pt\">Niveau de s\u00e9curit\u00e9 plus \u00e9lev\u00e9: l'utilisation de polystyr\u00e8ne ignifuge certifi\u00e9 signifie que les murs et les panneaux ne sont pas seulement d'isolation; Ils ajoutent une couche de protection.<\/span><\/li>\n<li><span style=\"font-family: 'book antiqua', palatino, serif;font-size: 12pt\">Conformit\u00e9 aux normes internationales et nationales: Ce mat\u00e9riau d'isolation EPS a pass\u00e9 la certification UL (E360952) et r\u00e9pond aux classifications GB.<\/span><\/li>\n<li><span style=\"font-family: 'book antiqua', palatino, serif;font-size: 12pt\">\u00c9conomie dans la construction: Gr\u00e2ce \u00e0 la structure l\u00e9g\u00e8re et \u00e0 l'isolation efficace en mousse EPS, le transport et la manutention sur place sont plus faciles, \u00e9conomisant \u00e0 la fois main-d'\u0153uvre et \u00e9nergie.<\/span><\/li>\n<li><span style=\"font-family: 'book antiqua', palatino, serif;font-size: 12pt\">Polyvalence dans l'application: De l'isolation murale en EPS dans un petit bloc de bo\u00eetier aux blocs en polystyr\u00e8ne pour la construction sur un site d'usine, le m\u00eame mat\u00e9riau s'adapte.<\/span><\/li>\n<li><span style=\"font-family: 'book antiqua', palatino, serif;font-size: 12pt\">Performance stable \u00e0 long terme: le mat\u00e9riau de mousse d'isolation EPS conserve sa forme, r\u00e9siste \u00e0 l'humidit\u00e9 et la valeur d'isolation ne diminue pas rapidement. Moins d\u2019entretien, moins de remplacements.<\/span><\/li>\n<li><span style=\"font-family: 'book antiqua', palatino, serif;font-size: 12pt\">Respectueux de l'environnement: Au fil du temps, les \u00e9conomies d'\u00e9nergie s'ajoutent. De plus, par rapport aux mousses r\u00e9guli\u00e8res non retardantes de flamme, il y a moins de d\u00e9chets dans la production.<\/span><\/li>\n<\/ul>\n<p>&nbsp;<\/p>\n<p><strong><span style=\"font-family: 'book antiqua', palatino, serif;font-size: 14pt\">champ d'application<\/span><\/strong><\/p>\n<ul>\n<li><span style=\"font-family: 'book antiqua', palatino, serif\">Isolation murale EPS: largement utilis\u00e9e dans les appartements r\u00e9sidentiels, les b\u00e2timents de bureaux et les complexes commerciaux.<\/span><\/li>\n<li><span style=\"font-family: 'book antiqua', palatino, serif\">Blocs en polystyr\u00e8ne pour la construction: adapt\u00e9s aux structures de grande hauteur, \u00e0 l'isolation des fondations et aux syst\u00e8mes de murs porteurs. <\/span><\/li>\n<li><span style=\"font-family: 'book antiqua', palatino, serif\">Panneaux d'isolation en mousse EPS: appliqu\u00e9s dans les ateliers industriels, entrep\u00f4ts et installations de stockage froid.<\/span><\/li>\n<li><span style=\"font-family: 'book antiqua', palatino, serif\">Isolation du toit et du sol : am\u00e9liore l\u2019efficacit\u00e9 thermique tout en r\u00e9duisant les co\u00fbts \u00e9nerg\u00e9tiques.\u00a0<\/span><\/li>\n<li><span style=\"font-family: 'book antiqua', palatino, serif\">Panneaux sandwich et syst\u00e8mes modulaires: adapt\u00e9s aux bo\u00eetiers pr\u00e9fabriqu\u00e9s et \u00e0 la construction l\u00e9g\u00e8re.<\/span><\/li>\n<\/ul>\n<p><span style=\"font-family: 'book antiqua', palatino, serif\">\u00a0<\/span><\/p>","protected":false},"excerpt":{"rendered":"<p><span style=\"font-size: 12pt\">F-grade retardant de flamme est largement utilis\u00e9 dans l'isolation en mousse EPS et l'isolation murale EPS, offrant \u00e0 la fois l'efficacit\u00e9 thermique et la s\u00e9curit\u00e9 incendie. Fabriqu\u00e9 \u00e0 partir de perles de polystyr\u00e8ne expans\u00e9, le mat\u00e9riau d'isolation EPS de qualit\u00e9 retardante de flamme F maintient les panneaux l\u00e9gers mais durables, contrairement aux panneaux ordinaires qui perdent de la force au fil du temps. HUASHENG ignifuge polystyr\u00e8ne ignifuge grade-F se distingue comme un mat\u00e9riau d'isolation EPS fiable de confiance par les constructeurs.<\/span><\/p>\n<p><span style=\"font-size: 12pt\"><strong>Caract\u00e9ristiques du produit:<\/strong><\/span><\/p>\n<ul>\n<li><span style=\"font-size: 12pt\">Performance retardante de flamme<\/span><\/li>\n<li><span style=\"font-size: 12pt\">Taille de particule uniforme<\/span><\/li>\n<li><span style=\"font-size: 12pt\">L\u00e9ger &amp; Forte<\/span><\/li>\n<li><span style=\"font-size: 12pt\">Isolation thermique<\/span><\/li>\n<\/ul>","protected":false},"featured_media":3339,"comment_status":"closed","ping_status":"closed","template":"","meta":[],"product_brand":[],"product_cat":[46],"product_tag":[],"class_list":{"0":"post-4239","1":"product","2":"type-product","3":"status-publish","4":"has-post-thumbnail","6":"product_cat-flame-retardant-grade","8":"first","9":"instock","10":"shipping-taxable","11":"product-type-simple"},"_links":{"self":[{"href":"https:\/\/www.r-eps.com\/fr\/wp-json\/wp\/v2\/product\/4239","targetHints":{"allow":["GET"]}}],"collection":[{"href":"https:\/\/www.r-eps.com\/fr\/wp-json\/wp\/v2\/product"}],"about":[{"href":"https:\/\/www.r-eps.com\/fr\/wp-json\/wp\/v2\/types\/product"}],"replies":[{"embeddable":true,"href":"https:\/\/www.r-eps.com\/fr\/wp-json\/wp\/v2\/comments?post=4239"}],"wp:featuredmedia":[{"embeddable":true,"href":"https:\/\/www.r-eps.com\/fr\/wp-json\/wp\/v2\/media\/3339"}],"wp:attachment":[{"href":"https:\/\/www.r-eps.com\/fr\/wp-json\/wp\/v2\/media?parent=4239"}],"wp:term":[{"taxonomy":"product_brand","embeddable":true,"href":"https:\/\/www.r-eps.com\/fr\/wp-json\/wp\/v2\/product_brand?post=4239"},{"taxonomy":"product_cat","embeddable":true,"href":"https:\/\/www.r-eps.com\/fr\/wp-json\/wp\/v2\/product_cat?post=4239"},{"taxonomy":"product_tag","embeddable":true,"href":"https:\/\/www.r-eps.com\/fr\/wp-json\/wp\/v2\/product_tag?post=4239"}],"curies":[{"name":"WP","href":"https:\/\/api.w.org\/{rel}","templated":true}]}}