{"id":4234,"date":"2025-07-18T11:37:58","date_gmt":"2025-07-18T03:37:58","guid":{"rendered":"http:\/\/www.r-eps.com\/?post_type=product&#038;p=4234"},"modified":"2025-09-26T16:01:35","modified_gmt":"2025-09-26T08:01:35","slug":"extra-light-grade-p","status":"publish","type":"product","link":"https:\/\/www.r-eps.com\/fr\/common-grade\/extra-light-grade-p\/","title":{"rendered":"Grade extra l\u00e9ger (bo\u00eete d'emballage de lampe en c\u00e9ramique) &#8211; P"},"content":{"rendered":"<p><span style=\"font-family: 'book antiqua', palatino, serif\"><span style=\"font-size: 14pt\"><strong>Introduction du produit<\/strong><\/span><br \/>\n<\/span><\/p>\n<p><span style=\"font-family: 'book antiqua', palatino, serif\">Le mat\u00e9riau d'emballage en polystyr\u00e8ne expans\u00e9 de qualit\u00e9 P est un EPS polyvalent qui fonctionne avec des machines de formage sous vide automatiques, des presses hydrauliques traditionnelles et toutes sortes de grandes machines \u00e0 plaques. Gr\u00e2ce \u00e0 son taux de moussage \u00e9lev\u00e9, un seul moussage donne d\u00e9j\u00e0 des particules de bulles l\u00e9g\u00e8res et air\u00e9es, tandis que plusieurs cycles de moussage produisent une mousse encore plus l\u00e9g\u00e8re - parfaite pour les densit\u00e9s inf\u00e9rieures \u00e0 18 \u202f g\/l mousse unique ou 10 \u202f g\/l mousse multiple. Les bo\u00eetes d'emballage en polystyr\u00e8ne expans\u00e9 de qualit\u00e9 P sont largement utilis\u00e9es dans l'emballage de produits m\u00e9caniques et \u00e9lectriques, l'isolation thermique, les flotteurs de p\u00eache, l'artisanat, les d\u00e9corations, les matrices de coul\u00e9e et d'autres grandes planches l\u00e9g\u00e8res.<\/span><\/p>\n<p>&nbsp;<\/p>\n<p><span style=\"font-size: 14pt\"><strong><span style=\"font-family: 'book antiqua', palatino, serif\">Caract\u00e9ristiques du produit<\/span><\/strong><\/span><\/p>\n<ul>\n<li><span style=\"font-family: 'book antiqua', palatino, serif\">Ultra l\u00e9ger et robuste, l'emballage en mousse de polystyr\u00e8ne expans\u00e9 de grade P de HUASHENG est facile \u00e0 manipuler et \u00e0 transporter.<\/span><\/li>\n<li><span style=\"font-family: 'book antiqua', palatino, serif\">Avec une vitesse de mousse rapide et un taux de mousse \u00e9lev\u00e9, HAUSHENG produit des perles d'emballage en polystyr\u00e8ne uniformes et coh\u00e9rentes.<\/span><\/li>\n<li><span style=\"font-family: 'book antiqua', palatino, serif\">Cycle court de durcissement et de moulage, gagnant du temps dans la production.<\/span><\/li>\n<li><span style=\"font-family: 'book antiqua', palatino, serif\">Bonne fusion et forte adaptabilit\u00e9 pour les panneaux en polystyr\u00e8ne expans\u00e9 ou les produits d'emballage en EPS.<\/span><\/li>\n<li><span style=\"font-family: 'book antiqua', palatino, serif\">Surface lisse et mat\u00e9riau stable, adapt\u00e9 aux objets d\u00e9licats comme les lampes en c\u00e9ramique.<\/span><\/li>\n<\/ul>\n<p>&nbsp;<\/p>\n<table style=\"width: 97.3999%;height: 120px\">\n<tbody>\n<tr style=\"height: 24px\">\n<td style=\"width: 24.4592%;text-align: center;height: 24px\" width=\"142\"><\/td>\n<td style=\"width: 24.4592%;text-align: center;height: 24px\" width=\"142\"><strong>Sp\u00e9cification<\/strong><\/td>\n<td style=\"width: 24.4592%;text-align: center;height: 24px\" width=\"142\"><strong>Taille des particules<\/strong><\/td>\n<td style=\"width: 134.36%;text-align: center;height: 24px\" width=\"142\"><strong>Premier rapport d'expansion<\/strong><\/td>\n<\/tr>\n<tr style=\"height: 24px\">\n<td style=\"width: 24.4592%;text-align: center;height: 96px\" rowspan=\"4\" width=\"142\">Mat\u00e9riel P<\/td>\n<td style=\"width: 24.4592%;text-align: center;height: 24px\" width=\"142\">301<\/td>\n<td style=\"width: 24.4592%;text-align: center;height: 24px\" width=\"142\">1.0-1.8<\/td>\n<td style=\"width: 134.36%;text-align: center;height: 24px\" width=\"142\">80-100<\/td>\n<\/tr>\n<tr style=\"height: 24px\">\n<td style=\"width: 24.4592%;text-align: center;height: 24px\" width=\"142\">302<\/td>\n<td style=\"width: 24.4592%;text-align: center;height: 24px\" width=\"142\">0.8-1.3<\/td>\n<td style=\"width: 134.36%;text-align: center;height: 24px\" width=\"142\">70-90<\/td>\n<\/tr>\n<tr style=\"height: 24px\">\n<td style=\"width: 24.4592%;text-align: center;height: 24px\" width=\"142\">303<\/td>\n<td style=\"width: 24.4592%;text-align: center;height: 24px\" width=\"142\">0.6-1.0<\/td>\n<td style=\"width: 134.36%;text-align: center;height: 24px\" width=\"142\">60-80<\/td>\n<\/tr>\n<tr style=\"height: 24px\">\n<td style=\"width: 24.4592%;text-align: center;height: 24px\" width=\"142\">401<\/td>\n<td style=\"width: 24.4592%;text-align: center;height: 24px\" width=\"142\">0.3-0.8<\/td>\n<td style=\"width: 134.36%;text-align: center;height: 24px\" width=\"142\">55-75<\/td>\n<\/tr>\n<\/tbody>\n<\/table>\n<p>&nbsp;<\/p>\n<p><span style=\"font-size: 14pt;font-family: 'book antiqua', palatino, serif\"><strong>Produit <\/strong><strong>Avantage<\/strong><strong>s<\/strong><\/span><\/p>\n<ul>\n<li><span style=\"font-family: 'book antiqua', palatino, serif\">Protection forte: lampes en c\u00e9ramique et verrerie peuvent prendre une petite bosse ou chute. Le mat\u00e9riau d'emballage en polystyr\u00e8ne expand\u00e9 de grade P est con\u00e7u pour l'emballage de produits fragiles avec une excellente protection.<\/span><\/li>\n<li><span style=\"font-family: 'book antiqua', palatino, serif\">Manipulation ultra-l\u00e9g\u00e8re: les grands panneaux d'emballage en mousse de polystyr\u00e8ne expans\u00e9 sont faciles \u00e0 d\u00e9placer.<\/span><\/li>\n<li><span style=\"font-family: 'book antiqua', palatino, serif\">Utilisation flexible: fonctionne bien comme panneaux en polystyr\u00e8ne expans\u00e9, inserts protecteurs ou grandes cartes d'emballage.<\/span><\/li>\n<li><span style=\"font-family: 'book antiqua', palatino, serif\">Performance durable: M\u00eame apr\u00e8s des semaines sur l'\u00e9tag\u00e8re ou plusieurs courses de pr\u00e9-moussage, le mat\u00e9riau d'emballage en polystyr\u00e8ne expand\u00e9 de qualit\u00e9 P conserve sa forme.<\/span><\/li>\n<li><span style=\"font-family: 'book antiqua', palatino, serif\">Pratique et l\u00e9g\u00e8rement plus \u00e9cologique: utilise moins de mat\u00e9riau que les alternatives de mousse dense, ce qui signifie moins de d\u00e9bris et moins de d\u00e9sordre.<\/span><\/li>\n<\/ul>\n<p>&nbsp;<\/p>\n<p><span style=\"font-family: 'book antiqua', palatino, serif;font-size: 14pt\"><strong>Champs d'application<\/strong><\/span><\/p>\n<ul>\n<li><span style=\"font-family: 'book antiqua', palatino, serif\">Grands panneaux en polystyr\u00e8ne expans\u00e9: utilis\u00e9s dans les panneaux l\u00e9gers, les panneaux d'affichage et les mat\u00e9riaux de s\u00e9paration thermique.<\/span><\/li>\n<li><span style=\"font-family: 'book antiqua', palatino, serif\">Emballage de lampes \u00e9lectriques et c\u00e9ramiques: convient aux machines de formage sous vide automatiques pour cr\u00e9er un emballage protecteur.<\/span><\/li>\n<li><span style=\"font-family: 'book antiqua', palatino, serif\">Produits d'emballage EPS: appliqu\u00e9s dans des inserts de mousse personnalis\u00e9s, des s\u00e9parateurs de protection et des emballages d'affichage au d\u00e9tail.<\/span><\/li>\n<li><span style=\"font-family: 'book antiqua', palatino, serif\">Bo\u00eetes en polystyr\u00e8ne \u00e9largi: largement utilis\u00e9es pour des produits fragiles tels que l'\u00e9lectronique, la verrerie ou les lampes en c\u00e9ramique.<\/span><\/li>\n<\/ul>","protected":false},"excerpt":{"rendered":"<p>La bo\u00eete d'emballage en polystyr\u00e8ne expans\u00e9 de qualit\u00e9 P a \u00e9t\u00e9 fabriqu\u00e9e avec un seul but \u00e0 l'esprit: garder les choses fragiles comme les lampes en c\u00e9ramique en s\u00e9curit\u00e9 sans empiler de poids suppl\u00e9mentaire. Il a une efficacit\u00e9 de moussage particuli\u00e8rement \u00e9lev\u00e9e, une bonne stabilit\u00e9 de stockage, d'excellentes propri\u00e9t\u00e9s compl\u00e8tes, une bonne lisseur, une bonne t\u00e9nacit\u00e9 et de multiples capacit\u00e9s de pr\u00e9-moussage. Par rapport aux bo\u00eetes en polystyr\u00e8ne expans\u00e9 habituelles, cette bo\u00eete d'emballage en polystyr\u00e8ne expans\u00e9 se sent plus \u00e9quilibr\u00e9e - assez forte pour supporter un coup de pied pendant l'exp\u00e9dition, mais assez l\u00e9g\u00e8re.<\/p>\n<p><strong>Caract\u00e9ristiques du produit:<\/strong><\/p>\n<ul>\n<li>Ultra-l\u00e9ger &amp; Forte<\/li>\n<li>Surface lisse<\/li>\n<li>Excellente absorption des chocs<\/li>\n<li>Efficacit\u00e9 de mousse \u00e9lev\u00e9e<\/li>\n<li>Stockage stable<\/li>\n<li>Pr\u00e9-mousse multiforme<\/li>\n<\/ul>","protected":false},"featured_media":3307,"comment_status":"closed","ping_status":"closed","template":"","meta":[],"product_brand":[],"product_cat":[42],"product_tag":[],"class_list":{"0":"post-4234","1":"product","2":"type-product","3":"status-publish","4":"has-post-thumbnail","6":"product_cat-common-grade","8":"first","9":"instock","10":"shipping-taxable","11":"product-type-simple"},"_links":{"self":[{"href":"https:\/\/www.r-eps.com\/fr\/wp-json\/wp\/v2\/product\/4234","targetHints":{"allow":["GET"]}}],"collection":[{"href":"https:\/\/www.r-eps.com\/fr\/wp-json\/wp\/v2\/product"}],"about":[{"href":"https:\/\/www.r-eps.com\/fr\/wp-json\/wp\/v2\/types\/product"}],"replies":[{"embeddable":true,"href":"https:\/\/www.r-eps.com\/fr\/wp-json\/wp\/v2\/comments?post=4234"}],"wp:featuredmedia":[{"embeddable":true,"href":"https:\/\/www.r-eps.com\/fr\/wp-json\/wp\/v2\/media\/3307"}],"wp:attachment":[{"href":"https:\/\/www.r-eps.com\/fr\/wp-json\/wp\/v2\/media?parent=4234"}],"wp:term":[{"taxonomy":"product_brand","embeddable":true,"href":"https:\/\/www.r-eps.com\/fr\/wp-json\/wp\/v2\/product_brand?post=4234"},{"taxonomy":"product_cat","embeddable":true,"href":"https:\/\/www.r-eps.com\/fr\/wp-json\/wp\/v2\/product_cat?post=4234"},{"taxonomy":"product_tag","embeddable":true,"href":"https:\/\/www.r-eps.com\/fr\/wp-json\/wp\/v2\/product_tag?post=4234"}],"curies":[{"name":"WP","href":"https:\/\/api.w.org\/{rel}","templated":true}]}}