{"id":4913,"date":"2025-09-30T17:00:49","date_gmt":"2025-09-30T09:00:49","guid":{"rendered":"https:\/\/www.r-eps.com\/?post_type=product&#038;p=4913"},"modified":"2025-10-29T16:18:58","modified_gmt":"2025-10-29T08:18:58","slug":"extrusion-customized-reps","status":"publish","type":"product","link":"https:\/\/www.r-eps.com\/es\/environmental-protection-grade\/extrusion-customized-reps\/","title":{"rendered":"Extrusi\u00f3n REPS personalizado"},"content":{"rendered":"<p><span style=\"font-size: 14pt\"><strong><span style=\"font-family: 'book antiqua', palatino, serif\">Introducci\u00f3n del producto<\/span><\/strong><\/span><\/p>\n<p>Las propiedades de los materiales REPS pueden reemplazar completamente al EPS en t\u00e9rminos de funciones de uso y campos de aplicaci\u00f3n, y se pueden actualizar y modificar seg\u00fan las necesidades espec\u00edficas del cliente. Con la adici\u00f3n de material 100% reciclado, cumple con la tendencia de neutralidad de carbono y mejora la ventaja de negociaci\u00f3n de precios verdes de los productos.<\/p>\n<p><span style=\"font-size: 14pt;font-family: 'book antiqua', palatino, serif\"><strong>Caracter\u00edsticas del producto<\/strong><\/span><\/p>\n<ul>\n<li>El producto tiene un tama\u00f1o uniforme de part\u00edculas, un buen flujo de part\u00edculas espumantes.<\/li>\n<li>Tiempo de maduraci\u00f3n corto.<\/li>\n<li>Agregar material reciclado para reducir el consumo de energ\u00eda y el costo de producci\u00f3n<span style=\"font-family: 'book antiqua', palatino, serif\">.<\/span><\/li>\n<li>La producci\u00f3n personalizada se puede llevar a cabo para optimizar el rendimiento y proporcionar una amplia gama de colores.<\/li>\n<li>La mejor relaci\u00f3n de espuma es 18-62 veces.<\/li>\n<\/ul>\n<table style=\"width: 95.9957%\">\n<tbody>\n<tr>\n<td style=\"width: 23.6016%\" width=\"167\">\n<p style=\"text-align: center\">Tipo de producci\u00f3n<\/p>\n<\/td>\n<td style=\"width: 16.0982%\" width=\"113\">Especificaci\u00f3n<\/td>\n<td style=\"width: 16.0982%\" width=\"113\">Tama\u00f1o de part\u00edculas<\/td>\n<td style=\"width: 18.5539%\" width=\"131\">Rango expandible por primera vez<\/td>\n<td style=\"width: 99.8636%\" width=\"168\">Campo de uso<\/td>\n<\/tr>\n<tr>\n<td style=\"width: 23.6016%\" rowspan=\"2\" width=\"167\">\n<p style=\"text-align: center\">Extrusi\u00f3n REPS personalizado<\/p>\n<p>&nbsp;<\/td>\n<td style=\"width: 16.0982%\" width=\"113\">Reps-302<\/td>\n<td style=\"width: 16.0982%\" width=\"113\">0.8-1.25<\/td>\n<td style=\"width: 18.5539%\" width=\"131\">18-62<\/td>\n<td style=\"width: 99.8636%\" rowspan=\"2\" width=\"168\">Paquete electr\u00f3nico, paquete de cer\u00e1mica, tambi\u00e9n adecuado para el paquete general<\/td>\n<\/tr>\n<tr>\n<td style=\"width: 16.0982%\" width=\"113\">Reps-303<\/td>\n<td style=\"width: 16.0982%\" width=\"113\">0.6-1<\/td>\n<td style=\"width: 18.5539%\" width=\"131\">18-62<\/td>\n<\/tr>\n<\/tbody>\n<\/table>\n<p>&nbsp;<\/p>\n<p><span style=\"font-family: 'book antiqua', palatino, serif;font-size: 14pt\"><strong>Ventajas del producto<\/strong><\/span><\/p>\n<ul>\n<li>Durable y estable: los paneles mantienen su forma, ideal para paneles de construcci\u00f3n de EPS y paneles de tablero de perlas de poliestireno expandido.<\/li>\n<li>Ligero &amp; fuerte: adecuado para paneles de revestimiento de poliestireno y paneles de espuma de EPS.<\/li>\n<li>Flexible para diferentes usos: desde revestimiento de espuma de EPS hasta paneles de poliestireno expandido de EPS a medida.<\/li>\n<li>Costo-efectivo: brindar apoyo sin residuos materiales adicionales.<\/li>\n<li>Suavidad y uniformidad densidad: apreciada por los fabricantes de paneles EPS.<\/li>\n<\/ul>\n<p><span style=\"font-family: 'book antiqua', palatino, serif;font-size: 14pt\"><strong>Campos de aplicaci\u00f3n<\/strong><\/span><\/p>\n<ul>\n<li>Embalaje el\u00e9ctrico: ideal para proteger electrodom\u00e9sticos y electr\u00f3nica de precisi\u00f3n.<\/li>\n<li>Paneles de espuma EPS &amp; Paneles de tablero de perlas de poliestireno expandidos: utilizados en proyectos de aislamiento, pantalla y construcci\u00f3n ligera.<\/li>\n<li>Artesan\u00eda y art\u00edculos decorativos: f\u00e1cil de moldear y manejar para dise\u00f1os peque\u00f1os o complejos.<\/li>\n<li>Contenedores de caja integrados: adecuados para el envasado personalizado de varios productos.<\/li>\n<li>Proyectos donde REPS es aplicable en la industria de la pantalla: OC (TV), m\u00f3dulos (MNT), placas de bandeja (NB, TPC, OLED), etc., con datos reales de prueba y uso.<\/li>\n<\/ul>","protected":false},"excerpt":{"rendered":"<p>El material de poliestireno reciclado REPS es un tipo de material de poliestireno espumado multifuncional. En el proceso de producci\u00f3n, las perlas de espuma se expanden uniformemente y se curan r\u00e1pidamente. Se utiliza ampliamente en envases el\u00e9ctricos, envases de materiales de construcci\u00f3n, rellenos y artesan\u00edas.<\/p>\n<p><strong>Caracter\u00edsticas del producto:<\/strong><\/p>\n<ul>\n<li>Agregar materiales reciclados y realizar el reciclaje.<\/li>\n<li>Cumple con la categor\u00eda internacional de reciclaje 6<\/li>\n<li>Reduce el consumo de energ\u00eda de producci\u00f3n en un 20% y acelera la eficiencia del moldeo<\/li>\n<li>Producci\u00f3n personalizada seg\u00fan productos espec\u00edficos, rendimiento optimizado y tama\u00f1o de part\u00edculas, y colores ricos<\/li>\n<\/ul>","protected":false},"featured_media":5107,"comment_status":"closed","ping_status":"closed","template":"","meta":[],"product_brand":[],"product_cat":[56],"product_tag":[],"class_list":{"0":"post-4913","1":"product","2":"type-product","3":"status-publish","4":"has-post-thumbnail","6":"product_cat-environmental-protection-grade","8":"first","9":"instock","10":"shipping-taxable","11":"product-type-simple"},"_links":{"self":[{"href":"https:\/\/www.r-eps.com\/es\/wp-json\/wp\/v2\/product\/4913","targetHints":{"allow":["GET"]}}],"collection":[{"href":"https:\/\/www.r-eps.com\/es\/wp-json\/wp\/v2\/product"}],"about":[{"href":"https:\/\/www.r-eps.com\/es\/wp-json\/wp\/v2\/types\/product"}],"replies":[{"embeddable":true,"href":"https:\/\/www.r-eps.com\/es\/wp-json\/wp\/v2\/comments?post=4913"}],"wp:featuredmedia":[{"embeddable":true,"href":"https:\/\/www.r-eps.com\/es\/wp-json\/wp\/v2\/media\/5107"}],"wp:attachment":[{"href":"https:\/\/www.r-eps.com\/es\/wp-json\/wp\/v2\/media?parent=4913"}],"wp:term":[{"taxonomy":"product_brand","embeddable":true,"href":"https:\/\/www.r-eps.com\/es\/wp-json\/wp\/v2\/product_brand?post=4913"},{"taxonomy":"product_cat","embeddable":true,"href":"https:\/\/www.r-eps.com\/es\/wp-json\/wp\/v2\/product_cat?post=4913"},{"taxonomy":"product_tag","embeddable":true,"href":"https:\/\/www.r-eps.com\/es\/wp-json\/wp\/v2\/product_tag?post=4913"}],"curies":[{"name":"WP","href":"https:\/\/api.w.org\/{rel}","templated":true}]}}