{"id":4259,"date":"2025-07-18T13:17:24","date_gmt":"2025-07-18T05:17:24","guid":{"rendered":"http:\/\/www.r-eps.com\/?post_type=product&#038;p=4259"},"modified":"2025-09-26T16:35:49","modified_gmt":"2025-09-26T08:35:49","slug":"black-polystyrene-suspension-fge","status":"publish","type":"product","link":"https:\/\/www.r-eps.com\/es\/carbon-black-grade\/black-polystyrene-suspension-fge\/","title":{"rendered":"Poliestireno negro (suspensi\u00f3n) &#8211; FGE"},"content":{"rendered":"<p><span style=\"font-family: 'book antiqua', palatino, serif\">El material FGE de poliestireno negro (m\u00e9todo de suspensi\u00f3n) es adecuado para piezas estructurales el\u00e9ctricas y envases, productos negros especiales. Cuando el pol\u00edmero se sintetiz\u00f3 mediante polimerizaci\u00f3n en suspensi\u00f3n, se a\u00f1adi\u00f3 negro de carbono para hacer que el pol\u00edmero de poliestireno tuviera propiedades funcionales.<\/span><\/p>\n<p>&nbsp;<\/p>\n<p><span style=\"font-family: 'book antiqua', palatino, serif\"><strong><span style=\"font-size: 14pt\">Introducci\u00f3n del producto\u00a0\u00a0<\/span><\/strong><\/span><br \/>\n<span style=\"font-family: 'book antiqua', palatino, serif\">El material FGE de poliestireno negro (m\u00e9todo de suspensi\u00f3n) es adecuado para piezas estructurales el\u00e9ctricas y envases, productos negros especiales.<\/span><\/p>\n<p>&nbsp;<\/p>\n<p><span style=\"font-family: 'book antiqua', palatino, serif\"><span style=\"font-size: 14pt\"><strong>Caracter\u00edsticas del producto\u00a0<\/strong><\/span><br \/>\n<\/span><span style=\"font-family: 'book antiqua', palatino, serif\">\u00a0 \u00a0 \u00a0 \u00a01, a\u00f1adir negro de carbono a la s\u00edntesis de pol\u00edmero mediante el proceso de polimerizaci\u00f3n en suspensi\u00f3n, de modo que el pol\u00edmero de poliestireno tenga propiedades funcionales;<\/span><br \/>\n<span style=\"font-family: 'book antiqua', palatino, serif\">\u00a0 \u00a0 \u00a0 \u00a02, Mejorar el aislamiento t\u00e9rmico y el rendimiento del aislamiento ac\u00fastico del material;<\/span><br \/>\n<span style=\"font-family: 'book antiqua', palatino, serif\">\u00a0 \u00a0 \u00a0 \u00a03, excelentes propiedades antist\u00e1ticas;<\/span><br \/>\n<span style=\"font-family: 'book antiqua', palatino, serif\">\u00a0 \u00a0 \u00a0 \u00a04, adecuado para productos de alta densidad (18KG \/ m\u00b3 o m\u00e1s);<\/span><br \/>\n<span style=\"font-family: 'book antiqua', palatino, serif\">\u00a0 \u00a0 \u00a0 \u00a05, productos grises y negros, color hermoso, uniforme y estable;<\/span><br \/>\n<span style=\"font-family: 'book antiqua', palatino, serif\">\u00a0 \u00a0 \u00a0 \u00a06, productos antienvejecimiento;<\/span><br \/>\n<span style=\"font-family: 'book antiqua', palatino, serif\">\u00a0 \u00a0 \u00a0 \u00a07, los productos pueden alcanzar el nivel B1.<\/span><\/p>\n<table style=\"width: 85.7797%;height: 125px\">\n<tbody>\n<tr style=\"height: 25px\">\n<td style=\"width: 24.4592%;text-align: center;height: 25px\" width=\"142\"><\/td>\n<td style=\"width: 24.4592%;text-align: center;height: 25px\" width=\"142\"><span style=\"font-family: 'book antiqua', palatino, serif\">Especificaci\u00f3n<\/span><\/td>\n<td style=\"width: 24.4592%;text-align: center;height: 25px\" width=\"142\"><span style=\"font-family: 'book antiqua', palatino, serif\">Tama\u00f1o de part\u00edculas<\/span><\/td>\n<td style=\"width: 109.318%;text-align: center;height: 25px\" width=\"142\"><span style=\"font-family: 'book antiqua', palatino, serif\">Primera relaci\u00f3n de expansi\u00f3n<\/span><\/td>\n<\/tr>\n<tr style=\"height: 25px\">\n<td style=\"width: 24.4592%;height: 100px;text-align: center\" rowspan=\"4\" width=\"142\"><span style=\"font-family: 'book antiqua', palatino, serif\">Material FGE\u00a0<\/span><\/td>\n<td style=\"width: 24.4592%;text-align: center;height: 25px\" width=\"142\"><span style=\"font-family: 'book antiqua', palatino, serif\">FGE-101<\/span><\/td>\n<td style=\"width: 24.4592%;text-align: center;height: 25px\" width=\"142\"><span style=\"font-family: 'book antiqua', palatino, serif\">1.30-1.60<\/span><\/td>\n<td style=\"width: 109.318%;text-align: center;height: 25px\" width=\"142\"><span style=\"font-family: 'book antiqua', palatino, serif\">40-60<\/span><\/td>\n<\/tr>\n<tr style=\"height: 25px\">\n<td style=\"width: 24.4592%;text-align: center;height: 25px\" width=\"142\"><span style=\"font-family: 'book antiqua', palatino, serif\">FGE-201<\/span><\/td>\n<td style=\"width: 24.4592%;text-align: center;height: 25px\" width=\"142\"><span style=\"font-family: 'book antiqua', palatino, serif\">1.00-1.40<\/span><\/td>\n<td style=\"width: 109.318%;text-align: center;height: 25px\" width=\"142\"><span style=\"font-family: 'book antiqua', palatino, serif\">40-55<\/span><\/td>\n<\/tr>\n<tr style=\"height: 25px\">\n<td style=\"width: 24.4592%;text-align: center;height: 25px\" width=\"142\"><span style=\"font-family: 'book antiqua', palatino, serif\">FGE-301<\/span><\/td>\n<td style=\"width: 24.4592%;text-align: center;height: 25px\" width=\"142\"><span style=\"font-family: 'book antiqua', palatino, serif\">0.75-1.10<\/span><\/td>\n<td style=\"width: 109.318%;text-align: center;height: 25px\" width=\"142\"><span style=\"font-family: 'book antiqua', palatino, serif\">35-55<\/span><\/td>\n<\/tr>\n<tr style=\"height: 25px\">\n<td style=\"width: 24.4592%;text-align: center;height: 25px\" width=\"142\"><span style=\"font-family: 'book antiqua', palatino, serif\">FGE-401<\/span><\/td>\n<td style=\"width: 24.4592%;text-align: center;height: 25px\" width=\"142\"><span style=\"font-family: 'book antiqua', palatino, serif\">0.50-0.80<\/span><\/td>\n<td style=\"width: 109.318%;text-align: center;height: 25px\" width=\"142\"><span style=\"font-family: 'book antiqua', palatino, serif\">25-35<\/span><\/td>\n<\/tr>\n<\/tbody>\n<\/table>\n<p><span style=\"font-family: 'book antiqua', palatino, serif\">Adecuado para piezas estructurales el\u00e9ctricas y embalaje, productos negros especiales<\/span><\/p>\n<p><span style=\"font-family: 'book antiqua', palatino, serif\"><strong>Nota:<\/strong><\/span><\/p>\n<p><span style=\"font-family: 'book antiqua', palatino, serif\">\u00a0 \u00a0 \u00a0 \u00a01, Evite la exposici\u00f3n a la luz solar y mant\u00e9ngase alejado del fuego;<\/span><br \/>\n<span style=\"font-family: 'book antiqua', palatino, serif\">\u00a0 \u00a0 \u00a0 \u00a02, la temperatura de almacenamiento debe estar por debajo de 25 grados Celsius;<\/span><br \/>\n<span style=\"font-family: 'book antiqua', palatino, serif\">\u00a0 \u00a0 \u00a0 \u00a03, no se utilizar\u00e1 en productos de menor densidad;<\/span><br \/>\n<span style=\"font-family: 'book antiqua', palatino, serif\">\u00a0 \u00a0 \u00a0 \u00a04, el tiempo de curado despu\u00e9s de la espuma es generalmente 4-8 horas;<\/span><br \/>\n<span style=\"font-family: 'book antiqua', palatino, serif\">\u00a0 \u00a0 \u00a0 \u00a05, La determinaci\u00f3n de los par\u00e1metros de presi\u00f3n de moldeo debe ajustarse de acuerdo con la apariencia y las propiedades de uni\u00f3n interna del producto;<\/span><\/p>","protected":false},"excerpt":{"rendered":"<p>Black polystyrene FGE material (suspension method) is suitable for electrical structural parts and packaging, special black products. When the polymer was synthesized by suspension polymerization, carbon black was added to make the polystyrene polymer have functional properties. &nbsp; Product introduction\u00a0\u00a0 Black polystyrene FGE material (suspension method) is suitable for electrical structural parts and packaging, special [&hellip;]<\/p>\n","protected":false},"featured_media":4807,"comment_status":"closed","ping_status":"closed","template":"","meta":[],"product_brand":[],"product_cat":[59],"product_tag":[],"class_list":{"0":"post-4259","1":"product","2":"type-product","3":"status-publish","4":"has-post-thumbnail","6":"product_cat-carbon-black-grade","8":"first","9":"instock","10":"shipping-taxable","11":"product-type-simple"},"_links":{"self":[{"href":"https:\/\/www.r-eps.com\/es\/wp-json\/wp\/v2\/product\/4259","targetHints":{"allow":["GET"]}}],"collection":[{"href":"https:\/\/www.r-eps.com\/es\/wp-json\/wp\/v2\/product"}],"about":[{"href":"https:\/\/www.r-eps.com\/es\/wp-json\/wp\/v2\/types\/product"}],"replies":[{"embeddable":true,"href":"https:\/\/www.r-eps.com\/es\/wp-json\/wp\/v2\/comments?post=4259"}],"wp:featuredmedia":[{"embeddable":true,"href":"https:\/\/www.r-eps.com\/es\/wp-json\/wp\/v2\/media\/4807"}],"wp:attachment":[{"href":"https:\/\/www.r-eps.com\/es\/wp-json\/wp\/v2\/media?parent=4259"}],"wp:term":[{"taxonomy":"product_brand","embeddable":true,"href":"https:\/\/www.r-eps.com\/es\/wp-json\/wp\/v2\/product_brand?post=4259"},{"taxonomy":"product_cat","embeddable":true,"href":"https:\/\/www.r-eps.com\/es\/wp-json\/wp\/v2\/product_cat?post=4259"},{"taxonomy":"product_tag","embeddable":true,"href":"https:\/\/www.r-eps.com\/es\/wp-json\/wp\/v2\/product_tag?post=4259"}],"curies":[{"name":"WP","href":"https:\/\/api.w.org\/{rel}","templated":true}]}}