{"id":4257,"date":"2025-07-18T13:13:17","date_gmt":"2025-07-18T05:13:17","guid":{"rendered":"http:\/\/www.r-eps.com\/?post_type=product&#038;p=4257"},"modified":"2025-09-26T16:37:33","modified_gmt":"2025-09-26T08:37:33","slug":"low-thermal-conductivity-carbon-polystyrene-suspension-fge","status":"publish","type":"product","link":"https:\/\/www.r-eps.com\/es\/carbon-black-grade\/low-thermal-conductivity-carbon-polystyrene-suspension-fge\/","title":{"rendered":"Poliestireno de carbono de baja conductividad t\u00e9rmica (suspensi\u00f3n) &#8211; FGE"},"content":{"rendered":"<p><span style=\"font-family: 'book antiqua', palatino, serif\">El material FGE de poliestireno de carbono de baja conductividad t\u00e9rmica (m\u00e9todo de suspensi\u00f3n) es adecuado para el aislamiento t\u00e9rmico en la construcci\u00f3n y la industria. Cuando el pol\u00edmero se sintetiza mediante polimerizaci\u00f3n en suspensi\u00f3n, se a\u00f1ade negro de carbono funcional de baja conductividad t\u00e9rmica para hacer que el pol\u00edmero de poliestireno tenga propiedades funcionales.<\/span><\/p>\n<p><span style=\"font-family: 'book antiqua', palatino, serif\"><strong><span style=\"font-size: 14pt\">Introducci\u00f3n del producto\u00a0<\/span><\/strong>\u00a0<\/span><br \/>\n<span style=\"font-family: 'book antiqua', palatino, serif\">El material FGE de poliestireno de carbono de baja conductividad t\u00e9rmica (m\u00e9todo de suspensi\u00f3n) es adecuado para el aislamiento t\u00e9rmico en la construcci\u00f3n y la industria.<\/span><\/p>\n<p><span style=\"font-family: 'book antiqua', palatino, serif\"><span style=\"font-size: 14pt\"><strong>Caracter\u00edsticas del producto<\/strong><\/span>\u00a0\u00a0<\/span><br \/>\n<span style=\"font-family: 'book antiqua', palatino, serif\">1, cuando el pol\u00edmero se sintetiza mediante un proceso de polimerizaci\u00f3n en suspensi\u00f3n, se a\u00f1ade negro de carbono funcional de baja conductividad t\u00e9rmica para hacer que el pol\u00edmero de poliestireno tenga propiedades funcionales;<\/span><br \/>\n<span style=\"font-family: 'book antiqua', palatino, serif\">2, reducir la conductividad t\u00e9rmica de la placa de aislamiento de poliestireno, mejorar el aislamiento t\u00e9rmico y el rendimiento del aislamiento ac\u00fastico del material;<\/span><br \/>\n<span style=\"font-family: 'book antiqua', palatino, serif\">3, excelentes propiedades antiest\u00e1ticas;<\/span><br \/>\n<span style=\"font-family: 'book antiqua', palatino, serif\">4, adecuado para productos de alta densidad (18KG \/ M\u00b3 o m\u00e1s);<\/span><br \/>\n<span style=\"font-family: 'book antiqua', palatino, serif\">5, el color del producto es uniforme y estable;<\/span><br \/>\n<span style=\"font-family: 'book antiqua', palatino, serif\">6, los productos pueden alcanzar el nivel B1.<\/span><\/p>\n<table style=\"width: 96.5887%;height: 120px\">\n<tbody>\n<tr style=\"height: 24px\">\n<td style=\"width: 24.4592%;text-align: center;height: 24px\" width=\"142\"><\/td>\n<td style=\"width: 24.4592%;text-align: center;height: 24px\" width=\"142\">Especificaci\u00f3n<\/td>\n<td style=\"width: 24.4592%;text-align: center;height: 24px\" width=\"142\">Tama\u00f1o de part\u00edculas<\/td>\n<td style=\"width: 132.612%;text-align: center;height: 24px\" width=\"142\">Primera relaci\u00f3n de expansi\u00f3n<\/td>\n<\/tr>\n<tr style=\"height: 24px\">\n<td style=\"width: 24.4592%;text-align: center;height: 96px\" rowspan=\"4\" width=\"142\">Material FGE<\/td>\n<td style=\"width: 24.4592%;text-align: center;height: 24px\" width=\"142\">FGE-101<\/td>\n<td style=\"width: 24.4592%;text-align: center;height: 24px\" width=\"142\">1.30-1.60<\/td>\n<td style=\"width: 132.612%;text-align: center;height: 24px\" width=\"142\">40-60<\/td>\n<\/tr>\n<tr style=\"height: 24px\">\n<td style=\"width: 24.4592%;text-align: center;height: 24px\" width=\"142\">FGE-201<\/td>\n<td style=\"width: 24.4592%;text-align: center;height: 24px\" width=\"142\">1.00-1.40<\/td>\n<td style=\"width: 132.612%;text-align: center;height: 24px\" width=\"142\">40-55<\/td>\n<\/tr>\n<tr style=\"height: 24px\">\n<td style=\"width: 24.4592%;text-align: center;height: 24px\" width=\"142\">FGE-301<\/td>\n<td style=\"width: 24.4592%;text-align: center;height: 24px\" width=\"142\">0.75-1.10<\/td>\n<td style=\"width: 132.612%;text-align: center;height: 24px\" width=\"142\">35-55<\/td>\n<\/tr>\n<tr style=\"height: 24px\">\n<td style=\"width: 24.4592%;text-align: center;height: 24px\" width=\"142\">FGE-401<\/td>\n<td style=\"width: 24.4592%;text-align: center;height: 24px\" width=\"142\">0.50-0.80<\/td>\n<td style=\"width: 132.612%;text-align: center;height: 24px\" width=\"142\">25-35<\/td>\n<\/tr>\n<\/tbody>\n<\/table>\n<p><span style=\"font-family: 'book antiqua', palatino, serif\">Aislamiento t\u00e9rmico en la construcci\u00f3n y la industria<\/span><\/p>\n<p><span style=\"font-family: 'book antiqua', palatino, serif\"><strong>Nota:<\/strong><\/span><\/p>\n<p><span style=\"font-family: 'book antiqua', palatino, serif\">1, Evite la exposici\u00f3n a la luz solar y mant\u00e9ngase alejado del fuego;<\/span><br \/>\n<span style=\"font-family: 'book antiqua', palatino, serif\">2, la temperatura de almacenamiento debe estar por debajo de 25 grados Celsius;<\/span><br \/>\n<span style=\"font-family: 'book antiqua', palatino, serif\">3, no se utilizar\u00e1 para productos de menor densidad;<\/span><br \/>\n<span style=\"font-family: 'book antiqua', palatino, serif\">4, el tiempo de curado despu\u00e9s de la espuma es generalmente 4-8 horas;<\/span><br \/>\n<span style=\"font-family: 'book antiqua', palatino, serif\">5, La determinaci\u00f3n de los par\u00e1metros de presi\u00f3n de moldeo debe ajustarse de acuerdo con la apariencia y las propiedades de uni\u00f3n interna del producto;<\/span><\/p>","protected":false},"excerpt":{"rendered":"<p>Low thermal conductivity carbon polystyrene FGE material (suspension method) is suitable for thermal insulation in construction and industry. When the polymer is synthesized by suspension polymerization, the functional low thermal conductivity carbon black is added to make the polystyrene polymer have functional properties. Product introduction\u00a0\u00a0 Low thermal conductivity carbon polystyrene FGE material (suspension method) is [&hellip;]<\/p>\n","protected":false},"featured_media":4806,"comment_status":"closed","ping_status":"closed","template":"","meta":[],"product_brand":[],"product_cat":[59],"product_tag":[],"class_list":{"0":"post-4257","1":"product","2":"type-product","3":"status-publish","4":"has-post-thumbnail","6":"product_cat-carbon-black-grade","8":"first","9":"instock","10":"shipping-taxable","11":"product-type-simple"},"_links":{"self":[{"href":"https:\/\/www.r-eps.com\/es\/wp-json\/wp\/v2\/product\/4257","targetHints":{"allow":["GET"]}}],"collection":[{"href":"https:\/\/www.r-eps.com\/es\/wp-json\/wp\/v2\/product"}],"about":[{"href":"https:\/\/www.r-eps.com\/es\/wp-json\/wp\/v2\/types\/product"}],"replies":[{"embeddable":true,"href":"https:\/\/www.r-eps.com\/es\/wp-json\/wp\/v2\/comments?post=4257"}],"wp:featuredmedia":[{"embeddable":true,"href":"https:\/\/www.r-eps.com\/es\/wp-json\/wp\/v2\/media\/4806"}],"wp:attachment":[{"href":"https:\/\/www.r-eps.com\/es\/wp-json\/wp\/v2\/media?parent=4257"}],"wp:term":[{"taxonomy":"product_brand","embeddable":true,"href":"https:\/\/www.r-eps.com\/es\/wp-json\/wp\/v2\/product_brand?post=4257"},{"taxonomy":"product_cat","embeddable":true,"href":"https:\/\/www.r-eps.com\/es\/wp-json\/wp\/v2\/product_cat?post=4257"},{"taxonomy":"product_tag","embeddable":true,"href":"https:\/\/www.r-eps.com\/es\/wp-json\/wp\/v2\/product_tag?post=4257"}],"curies":[{"name":"WP","href":"https:\/\/api.w.org\/{rel}","templated":true}]}}