{"id":4254,"date":"2025-07-18T12:55:03","date_gmt":"2025-07-18T04:55:03","guid":{"rendered":"http:\/\/www.r-eps.com\/?post_type=product&#038;p=4254"},"modified":"2025-09-26T16:42:07","modified_gmt":"2025-09-26T08:42:07","slug":"flame-retardant-grade-fhe-n-hbcd","status":"publish","type":"product","link":"https:\/\/www.r-eps.com\/es\/environmental-protection-grade\/flame-retardant-grade-fhe-n-hbcd\/","title":{"rendered":"Grado retardante de llama &#8211; FHE-N-HBCD"},"content":{"rendered":"<p>Utilizar retardantes de llama no HBCD, en l\u00ednea con las normas REACH, ROHS de la UE; Perlas uniformes, velocidad de espuma r\u00e1pida; Buen rendimiento retardante de llama, puede alcanzar el nivel B1;<\/p>\n<p>Introducci\u00f3n del producto<br \/>\n1, el uso de retardante de llama no HBCD, en l\u00ednea con las normas REACH de la UE, ROHS;<br \/>\n2, cuentas uniformes, velocidad de espuma r\u00e1pida;<br \/>\n3, buen rendimiento retardante de llama, puede alcanzar el nivel B1;<br \/>\n4. agujero de burbuja fino y uniforme, buena apariencia del producto;<br \/>\n5, buena adhesi\u00f3n, buena resistencia, alta dureza;<br \/>\n6, la estabilidad del tama\u00f1o del producto es buena;<br \/>\n7, adecuado para una variedad de equipos de procesamiento de EPS.<\/p>\n<table style=\"width: 95.5038%\">\n<tbody>\n<tr>\n<td style=\"width: 25.1248%;text-align: center\" width=\"142\"><\/td>\n<td style=\"width: 24.2928%;text-align: center\" width=\"142\">Especificaci\u00f3n<\/td>\n<td style=\"width: 24.2928%;text-align: center\" width=\"142\">Tama\u00f1o de part\u00edculas<\/td>\n<td style=\"width: 131.78%;text-align: center\" width=\"142\">Primera relaci\u00f3n de expansi\u00f3n<\/td>\n<\/tr>\n<tr>\n<td style=\"width: 25.1248%;text-align: center\" rowspan=\"4\" width=\"142\">Material FHE-N-HBCD<\/td>\n<td style=\"width: 24.2928%;text-align: center\" width=\"142\">FHE-101<\/td>\n<td style=\"width: 24.2928%;text-align: center\" width=\"142\">1.30-1.60<\/td>\n<td style=\"width: 131.78%;text-align: center\" width=\"142\">40-55<\/td>\n<\/tr>\n<tr>\n<td style=\"width: 24.2928%;text-align: center\" width=\"142\">FHE-201<\/td>\n<td style=\"width: 24.2928%;text-align: center\" width=\"142\">1.00-1.40<\/td>\n<td style=\"width: 131.78%;text-align: center\" width=\"142\">40-55<\/td>\n<\/tr>\n<tr>\n<td style=\"width: 24.2928%;text-align: center\" width=\"142\">FHE-301<\/td>\n<td style=\"width: 24.2928%;text-align: center\" width=\"142\">0.75-1.10<\/td>\n<td style=\"width: 131.78%;text-align: center\" width=\"142\">35-55<\/td>\n<\/tr>\n<tr>\n<td style=\"width: 24.2928%;text-align: center\" width=\"142\">FHE-401<\/td>\n<td style=\"width: 24.2928%;text-align: center\" width=\"142\">0.50-0.80<\/td>\n<td style=\"width: 131.78%;text-align: center\" width=\"142\">30-40<\/td>\n<\/tr>\n<tr>\n<td style=\"width: 25.1248%;text-align: center\" width=\"142\"><\/td>\n<td style=\"width: 24.2928%;text-align: center\" width=\"142\">FHE-501<\/td>\n<td style=\"width: 24.2928%;text-align: center\" width=\"142\">0.35-0.55<\/td>\n<td style=\"width: 131.78%;text-align: center\" width=\"142\">25-35<\/td>\n<\/tr>\n<\/tbody>\n<\/table>\n<p>Materiales de construcci\u00f3n de aislamiento de paredes externas, envases de instrumentos de precisi\u00f3n y piezas de estructuras el\u00e9ctricas<\/p>","protected":false},"excerpt":{"rendered":"<p>Use non-HBCD flame retardants, in line with EU REACH, ROHS standards; Uniform beads, fast foaming speed; Good flame retardant performance, can reach B1 level; Product introduction 1, the use of non-HBCD flame retardant, in line with EU REACH, ROHS standards; 2, uniform beads, fast foaming speed; 3, good flame retardant performance, can reach B1 level; [&hellip;]<\/p>\n","protected":false},"featured_media":4362,"comment_status":"closed","ping_status":"closed","template":"","meta":[],"product_brand":[],"product_cat":[56],"product_tag":[],"class_list":{"0":"post-4254","1":"product","2":"type-product","3":"status-publish","4":"has-post-thumbnail","6":"product_cat-environmental-protection-grade","8":"first","9":"instock","10":"shipping-taxable","11":"product-type-simple"},"_links":{"self":[{"href":"https:\/\/www.r-eps.com\/es\/wp-json\/wp\/v2\/product\/4254","targetHints":{"allow":["GET"]}}],"collection":[{"href":"https:\/\/www.r-eps.com\/es\/wp-json\/wp\/v2\/product"}],"about":[{"href":"https:\/\/www.r-eps.com\/es\/wp-json\/wp\/v2\/types\/product"}],"replies":[{"embeddable":true,"href":"https:\/\/www.r-eps.com\/es\/wp-json\/wp\/v2\/comments?post=4254"}],"wp:featuredmedia":[{"embeddable":true,"href":"https:\/\/www.r-eps.com\/es\/wp-json\/wp\/v2\/media\/4362"}],"wp:attachment":[{"href":"https:\/\/www.r-eps.com\/es\/wp-json\/wp\/v2\/media?parent=4254"}],"wp:term":[{"taxonomy":"product_brand","embeddable":true,"href":"https:\/\/www.r-eps.com\/es\/wp-json\/wp\/v2\/product_brand?post=4254"},{"taxonomy":"product_cat","embeddable":true,"href":"https:\/\/www.r-eps.com\/es\/wp-json\/wp\/v2\/product_cat?post=4254"},{"taxonomy":"product_tag","embeddable":true,"href":"https:\/\/www.r-eps.com\/es\/wp-json\/wp\/v2\/product_tag?post=4254"}],"curies":[{"name":"WP","href":"https:\/\/api.w.org\/{rel}","templated":true}]}}