{"id":4252,"date":"2025-07-18T12:52:58","date_gmt":"2025-07-18T04:52:58","guid":{"rendered":"http:\/\/www.r-eps.com\/?post_type=product&#038;p=4252"},"modified":"2025-09-26T15:51:05","modified_gmt":"2025-09-26T07:51:05","slug":"special-grade-g","status":"publish","type":"product","link":"https:\/\/www.r-eps.com\/es\/graphite-grade\/special-grade-g\/","title":{"rendered":"Grado especial (material de llenado) &#8211; G"},"content":{"rendered":"<p><span style=\"font-family: 'book antiqua', palatino, serif;font-size: 14pt\"><strong>Introducci\u00f3n del producto<\/strong><\/span><\/p>\n<p><span style=\"font-family: 'book antiqua', palatino, serif\">Grado especial (material de llenado) -G est\u00e1 dise\u00f1ado para satisfacer los requisitos espec\u00edficos del cliente. Este material de espuma personalizado es ideal para relleno de poliestireno expandido, rellenos de espuma de estireno y varias aplicaciones de envasado de espuma personalizadas. Funciona bien para empaques delicados, artesan\u00edas y otros usos donde se necesita material de llenado EPS a medida.<\/span><\/p>\n<p>&nbsp;<\/p>\n<p><span style=\"font-family: 'book antiqua', palatino, serif;font-size: 14pt\"><strong>Caracter\u00edsticas del producto<\/strong><\/span><\/p>\n<ul>\n<li><span style=\"font-family: 'book antiqua', palatino, serif\">Grado especial (material de llenado): G es una soluci\u00f3n personalizada para nuestros socios de acuerdo con necesidades espec\u00edficas, pero todav\u00eda tiene las mismas caracter\u00edsticas que otros materiales de llenado de EPS.<\/span><\/li>\n<li><span style=\"font-family: 'book antiqua', palatino, serif\">Densidad personalizable &amp; tama\u00f1o: HUASHENG material de llenado de poliestireno expandido de grado G se puede adaptar a diferentes requisitos, lo que lo hace adecuado para diversas necesidades.<\/span><\/li>\n<li><span style=\"font-family: 'book antiqua', palatino, serif\">Ligero &amp; Resiliente: el material de llenado EPS de grado G proporciona amortiguaci\u00f3n con un peso extra ligero, ideal para el env\u00edo de art\u00edculos delicados.<\/span><\/li>\n<li><span style=\"font-family: 'book antiqua', palatino, serif\">Buena absorci\u00f3n de golpes: HUASHENG grado G puede proporcionar un excelente rendimiento en la absorci\u00f3n de golpes.<\/span><\/li>\n<li><span style=\"font-family: 'book antiqua', palatino, serif\">F\u00e1cil de manejar y dar forma: Este material de llenado se puede cortar, moldear o empaquetar r\u00e1pidamente para diferentes aplicaciones.<\/span><\/li>\n<li><span style=\"font-family: 'book antiqua', palatino, serif\">Estable &amp; calidad consistente: mantiene su forma durante el almacenamiento y el uso, garantizando un rendimiento fiable.<\/span><\/li>\n<\/ul>\n<p>&nbsp;<\/p>\n<table style=\"width: 93.6472%;height: 96px\">\n<tbody>\n<tr style=\"height: 24px\">\n<td style=\"width: 24.4592%;text-align: center;height: 24px\" width=\"142\"><\/td>\n<td style=\"width: 24.4592%;text-align: center;height: 24px\" width=\"142\"><span style=\"font-family: 'book antiqua', palatino, serif\">Especificaci\u00f3n<\/span><\/td>\n<td style=\"width: 24.4592%;text-align: center;height: 24px\" width=\"142\"><span style=\"font-family: 'book antiqua', palatino, serif\">Tama\u00f1o de part\u00edculas<\/span><\/td>\n<td style=\"width: 126.274%;text-align: center;height: 24px\" width=\"142\"><span style=\"font-family: 'book antiqua', palatino, serif\">Primera relaci\u00f3n de expansi\u00f3n<\/span><\/td>\n<\/tr>\n<tr style=\"height: 24px\">\n<td style=\"width: 24.4592%;text-align: center;height: 72px\" rowspan=\"3\" width=\"142\"><span style=\"font-family: 'book antiqua', palatino, serif\">Material G<\/span><\/td>\n<td style=\"width: 24.4592%;text-align: center;height: 24px\" width=\"142\"><span style=\"font-family: 'book antiqua', palatino, serif\">201<\/span><\/td>\n<td style=\"width: 24.4592%;text-align: center;height: 24px\" width=\"142\"><span style=\"font-family: 'book antiqua', palatino, serif\">1.4-2.3<\/span><\/td>\n<td style=\"width: 126.274%;text-align: center;height: 24px\" width=\"142\"><span style=\"font-family: 'book antiqua', palatino, serif\">90-110<\/span><\/td>\n<\/tr>\n<tr style=\"height: 24px\">\n<td style=\"width: 24.4592%;text-align: center;height: 24px\" width=\"142\"><span style=\"font-family: 'book antiqua', palatino, serif\">502<\/span><\/td>\n<td style=\"width: 24.4592%;text-align: center;height: 24px\" width=\"142\"><span style=\"font-family: 'book antiqua', palatino, serif\">0.3-0.5<\/span><\/td>\n<td style=\"width: 126.274%;text-align: center;height: 24px\" width=\"142\"><span style=\"font-family: 'book antiqua', palatino, serif\">15-30<\/span><\/td>\n<\/tr>\n<tr style=\"height: 24px\">\n<td style=\"width: 24.4592%;text-align: center;height: 24px\" width=\"142\"><span style=\"font-family: 'book antiqua', palatino, serif\">H<\/span><\/td>\n<td style=\"width: 150.734%;text-align: center;height: 24px\" colspan=\"2\" width=\"284\"><span style=\"font-family: 'book antiqua', palatino, serif\">Grado antist\u00e1tico, impedancia superficial 09-10120<\/span><\/td>\n<\/tr>\n<\/tbody>\n<\/table>\n<p>&nbsp;<\/p>\n<p><span style=\"font-family: 'book antiqua', palatino, serif;font-size: 14pt\"><strong>Ventajas del producto<\/strong><\/span><\/p>\n<ul>\n<li><span style=\"font-family: 'book antiqua', palatino, serif\">Versatile: Funciona para art\u00edculos fr\u00e1giles, artesan\u00edas o simplemente llenando huecos.<\/span><\/li>\n<li><span style=\"font-family: 'book antiqua', palatino, serif\">Luz &amp; Pr\u00e1ctico: Ahorra espacio, f\u00e1cil de almacenar.<\/span><\/li>\n<li><span style=\"font-family: 'book antiqua', palatino, serif\">Ahorro de costos: Reduce el peso del env\u00edo y el alboroto de la manipulaci\u00f3n.<\/span><\/li>\n<li><span style=\"font-family: 'book antiqua', palatino, serif\">Estabilidad: mantiene su forma incluso despu\u00e9s de unos pocos golpes.<\/span><\/li>\n<li><span style=\"font-family: 'book antiqua', palatino, serif\">F\u00e1cil de usar: Funciona con m\u00e1quinas o a mano. No se necesitan trucos adicionales.<\/span><\/li>\n<\/ul>\n<p>&nbsp;<\/p>\n<p><span style=\"font-family: 'book antiqua', palatino, serif;font-size: 14pt\"><strong>Campos de aplicaci\u00f3n<\/strong><\/span><\/p>\n<ul>\n<li><span style=\"font-family: 'book antiqua', palatino, serif\">Relleno de poliestireno expandido: Puede utilizarse para proteger productos fr\u00e1giles y mantenerlos seguros en tr\u00e1nsito.<\/span><\/li>\n<li><span style=\"font-family: 'book antiqua', palatino, serif\">Rellenos de espuma de estireno para artesan\u00eda: Este material de llenado de EPS de grado G se puede cortar en diferentes formas. Perfecto para bricolaje, proyectos escolares o peque\u00f1as decoraciones.<\/span><\/li>\n<li><span style=\"font-family: 'book antiqua', palatino, serif\">Embalaje de espuma personalizado: se adapta a diferentes formas o art\u00edculos delicados, facilita el env\u00edo.<\/span><\/li>\n<li><span style=\"font-family: 'book antiqua', palatino, serif\">Pasatiempos &amp; Espuma de bricolaje: flexible, ligera y f\u00e1cil de manejar.<\/span><\/li>\n<\/ul>","protected":false},"excerpt":{"rendered":"<p>Grado especial (material de llenado) - G se produce especialmente para satisfacer los requisitos espec\u00edficos del cliente. Este relleno de poliestireno expandido proporciona un excelente amortiguamiento y protecci\u00f3n ligera, lo que lo hace perfecto como material de relleno EPS o rellenos de espuma estireno para art\u00edculos delicados. Su tama\u00f1o de perla consistente y buena fluidez lo hacen ideal para empaquetado de espuma de estireno personalizado u otro material de empaquetado de espuma personalizado.<\/p>\n<p><strong>Caracter\u00edsticas del producto:<\/strong><\/p>\n<ul>\n<li>Ligero y f\u00e1cil de manejar<\/li>\n<li>Tama\u00f1o de cuentas consistente para amortiguamiento uniforme<\/li>\n<li>Buena fluidez para un llenado f\u00e1cil<\/li>\n<li>Adecuado para embalaje de espuma personalizado y material de llenado EPS<\/li>\n<li>Proporciona protecci\u00f3n fiable para art\u00edculos delicados<\/li>\n<\/ul>","protected":false},"featured_media":4811,"comment_status":"closed","ping_status":"closed","template":"","meta":[],"product_brand":[],"product_cat":[52],"product_tag":[62],"class_list":{"0":"post-4252","1":"product","2":"type-product","3":"status-publish","4":"has-post-thumbnail","6":"product_cat-graphite-grade","7":"product_tag-huasheng-eps-filling-material-is-a-kind-of-custom-eps-foam-that-provides-outstanding-performance-suitable-for-styrofoam-fillers-or-other-filling-applications","9":"first","10":"instock","11":"shipping-taxable","12":"product-type-simple"},"_links":{"self":[{"href":"https:\/\/www.r-eps.com\/es\/wp-json\/wp\/v2\/product\/4252","targetHints":{"allow":["GET"]}}],"collection":[{"href":"https:\/\/www.r-eps.com\/es\/wp-json\/wp\/v2\/product"}],"about":[{"href":"https:\/\/www.r-eps.com\/es\/wp-json\/wp\/v2\/types\/product"}],"replies":[{"embeddable":true,"href":"https:\/\/www.r-eps.com\/es\/wp-json\/wp\/v2\/comments?post=4252"}],"wp:featuredmedia":[{"embeddable":true,"href":"https:\/\/www.r-eps.com\/es\/wp-json\/wp\/v2\/media\/4811"}],"wp:attachment":[{"href":"https:\/\/www.r-eps.com\/es\/wp-json\/wp\/v2\/media?parent=4252"}],"wp:term":[{"taxonomy":"product_brand","embeddable":true,"href":"https:\/\/www.r-eps.com\/es\/wp-json\/wp\/v2\/product_brand?post=4252"},{"taxonomy":"product_cat","embeddable":true,"href":"https:\/\/www.r-eps.com\/es\/wp-json\/wp\/v2\/product_cat?post=4252"},{"taxonomy":"product_tag","embeddable":true,"href":"https:\/\/www.r-eps.com\/es\/wp-json\/wp\/v2\/product_tag?post=4252"}],"curies":[{"name":"WP","href":"https:\/\/api.w.org\/{rel}","templated":true}]}}