{"id":4250,"date":"2025-07-18T12:47:39","date_gmt":"2025-07-18T04:47:39","guid":{"rendered":"http:\/\/www.r-eps.com\/?post_type=product&#038;p=4250"},"modified":"2025-09-29T13:07:58","modified_gmt":"2025-09-29T05:07:58","slug":"graphite-polystyrene-extrusion-method-s-32","status":"publish","type":"product","link":"https:\/\/www.r-eps.com\/es\/graphite-grade\/graphite-polystyrene-extrusion-method-s-32\/","title":{"rendered":"Grafito Poliestireno (M\u00e9todo de Extrusi\u00f3n) &#8211; El S-32"},"content":{"rendered":"<p>S-32 introdujo materiales absorbentes infrarrojos, incluyendo grafito en escamas naturales y part\u00edculas de grafito, en materiales de pol\u00edmero de poliestireno mediante m\u00e9todo de extrusi\u00f3n. El grafito en escamas absorbi\u00f3 y reflej\u00f3 energ\u00eda radiante en las perlas espumadas, lo que mejor\u00f3 la funci\u00f3n de aislamiento t\u00e9rmico del n\u00facleo flexible de poliestireno.<\/p>\n<p>Caracter\u00edsticas del producto<\/p>\n<p>1, S-32 utiliza el m\u00e9todo de extrusi\u00f3n para introducir materiales de absorci\u00f3n infrarroja &#8211; grafito en escamas naturales, part\u00edculas de grafito en materiales de pol\u00edmero de poliestireno;<br \/>\n2, el grafito de copa absorbe y refleja la energ\u00eda radiante en las perlas espumadas, lo que mejora la funci\u00f3n adiab\u00e1tica del n\u00facleo flexible de poliestireno;<br \/>\n3, Las propiedades mec\u00e1nicas y el peso molecular del pol\u00edmero de poliestireno de grafito se mejoraron mediante el agente de endurecimiento y el agente de refuerzo;<br \/>\n4, La conductividad t\u00e9rmica de S-32 es inferior a 0,032W \/ M.K, la conductividad t\u00e9rmica de EPS ordinario es de 0,039W \/ M.K, y el rendimiento de aislamiento t\u00e9rmico de S-32 se mejora en m\u00e1s del 25%;<br \/>\n5, rendimiento retardante de llama alcanza los requisitos de nivel B1, \u00edndice de ox\u00edgeno \u226532;<br \/>\n6, los productos de la serie S-32 se usan principalmente en habitaciones pasivas y edificios de alto est\u00e1ndar de ahorro de energ\u00eda;<br \/>\n7, S-32 tiene mayor peso molecular y alta resistencia a la compresi\u00f3n;<br \/>\n8, Mejor estabilidad dimensional de los productos;<br \/>\n9, los productos se usan en edificios con durabilidad y resistencia al clima.<\/p>\n<table style=\"width: 98.2415%;height: 120px\">\n<tbody>\n<tr style=\"height: 24px\">\n<td style=\"width: 24.4592%;text-align: center;height: 24px\" width=\"142\"><\/td>\n<td style=\"width: 24.4592%;text-align: center;height: 24px\" width=\"142\">Especificaci\u00f3n<\/td>\n<td style=\"width: 24.4592%;text-align: center;height: 24px\" width=\"142\">Tama\u00f1o de part\u00edculas<\/td>\n<td style=\"width: 136.175%;text-align: center;height: 24px\" width=\"142\">Primera relaci\u00f3n de expansi\u00f3n<\/td>\n<\/tr>\n<tr style=\"height: 24px\">\n<td style=\"width: 24.4592%;text-align: center;height: 96px\" rowspan=\"4\" width=\"142\">Material S-32<\/td>\n<td style=\"width: 24.4592%;text-align: center;height: 24px\" width=\"142\">110<\/td>\n<td style=\"width: 24.4592%;text-align: center;height: 24px\" width=\"142\">1.30-1.60<\/td>\n<td style=\"width: 136.175%;text-align: center;height: 96px\" rowspan=\"4\" width=\"142\">18-30<\/td>\n<\/tr>\n<tr style=\"height: 24px\">\n<td style=\"width: 24.4592%;text-align: center;height: 24px\" width=\"142\">109<\/td>\n<td style=\"width: 24.4592%;text-align: center;height: 24px\" width=\"142\">1.00-1.40<\/td>\n<\/tr>\n<tr style=\"height: 24px\">\n<td style=\"width: 24.4592%;text-align: center;height: 24px\" width=\"142\">108<\/td>\n<td style=\"width: 24.4592%;text-align: center;height: 24px\" width=\"142\">0.75-1.10<\/td>\n<\/tr>\n<tr style=\"height: 24px\">\n<td style=\"width: 24.4592%;text-align: center;height: 24px\" width=\"142\">107<\/td>\n<td style=\"width: 24.4592%;text-align: center;height: 24px\" width=\"142\">0.50-0.80<\/td>\n<\/tr>\n<\/tbody>\n<\/table>\n<p>Aislamiento t\u00e9rmico de la construcci\u00f3n y la industria, aislamiento t\u00e9rmico de la habitaci\u00f3n pasiva<\/p>\n<p>Nota: poliestireno de grafito S-32 (personalizado seg\u00fan los requisitos del cliente)<\/p>","protected":false},"excerpt":{"rendered":"<p>S-32 introduced infrared absorbent materials, including natural flake graphite and graphite particles, into polystyrene polymer materials by extrusion method. The flake graphite absorbed and reflected radiant energy in the foamed beads, which improved the thermal insulation function of the flexible polystyrene core. Product characteristics 1, S-32 uses extrusion method to introduce infrared absorption materials &#8211; [&hellip;]<\/p>\n","protected":false},"featured_media":4367,"comment_status":"closed","ping_status":"closed","template":"","meta":[],"product_brand":[],"product_cat":[52],"product_tag":[],"class_list":{"0":"post-4250","1":"product","2":"type-product","3":"status-publish","4":"has-post-thumbnail","6":"product_cat-graphite-grade","8":"first","9":"instock","10":"shipping-taxable","11":"product-type-simple"},"_links":{"self":[{"href":"https:\/\/www.r-eps.com\/es\/wp-json\/wp\/v2\/product\/4250","targetHints":{"allow":["GET"]}}],"collection":[{"href":"https:\/\/www.r-eps.com\/es\/wp-json\/wp\/v2\/product"}],"about":[{"href":"https:\/\/www.r-eps.com\/es\/wp-json\/wp\/v2\/types\/product"}],"replies":[{"embeddable":true,"href":"https:\/\/www.r-eps.com\/es\/wp-json\/wp\/v2\/comments?post=4250"}],"wp:featuredmedia":[{"embeddable":true,"href":"https:\/\/www.r-eps.com\/es\/wp-json\/wp\/v2\/media\/4367"}],"wp:attachment":[{"href":"https:\/\/www.r-eps.com\/es\/wp-json\/wp\/v2\/media?parent=4250"}],"wp:term":[{"taxonomy":"product_brand","embeddable":true,"href":"https:\/\/www.r-eps.com\/es\/wp-json\/wp\/v2\/product_brand?post=4250"},{"taxonomy":"product_cat","embeddable":true,"href":"https:\/\/www.r-eps.com\/es\/wp-json\/wp\/v2\/product_cat?post=4250"},{"taxonomy":"product_tag","embeddable":true,"href":"https:\/\/www.r-eps.com\/es\/wp-json\/wp\/v2\/product_tag?post=4250"}],"curies":[{"name":"WP","href":"https:\/\/api.w.org\/{rel}","templated":true}]}}