{"id":4246,"date":"2025-07-18T12:25:18","date_gmt":"2025-07-18T04:25:18","guid":{"rendered":"http:\/\/www.r-eps.com\/?post_type=product&#038;p=4246"},"modified":"2025-09-26T16:33:33","modified_gmt":"2025-09-26T08:33:33","slug":"graphite-grade-s","status":"publish","type":"product","link":"https:\/\/www.r-eps.com\/es\/graphite-grade\/graphite-grade-s\/","title":{"rendered":"Grado de grafito &#8211; S &#8211; Paneles retardantes de llama"},"content":{"rendered":"<p><span style=\"font-family: 'book antiqua', palatino, serif;font-size: 14pt\"><strong>Introducci\u00f3n del producto<\/strong><\/span><\/p>\n<p><span style=\"font-family: 'book antiqua', palatino, serif\">Graphite Grade-S es una espuma EPS retardante de llama que alcanza una clasificaci\u00f3n de fuego de clase B1 (GB8624-2012). Los paneles y productos moldeados hechos de poliestireno expandido de grafito son autoextinguibles, lo que es una especie de alivio cuando se piensa en la seguridad en edificios o almacenamiento. La conductividad t\u00e9rmica de la l\u00e1mina de espuma retardante de fuego de grado S se sit\u00faa alrededor de 0,033 W\/(m\u00b7K), por lo que mantiene el calor dentro o fuera mejor que su espuma promedio. Despu\u00e9s de la espuma, la densidad suele caer entre 15 y 35 kg\/m\u00b3, lo que da una buena relaci\u00f3n de expansi\u00f3n alta mientras se mantiene bastante resistente. Ya sea para aislamiento o embalaje seguro, el material de aislamiento de grafito EPS de grado S es la mejor opci\u00f3n.<\/span><\/p>\n<p>&nbsp;<\/p>\n<p><span style=\"font-family: 'book antiqua', palatino, serif;font-size: 14pt\"><strong>Caracter\u00edsticas del producto<\/strong>\u00a0<\/span><\/p>\n<ul>\n<li><span style=\"font-family: 'book antiqua', palatino, serif\">Color y material: uniforme negro o gris oscuro. Fabricado a partir de granos de grafito EPS de alta calidad, utilizando procesos modernos para una densidad y superficie consistentes.<\/span><\/li>\n<li><span style=\"font-family: 'book antiqua', palatino, serif\">Resistencia al fuego: alcanza la clase B1 (GB8624-2012), autoextinguible y dif\u00edcil de quemar. Proporciona seguridad fiable sin volumen adicional.<\/span><\/li>\n<li><span style=\"font-family: 'book antiqua', palatino, serif\">Aislamiento t\u00e9rmico: baja conductividad t\u00e9rmica alrededor de 0,033 W \/ (mK); esta l\u00e1mina de espuma retardante de fuego de grado S proporciona una mejor retenci\u00f3n de calor que los paneles de espuma EPS est\u00e1ndar.<\/span><\/li>\n<li><span style=\"font-family: 'book antiqua', palatino, serif\">Ligero &amp; fuerte: Con una alta relaci\u00f3n de expansi\u00f3n, la densidad de los paneles de poliestireno expandido negro despu\u00e9s de la espuma es de 15-35 kg\/m\u00b3, y se mantienen estables bajo presi\u00f3n.<\/span><\/li>\n<li><span style=\"font-family: 'book antiqua', palatino, serif\">Buen moldeo y fusi\u00f3n: Las perlas de aislamiento EPS de grafito se unen bien en los moldes, haciendo que las hojas de espuma retardante al fuego o la espuma de embalaje negro sean lisas y duraderas.<\/span><\/li>\n<li><span style=\"font-family: 'book antiqua', palatino, serif\">Eficiencia ecol\u00f3gica: menor uso de material para el mismo efecto de aislamiento, reduce los residuos y es m\u00e1s f\u00e1cil de manejar.<\/span><\/li>\n<\/ul>\n<p>&nbsp;<\/p>\n<table style=\"width: 97.0914%;height: 260px\">\n<tbody>\n<tr style=\"height: 52px\">\n<td style=\"width: 24.4592%;text-align: center;height: 52px\" width=\"142\"><\/td>\n<td style=\"width: 24.4592%;text-align: center;height: 52px\" width=\"142\"><span style=\"font-family: 'book antiqua', palatino, serif\">Especificaci\u00f3n<\/span><\/td>\n<td style=\"width: 24.4592%;text-align: center;height: 52px\" width=\"142\"><span style=\"font-family: 'book antiqua', palatino, serif\">Tama\u00f1o de part\u00edculas<\/span><\/td>\n<td style=\"width: 137.372%;text-align: center;height: 52px\" width=\"142\"><span style=\"font-family: 'book antiqua', palatino, serif\">Primera relaci\u00f3n de expansi\u00f3n<\/span><\/td>\n<\/tr>\n<tr style=\"height: 52px\">\n<td style=\"width: 24.4592%;text-align: center;height: 208px\" rowspan=\"4\" width=\"142\"><span style=\"font-family: 'book antiqua', palatino, serif\">Material S<\/span><\/td>\n<td style=\"width: 24.4592%;height: 52px;text-align: center\" width=\"142\"><span style=\"font-family: 'book antiqua', palatino, serif\">301<\/span><\/td>\n<td style=\"width: 24.4592%;text-align: center;height: 52px\" width=\"142\"><span style=\"font-family: 'book antiqua', palatino, serif\">1.0-1.8<\/span><\/td>\n<td style=\"width: 137.372%;text-align: center;height: 52px\" width=\"142\"><span style=\"font-family: 'book antiqua', palatino, serif\">50-70<\/span><\/td>\n<\/tr>\n<tr style=\"height: 52px\">\n<td style=\"width: 24.4592%;text-align: center;height: 52px\" width=\"142\"><span style=\"font-family: 'book antiqua', palatino, serif\">302<\/span><\/td>\n<td style=\"width: 24.4592%;text-align: center;height: 52px\" width=\"142\"><span style=\"font-family: 'book antiqua', palatino, serif\">0.8-1.3<\/span><\/td>\n<td style=\"width: 137.372%;text-align: center;height: 52px\" width=\"142\"><span style=\"font-family: 'book antiqua', palatino, serif\">45-65<\/span><\/td>\n<\/tr>\n<tr style=\"height: 52px\">\n<td style=\"width: 24.4592%;text-align: center;height: 52px\" width=\"142\"><span style=\"font-family: 'book antiqua', palatino, serif\">303<\/span><\/td>\n<td style=\"width: 24.4592%;text-align: center;height: 52px\" width=\"142\"><span style=\"font-family: 'book antiqua', palatino, serif\">0.6-1.0<\/span><\/td>\n<td style=\"width: 137.372%;text-align: center;height: 52px\" width=\"142\"><span style=\"font-family: 'book antiqua', palatino, serif\">40-60<\/span><\/td>\n<\/tr>\n<tr style=\"height: 52px\">\n<td style=\"width: 24.4592%;text-align: center;height: 52px\" width=\"142\"><span style=\"font-family: 'book antiqua', palatino, serif\">401<\/span><\/td>\n<td style=\"width: 24.4592%;text-align: center;height: 52px\" width=\"142\"><span style=\"font-family: 'book antiqua', palatino, serif\">0.3-0.8<\/span><\/td>\n<td style=\"width: 137.372%;text-align: center;height: 52px\" width=\"142\"><span style=\"font-family: 'book antiqua', palatino, serif\">30-50<\/span><\/td>\n<\/tr>\n<\/tbody>\n<\/table>\n<p>&nbsp;<\/p>\n<p><span style=\"font-family: 'book antiqua', palatino, serif;font-size: 14pt\"><strong>Ventajas del producto<\/strong><\/span><\/p>\n<ul>\n<li><span style=\"font-family: 'book antiqua', palatino, serif\">Ligero y pr\u00e1ctico: las perlas de grafito EPS y el poliestireno expandido negro son sorprendentemente ligeras.<\/span><\/li>\n<li><span style=\"font-family: 'book antiqua', palatino, serif\">Efectivo en funci\u00f3n del costo: la espuma EPS retardante de llama o la l\u00e1mina de espuma retardante de fuego proporciona un excelente rendimiento en aislamiento y resistencia al fuego.<\/span><\/li>\n<li><span style=\"font-family: 'book antiqua', palatino, serif\">Durabilidad: Espuma de embalaje negra, paneles de aislamiento de grafito EPS o l\u00e1minas retardantes de llama de EPS se deslizan en procesos manuales o autom\u00e1ticos bastante sin problemas. m\u00e1quinas como ellos; A la gente les gustan a\u00fan m\u00e1s.<\/span><\/li>\n<li><span style=\"font-family: 'book antiqua', palatino, serif\">Estabilidad: cuentas de poliestireno retardante de llama y paneles retardantes de fuego EPS rebotan bien. No hay ca\u00edda, no hay manchas extra\u00f1as despu\u00e9s de moverlos.<\/span><\/li>\n<li><span style=\"font-family: 'book antiqua', palatino, serif\">Bono ecol\u00f3gico: El uso de poliestireno expandido con grafito o material de embalaje de espuma negra personalizado significa menos materia prima para el mismo efecto.<\/span><\/li>\n<\/ul>\n<p>&nbsp;<\/p>\n<p><span style=\"font-family: 'book antiqua', palatino, serif;font-size: 14pt\"><strong>Campos de aplicaci\u00f3n<\/strong><\/span><\/p>\n<ul>\n<li><span style=\"font-family: 'book antiqua', palatino, serif\">Paneles de aislamiento a prueba de fuego: el aislamiento de grafito EPS y la espuma de EPS retardante de llama se usan ampliamente en paredes, techos y pisos donde la seguridad importa.<\/span><\/li>\n<li><span style=\"font-family: 'book antiqua', palatino, serif\">Embalaje para mercanc\u00edas delicadas: El material de espuma de poliestireno expandido negro proporciona un entorno seguro para proteger la electr\u00f3nica, los art\u00edculos de vidrio u otros art\u00edculos delicados durante el transporte.<\/span><\/li>\n<li><span style=\"font-family: 'book antiqua', palatino, serif\">Revestimiento de construcci\u00f3n: las l\u00e1minas de espuma retardantes al fuego y los paneles retardantes a la llama de EPS son ideales para revestimientos exteriores o interiores.<\/span><\/li>\n<li><span style=\"font-family: 'book antiqua', palatino, serif\">Soluciones de espuma personalizadas: las l\u00e1minas de espuma retardante de fuego de grado S se pueden adaptar a formas extra\u00f1as o productos especiales. Lo suficientemente flexible para combinar dise\u00f1os inusuales sin romperse.<\/span><\/li>\n<\/ul>","protected":false},"excerpt":{"rendered":"<p>Grafito Grado-S es una l\u00e1mina de espuma retardante al fuego que es resistente donde cuenta. Cumple con los est\u00e1ndares de Clase B1 (GB8624-2012), por lo que si cae una chispa, no se ventilar\u00e1 en un incendio, b\u00e1sicamente autoextinguible. Los paneles de poliestireno expandido de grafito son ligeros, f\u00e1ciles de cortar o dar forma, y mantienen su forma incluso despu\u00e9s de la manipulaci\u00f3n, lo que es una peque\u00f1a bendici\u00f3n si alguna vez has luchado con tablas m\u00e1s pesadas. Los paneles retardantes de fuego EPS de grado S de HUASHENG son perfectos para productos moldeados o paneles listos para instalar; Es una mezcla de practicidad y seguridad.<\/p>\n<p><strong>Caracter\u00edsticas del producto:<\/strong><\/p>\n<ul>\n<li>Autoextinguible, Clase B1 para incendios.<\/li>\n<li>Ligero pero resistente.<\/li>\n<li>Mantiene la forma, sin ca\u00edda.<\/li>\n<li>Superficie lisa, lista para usar.<\/li>\n<li>Flexible para paneles o piezas moldeadas.<\/li>\n<\/ul>","protected":false},"featured_media":4328,"comment_status":"closed","ping_status":"closed","template":"","meta":[],"product_brand":[],"product_cat":[52],"product_tag":[],"class_list":{"0":"post-4246","1":"product","2":"type-product","3":"status-publish","4":"has-post-thumbnail","6":"product_cat-graphite-grade","8":"first","9":"instock","10":"shipping-taxable","11":"product-type-simple"},"_links":{"self":[{"href":"https:\/\/www.r-eps.com\/es\/wp-json\/wp\/v2\/product\/4246","targetHints":{"allow":["GET"]}}],"collection":[{"href":"https:\/\/www.r-eps.com\/es\/wp-json\/wp\/v2\/product"}],"about":[{"href":"https:\/\/www.r-eps.com\/es\/wp-json\/wp\/v2\/types\/product"}],"replies":[{"embeddable":true,"href":"https:\/\/www.r-eps.com\/es\/wp-json\/wp\/v2\/comments?post=4246"}],"wp:featuredmedia":[{"embeddable":true,"href":"https:\/\/www.r-eps.com\/es\/wp-json\/wp\/v2\/media\/4328"}],"wp:attachment":[{"href":"https:\/\/www.r-eps.com\/es\/wp-json\/wp\/v2\/media?parent=4246"}],"wp:term":[{"taxonomy":"product_brand","embeddable":true,"href":"https:\/\/www.r-eps.com\/es\/wp-json\/wp\/v2\/product_brand?post=4246"},{"taxonomy":"product_cat","embeddable":true,"href":"https:\/\/www.r-eps.com\/es\/wp-json\/wp\/v2\/product_cat?post=4246"},{"taxonomy":"product_tag","embeddable":true,"href":"https:\/\/www.r-eps.com\/es\/wp-json\/wp\/v2\/product_tag?post=4246"}],"curies":[{"name":"WP","href":"https:\/\/api.w.org\/{rel}","templated":true}]}}