{"id":4244,"date":"2025-07-18T12:14:22","date_gmt":"2025-07-18T04:14:22","guid":{"rendered":"http:\/\/www.r-eps.com\/?post_type=product&#038;p=4244"},"modified":"2025-09-26T16:05:07","modified_gmt":"2025-09-26T08:05:07","slug":"graphite-polystyrene-suspension-method-fge","status":"publish","type":"product","link":"https:\/\/www.r-eps.com\/es\/flame-retardant-grade\/graphite-polystyrene-suspension-method-fge\/","title":{"rendered":"Grafito Poliestireno (M\u00e9todo de suspensi\u00f3n) &#8211; FGE"},"content":{"rendered":"<p>El poliestireno de grafito FGE (m\u00e9todo de suspensi\u00f3n) es adecuado para el aislamiento t\u00e9rmico en la construcci\u00f3n y la industria. Cuando el pol\u00edmero se sintetiz\u00f3 mediante polimerizaci\u00f3n en suspensi\u00f3n, el material funcional grafito se a\u00f1adi\u00f3 para hacer que el pol\u00edmero de poliestireno tuviera propiedades funcionales.<\/p>\n<p>Introducci\u00f3n del producto<br \/>\nEl poliestireno FGE-Graphite (m\u00e9todo de suspensi\u00f3n) es adecuado para el aislamiento t\u00e9rmico en la construcci\u00f3n y la industria.<\/p>\n<p>Caracter\u00edsticas del producto<br \/>\n1, el material funcional grafito se a\u00f1ade cuando el pol\u00edmero se sintetiza mediante el proceso de polimerizaci\u00f3n en suspensi\u00f3n, de modo que el pol\u00edmero de poliestireno tiene propiedades funcionales;<\/p>\n<p>2, reducir la conductividad t\u00e9rmica de la placa de aislamiento de poliestireno, mejorar el aislamiento t\u00e9rmico y el rendimiento del aislamiento ac\u00fastico del material;<\/p>\n<p>3, con excelente rendimiento antiest\u00e1tico;<\/p>\n<p>4, adecuado para productos de alta densidad (18KG \/ m\u00b3 o m\u00e1s);<\/p>\n<p>5, uniforme de color del producto, estable;<\/p>\n<p>6, los productos pueden alcanzar el nivel B1.<\/p>\n<table style=\"width: 97.5148%;height: 119px\">\n<tbody>\n<tr style=\"height: 24px\">\n<td style=\"width: 24.4592%;text-align: center;height: 24px\" width=\"142\"><\/td>\n<td style=\"width: 24.4592%;text-align: center;height: 24px\" width=\"142\">Especificaci\u00f3n<\/td>\n<td style=\"width: 24.4592%;text-align: center;height: 24px\" width=\"142\">Tama\u00f1o de part\u00edculas<\/td>\n<td style=\"width: 134.609%;text-align: center;height: 24px\" width=\"142\">Primera relaci\u00f3n de expansi\u00f3n<\/td>\n<\/tr>\n<tr style=\"height: 24px\">\n<td style=\"width: 24.4592%;text-align: center;height: 95px\" rowspan=\"4\" width=\"142\">Material FGE<\/td>\n<td style=\"width: 24.4592%;text-align: center;height: 24px\" width=\"142\">FGE-101<\/td>\n<td style=\"width: 24.4592%;text-align: center;height: 24px\" width=\"142\">1.30-1.60<\/td>\n<td style=\"width: 134.609%;text-align: center;height: 24px\" width=\"142\">40-60<\/td>\n<\/tr>\n<tr style=\"height: 23px\">\n<td style=\"width: 24.4592%;text-align: center;height: 23px\" width=\"142\">FGE-201<\/td>\n<td style=\"width: 24.4592%;text-align: center;height: 23px\" width=\"142\">1.00-1.40<\/td>\n<td style=\"width: 134.609%;text-align: center;height: 23px\" width=\"142\">40-55<\/td>\n<\/tr>\n<tr style=\"height: 24px\">\n<td style=\"width: 24.4592%;text-align: center;height: 24px\" width=\"142\">FGE-301<\/td>\n<td style=\"width: 24.4592%;text-align: center;height: 24px\" width=\"142\">0.75-1.10<\/td>\n<td style=\"width: 134.609%;text-align: center;height: 24px\" width=\"142\">35-55<\/td>\n<\/tr>\n<tr style=\"height: 24px\">\n<td style=\"width: 24.4592%;text-align: center;height: 24px\" width=\"142\">FGE-401<\/td>\n<td style=\"width: 24.4592%;text-align: center;height: 24px\" width=\"142\">0.50-0.80<\/td>\n<td style=\"width: 134.609%;text-align: center;height: 24px\" width=\"142\">25-35<\/td>\n<\/tr>\n<\/tbody>\n<\/table>\n<p>Aislamiento t\u00e9rmico en la construcci\u00f3n y la industria<\/p>\n<p>Nota:<\/p>\n<ol>\n<li>Evite la exposici\u00f3n al sol y mant\u00e9ngase alejado del fuego;<br \/>\n2. La temperatura de almacenamiento debe estar por debajo de 25 grados Celsius;<br \/>\n3. No se utilizar\u00e1 en productos de menor densidad;<br \/>\n4. El tiempo de curado despu\u00e9s de la espuma es generalmente 4-8 horas;<br \/>\n5. La determinaci\u00f3n de los par\u00e1metros de presi\u00f3n de moldeo debe ajustarse de acuerdo con la apariencia y las propiedades de uni\u00f3n interna del producto;<br \/>\n6. Productos para evitar la luz solar directa.<\/li>\n<\/ol>","protected":false},"excerpt":{"rendered":"<p>FGE- Graphite polystyrene (suspension method) is suitable for thermal insulation in construction and industry. When the polymer was synthesized by suspension polymerization, the functional material graphite was added to make the polystyrene polymer have functional properties. Product introduction FGE-Graphite polystyrene (suspension method) is suitable for thermal insulation in construction and industry. Product characteristics 1,The functional [&hellip;]<\/p>\n","protected":false},"featured_media":4364,"comment_status":"closed","ping_status":"closed","template":"","meta":[],"product_brand":[],"product_cat":[46],"product_tag":[],"class_list":{"0":"post-4244","1":"product","2":"type-product","3":"status-publish","4":"has-post-thumbnail","6":"product_cat-flame-retardant-grade","8":"first","9":"instock","10":"shipping-taxable","11":"product-type-simple"},"_links":{"self":[{"href":"https:\/\/www.r-eps.com\/es\/wp-json\/wp\/v2\/product\/4244","targetHints":{"allow":["GET"]}}],"collection":[{"href":"https:\/\/www.r-eps.com\/es\/wp-json\/wp\/v2\/product"}],"about":[{"href":"https:\/\/www.r-eps.com\/es\/wp-json\/wp\/v2\/types\/product"}],"replies":[{"embeddable":true,"href":"https:\/\/www.r-eps.com\/es\/wp-json\/wp\/v2\/comments?post=4244"}],"wp:featuredmedia":[{"embeddable":true,"href":"https:\/\/www.r-eps.com\/es\/wp-json\/wp\/v2\/media\/4364"}],"wp:attachment":[{"href":"https:\/\/www.r-eps.com\/es\/wp-json\/wp\/v2\/media?parent=4244"}],"wp:term":[{"taxonomy":"product_brand","embeddable":true,"href":"https:\/\/www.r-eps.com\/es\/wp-json\/wp\/v2\/product_brand?post=4244"},{"taxonomy":"product_cat","embeddable":true,"href":"https:\/\/www.r-eps.com\/es\/wp-json\/wp\/v2\/product_cat?post=4244"},{"taxonomy":"product_tag","embeddable":true,"href":"https:\/\/www.r-eps.com\/es\/wp-json\/wp\/v2\/product_tag?post=4244"}],"curies":[{"name":"WP","href":"https:\/\/api.w.org\/{rel}","templated":true}]}}