{"id":4243,"date":"2025-07-18T12:09:46","date_gmt":"2025-07-18T04:09:46","guid":{"rendered":"http:\/\/www.r-eps.com\/?post_type=product&#038;p=4243"},"modified":"2025-09-26T16:12:13","modified_gmt":"2025-09-26T08:12:13","slug":"european-standard-flame-retardant-grade-fsh","status":"publish","type":"product","link":"https:\/\/www.r-eps.com\/es\/flame-retardant-grade\/european-standard-flame-retardant-grade-fsh\/","title":{"rendered":"Grado retardante de llama est\u00e1ndar europeo -FSH"},"content":{"rendered":"<p>El grado retardante de llama est\u00e1ndar FSH-europeo es adecuado para el aislamiento t\u00e9rmico en la construcci\u00f3n y la industria, aislamiento t\u00e9rmico pasivo de la habitaci\u00f3n. Espuma uniforme, curado r\u00e1pido; Rendimiento de material m\u00e1s alto que el grado B1 tradicional; La resistencia a la compresi\u00f3n es m\u00e1s de un 20% mayor que otros grados;<\/p>\n<p>Introducci\u00f3n del producto<br \/>\nEl grado retardante de llama est\u00e1ndar FSH-europeo es adecuado para el aislamiento t\u00e9rmico en la construcci\u00f3n y la industria, aislamiento t\u00e9rmico pasivo de la habitaci\u00f3n.<\/p>\n<p>Caracter\u00edsticas del producto<br \/>\n1, espuma uniforme, curado r\u00e1pido;<br \/>\n2, mayor que la tasa de salida de material B1 tradicional;<br \/>\n3, la resistencia a la compresi\u00f3n es m\u00e1s de un 20% mayor que otros grados;<br \/>\n4, la penetraci\u00f3n de vapor de formaci\u00f3n es buena, la fusi\u00f3n del producto es mejor;<br \/>\n5. Se tarda menos tiempo en lograr el rendimiento de combusti\u00f3n B1 que FS;<br \/>\n6, bajo consumo de energ\u00eda de procesamiento, alta eficiencia de producci\u00f3n, especialmente en la m\u00e1quina de placa ordinaria.<\/p>\n<table style=\"width: 94.4264%\">\n<tbody>\n<tr>\n<td style=\"width: 24.4592%;text-align: center\" width=\"142\"><\/td>\n<td style=\"width: 24.4592%;text-align: center\" width=\"142\">Especificaci\u00f3n<\/td>\n<td style=\"width: 24.4592%;text-align: center\" width=\"142\">Tama\u00f1o de part\u00edculas<\/td>\n<td style=\"width: 127.953%;text-align: center\" width=\"142\">Primera relaci\u00f3n de expansi\u00f3n<\/td>\n<\/tr>\n<tr>\n<td style=\"width: 24.4592%;text-align: center\" rowspan=\"5\" width=\"142\">Material FSH<\/td>\n<td style=\"width: 24.4592%;text-align: center\" width=\"142\">FSH-101<\/td>\n<td style=\"width: 24.4592%;text-align: center\" width=\"142\">1.30-1.60<\/td>\n<td style=\"width: 127.953%;text-align: center\" width=\"142\">20-40<\/td>\n<\/tr>\n<tr>\n<td style=\"width: 24.4592%;text-align: center\" width=\"142\">FSH-201<\/td>\n<td style=\"width: 24.4592%;text-align: center\" width=\"142\">1.00-1.40<\/td>\n<td style=\"width: 127.953%;text-align: center\" width=\"142\">20-40<\/td>\n<\/tr>\n<tr>\n<td style=\"width: 24.4592%;text-align: center\" width=\"142\">FSH-301<\/td>\n<td style=\"width: 24.4592%;text-align: center\" width=\"142\">0.75-1.10<\/td>\n<td style=\"width: 127.953%;text-align: center\" width=\"142\">20-40<\/td>\n<\/tr>\n<tr>\n<td style=\"width: 24.4592%;text-align: center\" width=\"142\">FSH-401<\/td>\n<td style=\"width: 24.4592%;text-align: center\" width=\"142\">0.50-0.80<\/td>\n<td style=\"width: 127.953%;text-align: center\" width=\"142\">25-45<\/td>\n<\/tr>\n<tr>\n<td style=\"width: 24.4592%;text-align: center\" width=\"142\">FSH-501<\/td>\n<td style=\"width: 24.4592%;text-align: center\" width=\"142\">0.30-0.55<\/td>\n<td style=\"width: 127.953%;text-align: center\" width=\"142\">35-50<\/td>\n<\/tr>\n<\/tbody>\n<\/table>\n<p>aislamiento hermal en la construcci\u00f3n y la industria Aislamiento pasivo de habitaciones<\/p>","protected":false},"excerpt":{"rendered":"<p>FSH-european standard flame retardant grade is suitable for thermal insulation in construction and industry, passive room thermal insulation. Uniform foaming, curing fast; Higher material yield than the traditional B1 grade; The compressive strength is more than 20% higher than other grades; Product introduction FSH-european standard flame retardant grade is suitable for thermal insulation in construction [&hellip;]<\/p>\n","protected":false},"featured_media":4795,"comment_status":"closed","ping_status":"closed","template":"","meta":[],"product_brand":[],"product_cat":[46],"product_tag":[],"class_list":{"0":"post-4243","1":"product","2":"type-product","3":"status-publish","4":"has-post-thumbnail","6":"product_cat-flame-retardant-grade","8":"first","9":"instock","10":"shipping-taxable","11":"product-type-simple"},"_links":{"self":[{"href":"https:\/\/www.r-eps.com\/es\/wp-json\/wp\/v2\/product\/4243","targetHints":{"allow":["GET"]}}],"collection":[{"href":"https:\/\/www.r-eps.com\/es\/wp-json\/wp\/v2\/product"}],"about":[{"href":"https:\/\/www.r-eps.com\/es\/wp-json\/wp\/v2\/types\/product"}],"replies":[{"embeddable":true,"href":"https:\/\/www.r-eps.com\/es\/wp-json\/wp\/v2\/comments?post=4243"}],"wp:featuredmedia":[{"embeddable":true,"href":"https:\/\/www.r-eps.com\/es\/wp-json\/wp\/v2\/media\/4795"}],"wp:attachment":[{"href":"https:\/\/www.r-eps.com\/es\/wp-json\/wp\/v2\/media?parent=4243"}],"wp:term":[{"taxonomy":"product_brand","embeddable":true,"href":"https:\/\/www.r-eps.com\/es\/wp-json\/wp\/v2\/product_brand?post=4243"},{"taxonomy":"product_cat","embeddable":true,"href":"https:\/\/www.r-eps.com\/es\/wp-json\/wp\/v2\/product_cat?post=4243"},{"taxonomy":"product_tag","embeddable":true,"href":"https:\/\/www.r-eps.com\/es\/wp-json\/wp\/v2\/product_tag?post=4243"}],"curies":[{"name":"WP","href":"https:\/\/api.w.org\/{rel}","templated":true}]}}