{"id":4240,"date":"2025-07-18T12:04:42","date_gmt":"2025-07-18T04:04:42","guid":{"rendered":"http:\/\/www.r-eps.com\/?post_type=product&#038;p=4240"},"modified":"2025-09-26T16:14:40","modified_gmt":"2025-09-26T08:14:40","slug":"light-flame-retardant-grade-fb","status":"publish","type":"product","link":"https:\/\/www.r-eps.com\/es\/flame-retardant-grade\/light-flame-retardant-grade-fb\/","title":{"rendered":"Grado retardante de llama ligero-FB"},"content":{"rendered":"<p>El material de grado retardante de llama de Fb-luz se puede espumar m\u00faltiples veces, la densidad aparente de las burbujas puede ser inferior a 10KG \/ M\u00b3, para la producci\u00f3n de l\u00e1mina de baja densidad. Fb-grado retardante de llama en el proceso de procesamiento para evitar la mezcla de sustancias no retardantes de llama, especialmente prestar atenci\u00f3n a no debe mezclarse con EPS ordinario, estos m\u00e9todos de procesamiento inadecuados reducir\u00e1n el rendimiento retardante de llama.<\/p>\n<p>Introducci\u00f3n del producto<br \/>\nEl material de grado retardante de llama de Fb-luz se puede espumar m\u00faltiples veces, la densidad aparente de las burbujas puede ser inferior a 10KG \/ M\u00b3, para la producci\u00f3n de l\u00e1mina de baja densidad.<\/p>\n<p>Fb-grado retardante de llama en el proceso de procesamiento para evitar la mezcla de sustancias no retardantes de llama, especialmente prestar atenci\u00f3n a no debe mezclarse con EPS ordinario, estos m\u00e9todos de procesamiento inadecuados reducir\u00e1n el rendimiento retardante de llama. Para obtener una buena retardancia de llama, se da un cierto tiempo de envejecimiento al producto moldeado para dejar que el agente espumante residual escape del cuerpo de espuma, y el per\u00edodo de envejecimiento se determina principalmente por el contenido de agente espumante, la densidad aparente, el tama\u00f1o del producto y otras condiciones. Per\u00edodo de envejecimiento recomendado de m\u00e1s de 2 semanas.<\/p>\n<p>Caracter\u00edsticas del producto<br \/>\n1, la velocidad de pre-entrega es r\u00e1pida, ahorrando energ\u00eda;<br \/>\n2, productos ligeros y buen rendimiento retardante de llama;<br \/>\n3. Buena uni\u00f3n y dureza;<br \/>\n4. tama\u00f1o uniforme de part\u00edculas de materias primas, buena fluidez de cuentas espumadas;<br \/>\n5, el agujero de burbuja de perlas es fino y uniforme, la apariencia del producto es lisa y suave;<br \/>\n6, amplio rango de funcionamiento, adecuado para todo tipo de m\u00e1quinas de fabricaci\u00f3n de placas autom\u00e1ticas y manuales;<br \/>\n7, se recomienda que FB-301 haga m\u00e1s de la placa 6KG \/ M, puede obtener productos de buen rendimiento integral.<\/p>\n<table style=\"width: 98.7497%\">\n<tbody>\n<tr>\n<td style=\"width: 24.4592%\" width=\"142\"><\/td>\n<td style=\"width: 24.4592%\" width=\"142\">Especificaci\u00f3n<\/td>\n<td style=\"width: 24.4592%\" width=\"142\">Tama\u00f1o de part\u00edculas<\/td>\n<td style=\"width: 137.271%\" width=\"142\">Primera relaci\u00f3n de expansi\u00f3n<\/td>\n<\/tr>\n<tr>\n<td style=\"width: 24.4592%\" rowspan=\"5\" width=\"142\">Material FB<\/td>\n<td style=\"width: 24.4592%\" width=\"142\">FB-101<\/td>\n<td style=\"width: 24.4592%\" width=\"142\">1.30-1.60<\/td>\n<td style=\"width: 137.271%\" width=\"142\">80-110<\/td>\n<\/tr>\n<tr>\n<td style=\"width: 24.4592%\" width=\"142\">FB-201<\/td>\n<td style=\"width: 24.4592%\" width=\"142\">1.00-1.40<\/td>\n<td style=\"width: 137.271%\" width=\"142\">70-100<\/td>\n<\/tr>\n<tr>\n<td style=\"width: 24.4592%\" width=\"142\">FB-301<\/td>\n<td style=\"width: 24.4592%\" width=\"142\">0.75-1.10<\/td>\n<td style=\"width: 137.271%\" width=\"142\">65-100<\/td>\n<\/tr>\n<tr>\n<td style=\"width: 24.4592%\" width=\"142\">FB-401<\/td>\n<td style=\"width: 24.4592%\" width=\"142\">0.50-0.80<\/td>\n<td style=\"width: 137.271%\" width=\"142\">45-70<\/td>\n<\/tr>\n<tr>\n<td style=\"width: 24.4592%\" width=\"142\">FB-501<\/td>\n<td style=\"width: 24.4592%\" width=\"142\">0.30-0.55<\/td>\n<td style=\"width: 137.271%\" width=\"142\">35-50<\/td>\n<\/tr>\n<\/tbody>\n<\/table>\n<p>Principalmente utilizado para placas de baja densidad, tama\u00f1o de part\u00edcula peque\u00f1o tambi\u00e9n se puede usar para envasado general<\/p>","protected":false},"excerpt":{"rendered":"<p>Fb-light flame retardant grade material can be foamed multiple times, the apparent density of bubbles can be less than 10KG\/M\u00b3, for the production of low density sheet. Fb-flame retardant grade in the processing process to avoid mixing non-flame retardant substances, especially pay attention to must not be mixed with ordinary EPS, these improper processing methods [&hellip;]<\/p>\n","protected":false},"featured_media":4321,"comment_status":"closed","ping_status":"closed","template":"","meta":[],"product_brand":[],"product_cat":[46],"product_tag":[],"class_list":{"0":"post-4240","1":"product","2":"type-product","3":"status-publish","4":"has-post-thumbnail","6":"product_cat-flame-retardant-grade","8":"first","9":"instock","10":"shipping-taxable","11":"product-type-simple"},"_links":{"self":[{"href":"https:\/\/www.r-eps.com\/es\/wp-json\/wp\/v2\/product\/4240","targetHints":{"allow":["GET"]}}],"collection":[{"href":"https:\/\/www.r-eps.com\/es\/wp-json\/wp\/v2\/product"}],"about":[{"href":"https:\/\/www.r-eps.com\/es\/wp-json\/wp\/v2\/types\/product"}],"replies":[{"embeddable":true,"href":"https:\/\/www.r-eps.com\/es\/wp-json\/wp\/v2\/comments?post=4240"}],"wp:featuredmedia":[{"embeddable":true,"href":"https:\/\/www.r-eps.com\/es\/wp-json\/wp\/v2\/media\/4321"}],"wp:attachment":[{"href":"https:\/\/www.r-eps.com\/es\/wp-json\/wp\/v2\/media?parent=4240"}],"wp:term":[{"taxonomy":"product_brand","embeddable":true,"href":"https:\/\/www.r-eps.com\/es\/wp-json\/wp\/v2\/product_brand?post=4240"},{"taxonomy":"product_cat","embeddable":true,"href":"https:\/\/www.r-eps.com\/es\/wp-json\/wp\/v2\/product_cat?post=4240"},{"taxonomy":"product_tag","embeddable":true,"href":"https:\/\/www.r-eps.com\/es\/wp-json\/wp\/v2\/product_tag?post=4240"}],"curies":[{"name":"WP","href":"https:\/\/api.w.org\/{rel}","templated":true}]}}