{"id":4239,"date":"2025-07-18T11:55:57","date_gmt":"2025-07-18T03:55:57","guid":{"rendered":"http:\/\/www.r-eps.com\/?post_type=product&#038;p=4239"},"modified":"2025-09-26T16:16:43","modified_gmt":"2025-09-26T08:16:43","slug":"flame-retardant-grade-f","status":"publish","type":"product","link":"https:\/\/www.r-eps.com\/es\/flame-retardant-grade\/flame-retardant-grade-f\/","title":{"rendered":"Grado retardante de llama &#8211; F &#8211; Material de construcci\u00f3n Aislamiento t\u00e9rmico"},"content":{"rendered":"<p><span style=\"font-family: 'book antiqua', palatino, serif\"><strong><span style=\"font-size: 14pt\">Introducci\u00f3n del producto<\/span><\/strong><\/span><\/p>\n<p><span style=\"font-family: 'book antiqua', palatino, serif\">El grado retardante de llama F EPS no es solo otra placa de aislamiento. Es un material de poliestireno retardante al fuego que ha pasado la certificaci\u00f3n UL (no. E360952). En la l\u00ednea de producci\u00f3n, mezclar con EPS ordinario es un gran no-go, una vez que lo haga, la resistencia a la llama del material de aislamiento EPS disminuir\u00e1 r\u00e1pidamente. Este grado sigue GB \/ T10801.1-2002 y GB8624-2012, ambos est\u00e1ndares nacionales clave para el aislamiento de espuma EPS. Para lograr un rendimiento B2 fiable, el material necesita un envejecimiento adecuado. Los agentes de soplado residuales deben escapar del cuerpo de espuma. Es el mismo principio si se trata de aislamiento de perlas de poliestireno expandido, aislamiento de pared EPS o incluso bloques de poliestireno m\u00e1s grandes para la construcci\u00f3n.<\/span><\/p>\n<p><span style=\"font-family: 'book antiqua', palatino, serif\">N\u00fameros t\u00edpicos de la producci\u00f3n real:<\/span><\/p>\n<p><span style=\"font-family: 'book antiqua', palatino, serif\">15 KG\/M\u00b3: 20 mm de espesor, por lo menos una semana de envejecimiento 20 mm de espesor, por lo menos dos semanas de envejecimiento<\/span><\/p>\n<p><span style=\"font-family: 'book antiqua', palatino, serif\">30 KG\/M\u00b3: 50 mm de espesor, al menos dos semanas de envejecimiento 50 mm de espesor, al menos tres semanas de envejecimiento<\/span><\/p>\n<p>&nbsp;<\/p>\n<p><span style=\"font-size: 14pt;font-family: 'book antiqua', palatino, serif\"><strong>Caracter\u00edsticas del producto<\/strong><\/span><\/p>\n<ul>\n<li><span style=\"font-family: 'book antiqua', palatino, serif\">Fuerte y fiable rendimiento retardante de llama, lo que lo hace adecuado para materiales de construcci\u00f3n est\u00e1ndar B2.<\/span><\/li>\n<li><span style=\"font-family: 'book antiqua', palatino, serif\">Tiempo de entrega corto: la producci\u00f3n y la entrega previa se pueden manejar r\u00e1pidamente sin largos ciclos de espera.<\/span><\/li>\n<li><span style=\"font-family: 'book antiqua', palatino, serif\">Las perlas en bruto tienen un tama\u00f1o de part\u00edcula uniforme y un flujo suave, por lo que el proceso de aislamiento de las perlas de poliestireno expandido se ejecuta de forma constante.<\/span><\/li>\n<li><span style=\"font-family: 'book antiqua', palatino, serif\">Flexible de usar: funciona bien tanto en m\u00e1quinas de fabricaci\u00f3n de placas totalmente autom\u00e1ticas como manuales.<\/span><\/li>\n<li><span style=\"font-family: 'book antiqua', palatino, serif\">Las perlas espumadas forman c\u00e9lulas finas, uniformes, dando al producto final una superficie lisa y consistente.<\/span><\/li>\n<li><span style=\"font-family: 'book antiqua', palatino, serif\">Excelente estabilidad dimensional, fuerte adhesi\u00f3n, adem\u00e1s de un equilibrio de tenacidad y resistencia.<\/span><\/li>\n<li><span style=\"font-family: 'book antiqua', palatino, serif\">La tasa de espuma recomendada es de alrededor de 35-75 veces, dependiendo de las necesidades del proyecto.<\/span><\/li>\n<li><span style=\"font-family: 'book antiqua', palatino, serif\">Adecuado para aplicaciones como aislamiento de espuma EPS, aislamiento de pared EPS y bloques de poliestireno para la construcci\u00f3n.<\/span><\/li>\n<\/ul>\n<p>&nbsp;<\/p>\n<table style=\"width: 99.5228%\">\n<tbody>\n<tr>\n<td style=\"width: 24.4592%;text-align: center\" width=\"142\"><\/td>\n<td style=\"width: 24.4592%;text-align: center\" width=\"142\"><strong>Especificaci\u00f3n<\/strong><\/td>\n<td style=\"width: 24.4592%;text-align: center\" width=\"142\"><strong>Tama\u00f1o de part\u00edculas<\/strong><\/td>\n<td style=\"width: 138.935%;text-align: center\" width=\"142\"><strong>Primera relaci\u00f3n de expansi\u00f3n<\/strong><\/td>\n<\/tr>\n<tr>\n<td style=\"width: 24.4592%;text-align: center\" rowspan=\"4\" width=\"142\">Material F<\/td>\n<td style=\"width: 24.4592%;text-align: center\" width=\"142\">301<\/td>\n<td style=\"width: 24.4592%;text-align: center\" width=\"142\">1.0-1.8<\/td>\n<td style=\"width: 138.935%;text-align: center\" width=\"142\">50-70<\/td>\n<\/tr>\n<tr>\n<td style=\"width: 24.4592%;text-align: center\" width=\"142\">302<\/td>\n<td style=\"width: 24.4592%;text-align: center\" width=\"142\">0.8-1.3<\/td>\n<td style=\"width: 138.935%;text-align: center\" width=\"142\">45-65<\/td>\n<\/tr>\n<tr>\n<td style=\"width: 24.4592%;text-align: center\" width=\"142\">303<\/td>\n<td style=\"width: 24.4592%;text-align: center\" width=\"142\">0.6-1.0<\/td>\n<td style=\"width: 138.935%;text-align: center\" width=\"142\">40-60<\/td>\n<\/tr>\n<tr>\n<td style=\"width: 24.4592%;text-align: center\" width=\"142\">401<\/td>\n<td style=\"width: 24.4592%;text-align: center\" width=\"142\">0.3-0.8<\/td>\n<td style=\"width: 138.935%;text-align: center\" width=\"142\">30-50<\/td>\n<\/tr>\n<\/tbody>\n<\/table>\n<p>&nbsp;<\/p>\n<p><strong><span style=\"font-family: 'book antiqua', palatino, serif;font-size: 14pt\">Ventajas del producto<\/span><\/strong><\/p>\n<ul>\n<li><span style=\"font-family: 'book antiqua', palatino, serif;font-size: 12pt\">Mayor nivel de seguridad: el uso de poliestireno retardante al fuego certificado significa que las paredes y los paneles no son solo aislamiento; A\u00f1aden una capa de protecci\u00f3n.<\/span><\/li>\n<li><span style=\"font-family: 'book antiqua', palatino, serif;font-size: 12pt\">Cumplimiento con las normas internacionales y nacionales: Este material aislante EPS pas\u00f3 la certificaci\u00f3n UL (E360952) y cumple con las clasificaciones GB.<\/span><\/li>\n<li><span style=\"font-family: 'book antiqua', palatino, serif;font-size: 12pt\">Costo-eficacia en la construcci\u00f3n: Gracias a la estructura ligera y el aislamiento eficiente de espuma EPS, el transporte y la manipulaci\u00f3n en el sitio son m\u00e1s f\u00e1ciles, ahorrando mano de obra y energ\u00eda.<\/span><\/li>\n<li><span style=\"font-family: 'book antiqua', palatino, serif;font-size: 12pt\">Versatilidad en la aplicaci\u00f3n: desde el aislamiento de paredes EPS en un peque\u00f1o bloque de carcasa hasta bloques de poliestireno para la construcci\u00f3n en un sitio de f\u00e1brica, el mismo material se adapta.<\/span><\/li>\n<li><span style=\"font-family: 'book antiqua', palatino, serif;font-size: 12pt\">Rendimiento estable a largo plazo: El material de espuma de aislamiento EPS mantiene su forma, resiste la humedad y el valor de aislamiento no disminuye r\u00e1pidamente. Menos mantenimiento, menos sustituciones.<\/span><\/li>\n<li><span style=\"font-family: 'book antiqua', palatino, serif;font-size: 12pt\">Respectuoso con el medio ambiente: Con el tiempo, el ahorro de energ\u00eda se suma. Adem\u00e1s, en comparaci\u00f3n con las espumas normales no retardantes de llama, hay menos residuos en la producci\u00f3n.<\/span><\/li>\n<\/ul>\n<p>&nbsp;<\/p>\n<p><strong><span style=\"font-family: 'book antiqua', palatino, serif;font-size: 14pt\">Campo de aplicaci\u00f3n<\/span><\/strong><\/p>\n<ul>\n<li><span style=\"font-family: 'book antiqua', palatino, serif\">Aislamiento de pared EPS: ampliamente utilizado en apartamentos residenciales, edificios de oficinas y complejos comerciales.<\/span><\/li>\n<li><span style=\"font-family: 'book antiqua', palatino, serif\">Bloques de poliestireno para la construcci\u00f3n: adecuados para estructuras de altura, aislamiento de cimientos y sistemas de paredes de carga. <\/span><\/li>\n<li><span style=\"font-family: 'book antiqua', palatino, serif\">Paneles aislantes de espuma EPS: aplicados en talleres industriales, almacenes y instalaciones de almacenamiento en fr\u00edo.<\/span><\/li>\n<li><span style=\"font-family: 'book antiqua', palatino, serif\">Aislamiento de techo y suelo: mejora la eficiencia t\u00e9rmica al tiempo que reduce los costos energ\u00e9ticos.\u00a0<\/span><\/li>\n<li><span style=\"font-family: 'book antiqua', palatino, serif\">Paneles s\u00e1ndwich y sistemas modulares: adecuados para carcasas prefabricadas y construcci\u00f3n ligera.<\/span><\/li>\n<\/ul>\n<p><span style=\"font-family: 'book antiqua', palatino, serif\">\u00a0<\/span><\/p>","protected":false},"excerpt":{"rendered":"<p><span style=\"font-size: 12pt\">El grado retardante de llama F se utiliza ampliamente en el aislamiento de espuma EPS y el aislamiento de pared EPS, ofreciendo eficiencia t\u00e9rmica y seguridad contra incendios. Hecho de perlas de poliestireno expandido, el material de aislamiento EPS de grado retardante de llama F mantiene los paneles ligeros pero duraderos, a diferencia de las tablas ordinarias que pierden fuerza con el tiempo. HUASHENG retardante de fuego poliestireno retardante de llama grado-F se destaca como un material de aislamiento EPS confiable de los constructores.<\/span><\/p>\n<p><span style=\"font-size: 12pt\"><strong>Caracter\u00edsticas del producto:<\/strong><\/span><\/p>\n<ul>\n<li><span style=\"font-size: 12pt\">Rendimiento retardante de llama<\/span><\/li>\n<li><span style=\"font-size: 12pt\">Tama\u00f1o de part\u00edcula uniforme<\/span><\/li>\n<li><span style=\"font-size: 12pt\">Ligero &amp; Fuerte<\/span><\/li>\n<li><span style=\"font-size: 12pt\">aislamiento t\u00e9rmico<\/span><\/li>\n<\/ul>","protected":false},"featured_media":3339,"comment_status":"closed","ping_status":"closed","template":"","meta":[],"product_brand":[],"product_cat":[46],"product_tag":[],"class_list":{"0":"post-4239","1":"product","2":"type-product","3":"status-publish","4":"has-post-thumbnail","6":"product_cat-flame-retardant-grade","8":"first","9":"instock","10":"shipping-taxable","11":"product-type-simple"},"_links":{"self":[{"href":"https:\/\/www.r-eps.com\/es\/wp-json\/wp\/v2\/product\/4239","targetHints":{"allow":["GET"]}}],"collection":[{"href":"https:\/\/www.r-eps.com\/es\/wp-json\/wp\/v2\/product"}],"about":[{"href":"https:\/\/www.r-eps.com\/es\/wp-json\/wp\/v2\/types\/product"}],"replies":[{"embeddable":true,"href":"https:\/\/www.r-eps.com\/es\/wp-json\/wp\/v2\/comments?post=4239"}],"wp:featuredmedia":[{"embeddable":true,"href":"https:\/\/www.r-eps.com\/es\/wp-json\/wp\/v2\/media\/3339"}],"wp:attachment":[{"href":"https:\/\/www.r-eps.com\/es\/wp-json\/wp\/v2\/media?parent=4239"}],"wp:term":[{"taxonomy":"product_brand","embeddable":true,"href":"https:\/\/www.r-eps.com\/es\/wp-json\/wp\/v2\/product_brand?post=4239"},{"taxonomy":"product_cat","embeddable":true,"href":"https:\/\/www.r-eps.com\/es\/wp-json\/wp\/v2\/product_cat?post=4239"},{"taxonomy":"product_tag","embeddable":true,"href":"https:\/\/www.r-eps.com\/es\/wp-json\/wp\/v2\/product_tag?post=4239"}],"curies":[{"name":"WP","href":"https:\/\/api.w.org\/{rel}","templated":true}]}}