{"id":4238,"date":"2025-07-18T11:52:47","date_gmt":"2025-07-18T03:52:47","guid":{"rendered":"http:\/\/www.r-eps.com\/?post_type=product&#038;p=4238"},"modified":"2025-09-26T15:44:26","modified_gmt":"2025-09-26T07:44:26","slug":"standard-grade-e","status":"publish","type":"product","link":"https:\/\/www.r-eps.com\/es\/common-grade\/standard-grade-e\/","title":{"rendered":"Grado est\u00e1ndar &#8211; E"},"content":{"rendered":"<p><span style=\"font-size: 14pt\"><strong><span style=\"font-family: 'book antiqua', palatino, serif\">Introducci\u00f3n del producto<\/span><\/strong><\/span><\/p>\n<p><span style=\"font-family: 'book antiqua', palatino, serif\">El Grado Est\u00e1ndar - E es un material EPS ampliamente utilizado, compatible con m\u00e1quinas de formaci\u00f3n al vac\u00edo autom\u00e1ticas, m\u00e1quinas de formaci\u00f3n de accionamiento el\u00e9ctrico y prensas hidr\u00e1ulicas de elevaci\u00f3n tradicionales. Con una velocidad de espuma est\u00e1ndar, produce burbujas uniformes y de densidad m\u00e1s ligera a 13 g\/l o m\u00e1s. Este material es part\u00edculas en un solo ciclo. Funciona mejor para productos con una densidad de espuma y es vers\u00e1til y popular entre los fabricantes de paneles de EPS, utilizado para paneles de poliestireno EPS expandido, paneles de revestimiento de poliestireno, paneles de construcci\u00f3n de EPS y revestimiento de espuma de EPS, as\u00ed como en envases el\u00e9ctricos, aislamiento t\u00e9rmico, artesan\u00edas y art\u00edculos decorativos.<\/span><\/p>\n<p>&nbsp;<\/p>\n<p><span style=\"font-size: 14pt;font-family: 'book antiqua', palatino, serif\"><strong>Caracter\u00edsticas del producto<\/strong><\/span><\/p>\n<ul>\n<li><span style=\"font-family: 'book antiqua', palatino, serif\">Velocidad de espuma r\u00e1pida y constante, ideal para fabricantes de paneles de espuma EPS y l\u00edneas de producci\u00f3n.<\/span><\/li>\n<li><span style=\"font-family: 'book antiqua', palatino, serif\">Ratio de espuma est\u00e1ndar, ligeramente inferior al material de grado P, adecuado para paneles de poliestireno EPS expandido y paneles de tabla de perlas de poliestireno expandido.<\/span><\/li>\n<li><span style=\"font-family: 'book antiqua', palatino, serif\">Bajo consumo de energ\u00eda, ahorro de vapor mientras se mantiene el revestimiento de espuma EPS de alta calidad.<\/span><\/li>\n<li><span style=\"font-family: 'book antiqua', palatino, serif\">Tiempo corto de curado y ciclo de moldeo, ayudando a los fabricantes de paneles EPS a mejorar la eficiencia.<\/span><\/li>\n<li><span style=\"font-family: 'book antiqua', palatino, serif\">Excelente fusi\u00f3n de perlas, dando paneles de revestimiento de poliestireno y paneles de construcci\u00f3n de EPS estructura s\u00f3lida.<\/span><\/li>\n<li><span style=\"font-family: 'book antiqua', palatino, serif\">Superficie lisa y uniforme perfecta para paneles de espuma EPS y revestimientos decorativos de espuma EPS.<\/span><\/li>\n<li><span style=\"font-family: 'book antiqua', palatino, serif\">Dimensiones estables, alta resistencia y fuerte aplicabilidad; Resiste a la contracci\u00f3n y deformaci\u00f3n durante la producci\u00f3n de paneles de poliestireno EPS expandido.<\/span><\/li>\n<\/ul>\n<p>&nbsp;<\/p>\n<table style=\"width: 97.0168%;height: 260px\">\n<tbody>\n<tr style=\"height: 52px\">\n<td style=\"width: 24.4592%;height: 52px;text-align: center\" width=\"142\"><\/td>\n<td style=\"width: 24.4592%;height: 52px;text-align: center\" width=\"142\">Especificaci\u00f3n<\/td>\n<td style=\"width: 24.4592%;height: 52px;text-align: center\" width=\"142\">Tama\u00f1o de part\u00edculas<\/td>\n<td style=\"width: 139.004%;height: 52px;text-align: center\" width=\"142\">Primera relaci\u00f3n de expansi\u00f3n<\/td>\n<\/tr>\n<tr style=\"height: 52px\">\n<td style=\"width: 24.4592%;height: 208px;text-align: center\" rowspan=\"4\" width=\"142\">Material E<\/td>\n<td style=\"width: 24.4592%;height: 52px;text-align: center\" width=\"142\">301<\/td>\n<td style=\"width: 24.4592%;height: 52px;text-align: center\" width=\"142\">1.0-1.8<\/td>\n<td style=\"width: 139.004%;height: 52px;text-align: center\" width=\"142\">75-95<\/td>\n<\/tr>\n<tr style=\"height: 52px\">\n<td style=\"width: 24.4592%;height: 52px;text-align: center\" width=\"142\">302<\/td>\n<td style=\"width: 24.4592%;height: 52px;text-align: center\" width=\"142\">0.8-1.3<\/td>\n<td style=\"width: 139.004%;height: 52px;text-align: center\" width=\"142\">65-85<\/td>\n<\/tr>\n<tr style=\"height: 52px\">\n<td style=\"width: 24.4592%;height: 52px;text-align: center\" width=\"142\">303<\/td>\n<td style=\"width: 24.4592%;height: 52px;text-align: center\" width=\"142\">0.6-1.0<\/td>\n<td style=\"width: 139.004%;height: 52px;text-align: center\" width=\"142\">55-75<\/td>\n<\/tr>\n<tr style=\"height: 52px\">\n<td style=\"width: 24.4592%;height: 52px;text-align: center\" width=\"142\">401<\/td>\n<td style=\"width: 24.4592%;height: 52px;text-align: center\" width=\"142\">0.3-0.8<\/td>\n<td style=\"width: 139.004%;height: 52px;text-align: center\" width=\"142\">50-70<\/td>\n<\/tr>\n<\/tbody>\n<\/table>\n<p>&nbsp;<\/p>\n<p><span style=\"font-family: 'book antiqua', palatino, serif;font-size: 14pt\"><strong>Ventajas del producto<\/strong><\/span><\/p>\n<ul>\n<li><span style=\"font-family: 'book antiqua', palatino, serif\">Durable y estable: los paneles mantienen su forma, ideal para paneles de construcci\u00f3n de EPS y paneles de tablero de perlas de poliestireno expandido.<\/span><\/li>\n<li><span style=\"font-family: 'book antiqua', palatino, serif\">Ligero &amp; fuerte: adecuado para paneles de revestimiento de poliestireno y paneles de espuma de EPS.<\/span><\/li>\n<li><span style=\"font-family: 'book antiqua', palatino, serif\">Flexible para diferentes usos: desde revestimiento de espuma de EPS hasta paneles de poliestireno expandido de EPS a medida.<\/span><\/li>\n<li><span style=\"font-family: 'book antiqua', palatino, serif\">Costo-efectivo: brindar apoyo sin residuos materiales adicionales.<\/span><\/li>\n<li><span style=\"font-family: 'book antiqua', palatino, serif\">Suavidad y uniformidad densidad: apreciada por los fabricantes de paneles EPS.<\/span><\/li>\n<\/ul>\n<p>&nbsp;<\/p>\n<p><span style=\"font-family: 'book antiqua', palatino, serif;font-size: 14pt\"><strong>Campos de aplicaci\u00f3n<\/strong><\/span><\/p>\n<ul>\n<li><span style=\"font-family: 'book antiqua', palatino, serif\">Embalaje el\u00e9ctrico: ideal para proteger electrodom\u00e9sticos y electr\u00f3nica delicada.<\/span><\/li>\n<li><span style=\"font-family: 'book antiqua', palatino, serif\">Paneles de espuma EPS &amp; Paneles de tablero de perlas de poliestireno expandidos: utilizados en proyectos de aislamiento, pantalla y construcci\u00f3n ligera.<\/span><\/li>\n<li><span style=\"font-family: 'book antiqua', palatino, serif\">Artesan\u00eda y art\u00edculos decorativos: f\u00e1cil de moldear y manejar para dise\u00f1os peque\u00f1os o complejos.<\/span><\/li>\n<li><span style=\"font-family: 'book antiqua', palatino, serif\">Contenedores de caja integrados: adecuados para el envasado personalizado de varios productos.<\/span><\/li>\n<li><span style=\"font-family: 'book antiqua', palatino, serif\">Compatible con m\u00e1quinas de formaci\u00f3n tradicionales y m\u00e1quinas de moldeo autom\u00e1tico al vac\u00edo.<\/span><\/li>\n<\/ul>","protected":false},"excerpt":{"rendered":"<p>El Grado Est\u00e1ndar \u2013 E es un material poliestireno expandido vers\u00e1til, conocido por su alta relaci\u00f3n de expansi\u00f3n, f\u00e1cil almacenamiento y uni\u00f3n fiable. En la producci\u00f3n, las perlas de espuma se expanden uniformemente y se curan r\u00e1pidamente, por lo que ya sea que est\u00e9 moldeando paneles de poliestireno EPS expandido o paneles de espuma EPS m\u00e1s ligeros, los resultados permanecen consistentes. HUASHENG, un fabricante profesional de paneles de EPS, proporciona paneles de tabla de poliestireno expandido de alta calidad con la superficie saliendo lisa y uniforme, reduciendo el acabado secundario.<\/p>\n<p><strong>Caracter\u00edsticas del producto:<\/strong><\/p>\n<ul>\n<li>Alta relaci\u00f3n de expansi\u00f3n con rendimiento estable.<\/li>\n<li>Acabado superficial uniforme para aplicaciones precisas.<\/li>\n<li>Fuerte adhesividad para un montaje fiable.<\/li>\n<li>Buena estabilidad de almacenamiento con el tiempo.<\/li>\n<li>Adecuado para paneles de espuma de EPS, paneles de tablero de perlas de poliestireno expandido y paneles de revestimiento de poliestireno.<\/li>\n<\/ul>","protected":false},"featured_media":3329,"comment_status":"closed","ping_status":"closed","template":"","meta":[],"product_brand":[],"product_cat":[42],"product_tag":[],"class_list":{"0":"post-4238","1":"product","2":"type-product","3":"status-publish","4":"has-post-thumbnail","6":"product_cat-common-grade","8":"first","9":"instock","10":"shipping-taxable","11":"product-type-simple"},"_links":{"self":[{"href":"https:\/\/www.r-eps.com\/es\/wp-json\/wp\/v2\/product\/4238","targetHints":{"allow":["GET"]}}],"collection":[{"href":"https:\/\/www.r-eps.com\/es\/wp-json\/wp\/v2\/product"}],"about":[{"href":"https:\/\/www.r-eps.com\/es\/wp-json\/wp\/v2\/types\/product"}],"replies":[{"embeddable":true,"href":"https:\/\/www.r-eps.com\/es\/wp-json\/wp\/v2\/comments?post=4238"}],"wp:featuredmedia":[{"embeddable":true,"href":"https:\/\/www.r-eps.com\/es\/wp-json\/wp\/v2\/media\/3329"}],"wp:attachment":[{"href":"https:\/\/www.r-eps.com\/es\/wp-json\/wp\/v2\/media?parent=4238"}],"wp:term":[{"taxonomy":"product_brand","embeddable":true,"href":"https:\/\/www.r-eps.com\/es\/wp-json\/wp\/v2\/product_brand?post=4238"},{"taxonomy":"product_cat","embeddable":true,"href":"https:\/\/www.r-eps.com\/es\/wp-json\/wp\/v2\/product_cat?post=4238"},{"taxonomy":"product_tag","embeddable":true,"href":"https:\/\/www.r-eps.com\/es\/wp-json\/wp\/v2\/product_tag?post=4238"}],"curies":[{"name":"WP","href":"https:\/\/api.w.org\/{rel}","templated":true}]}}