{"id":4235,"date":"2025-07-18T11:48:56","date_gmt":"2025-07-18T03:48:56","guid":{"rendered":"http:\/\/www.r-eps.com\/?post_type=product&#038;p=4235"},"modified":"2025-09-26T13:48:40","modified_gmt":"2025-09-26T05:48:40","slug":"rapid-prototyping-grade-b","status":"publish","type":"product","link":"https:\/\/www.r-eps.com\/es\/common-grade\/rapid-prototyping-grade-b\/","title":{"rendered":"Grado de prototipo r\u00e1pido &#8211; B &#8211; Caja de embalaje de instrumentos de precisi\u00f3n"},"content":{"rendered":"<p><span style=\"font-family: 'book antiqua', palatino, serif;font-size: 14pt\"><strong>Introducci\u00f3n del producto<\/strong><\/span><\/p>\n<p><span style=\"font-family: 'book antiqua', palatino, serif\">El grado de prototipo r\u00e1pido B es un material de envasado de poliestireno expandido vers\u00e1til ampliamente utilizado para electrodom\u00e9sticos, productos de cer\u00e1mica, cajas de pesca, cajas de frutas y verduras, flotadores e incluso artesan\u00edas peque\u00f1as o envases generales. El material de espuma de envasado EPS de grado B de HUASHENG funciona sin problemas tanto con m\u00e1quinas de formaci\u00f3n autom\u00e1ticas como con configuraciones de moldeo de accionamiento el\u00e9ctrico, donde la velocidad de producci\u00f3n suele ser mayor. Gracias a su rendimiento estable de moldeo de espuma de EPS, el material de envasado de poliestireno expandido de grado B ofrece resultados consistentes, ya sea que est\u00e9 ejecutando pedidos a granel de envasado de poliestireno moldeado o simplemente haciendo un lote de piezas de espuma de envasado de EPS personalizadas.<\/span><\/p>\n<p><strong><span style=\"font-family: 'book antiqua', palatino, serif;font-size: 14pt\">Caracter\u00edsticas del producto<\/span><\/strong><\/p>\n<ul>\n<li><span style=\"font-family: 'book antiqua', palatino, serif\">Tama\u00f1o uniforme de perlas con flujo suave, haciendo que el moldeo de espuma EPS sea m\u00e1s estable.<\/span><\/li>\n<li><span style=\"font-family: 'book antiqua', palatino, serif\">Tiempo de curado corto, acelerando los ciclos de producci\u00f3n.<\/span><\/li>\n<li><span style=\"font-family: 'book antiqua', palatino, serif\">Desmoldeo r\u00e1pido en m\u00e1quinas de formaci\u00f3n autom\u00e1ticas, con mayor eficiencia de enfriamiento al vac\u00edo.<\/span><\/li>\n<li><span style=\"font-family: 'book antiqua', palatino, serif\">Fuerte fusi\u00f3n de perlas, dando embalaje de poliestireno moldeado alta resistencia al impacto.<\/span><\/li>\n<li><span style=\"font-family: 'book antiqua', palatino, serif\">Velocidad de espuma recomendada: 40-65 veces para material de envasado de poliestireno expandido fiable.<\/span><\/li>\n<\/ul>\n<p>&nbsp;<\/p>\n<table style=\"width: 98.7497%;height: 260px\">\n<tbody>\n<tr style=\"height: 52px\">\n<td style=\"width: 24.4592%;text-align: center;height: 52px\" width=\"142\"><\/td>\n<td style=\"width: 24.4592%;text-align: center;height: 52px\" width=\"142\"><strong>Especificaci\u00f3n<\/strong><\/td>\n<td style=\"width: 24.4592%;text-align: center;height: 52px\" width=\"142\"><strong>Tama\u00f1o de part\u00edculas<\/strong><\/td>\n<td style=\"width: 137.271%;text-align: center;height: 52px\" width=\"142\"><strong>Primera relaci\u00f3n de expansi\u00f3n<\/strong><\/td>\n<\/tr>\n<tr style=\"height: 52px\">\n<td style=\"width: 24.4592%;text-align: center;height: 208px\" rowspan=\"4\" width=\"142\">Mertail B<\/td>\n<td style=\"width: 24.4592%;text-align: center;height: 52px\" width=\"142\">301<\/td>\n<td style=\"width: 24.4592%;text-align: center;height: 52px\" width=\"142\">1.0-1.8<\/td>\n<td style=\"width: 137.271%;text-align: center;height: 52px\" width=\"142\">50-70<\/td>\n<\/tr>\n<tr style=\"height: 52px\">\n<td style=\"width: 24.4592%;text-align: center;height: 52px\" width=\"142\">302<\/td>\n<td style=\"width: 24.4592%;text-align: center;height: 52px\" width=\"142\">0.8-1.3<\/td>\n<td style=\"width: 137.271%;text-align: center;height: 52px\" width=\"142\">45-65<\/td>\n<\/tr>\n<tr style=\"height: 52px\">\n<td style=\"width: 24.4592%;text-align: center;height: 52px\" width=\"142\">303<\/td>\n<td style=\"width: 24.4592%;text-align: center;height: 52px\" width=\"142\">0.6-1.0<\/td>\n<td style=\"width: 137.271%;text-align: center;height: 52px\" width=\"142\">40-60<\/td>\n<\/tr>\n<tr style=\"height: 52px\">\n<td style=\"width: 24.4592%;text-align: center;height: 52px\" width=\"142\">401<\/td>\n<td style=\"width: 24.4592%;text-align: center;height: 52px\" width=\"142\">0.3-0.8<\/td>\n<td style=\"width: 137.271%;text-align: center;height: 52px\" width=\"142\">30-50<\/td>\n<\/tr>\n<\/tbody>\n<\/table>\n<p>&nbsp;<\/p>\n<p><span style=\"font-family: 'book antiqua', palatino, serif;font-size: 14pt\"><strong>Producto <\/strong><strong>Ventajas<\/strong><strong>s<\/strong><\/span><\/p>\n<ul>\n<li><span style=\"font-family: 'book antiqua', palatino, serif\">Fuerte protecci\u00f3n: productos fr\u00e1giles como l\u00e1mparas cer\u00e1micas o jarrones de vidrio no se agrietan tan f\u00e1cilmente con el material de espuma de envasado EPS de grado B de HUASHENG.<\/span><\/li>\n<li><span style=\"font-family: 'book antiqua', palatino, serif\">Ahorro en carga: HUASHENG B-grado EPSpackaging material de espuma es extra ligero, lo que puede ayudarle a ahorrar en sus gastos de transporte.<\/span><\/li>\n<li><span style=\"font-family: 'book antiqua', palatino, serif\">Funciona a trav\u00e9s de configuraciones: ya sea que est\u00e9 haciendo peque\u00f1os insertos de envasado de poliestireno moldeado o grandes paneles de poliestireno expandido, las perlas fluyen constantemente y no obstruyen las m\u00e1quinas.<\/span><\/li>\n<li><span style=\"font-family: 'book antiqua', palatino, serif\">Mantiene su forma: la espuma EPSpackaging de grado B no se cuelga ni se deforma despu\u00e9s de estar sentada en un almac\u00e9n durante meses.<\/span><\/li>\n<li><span style=\"font-family: 'book antiqua', palatino, serif\">Menos residuos: en comparaci\u00f3n con las espumas m\u00e1s densas, no termina con montones de cortes in\u00fatiles. Las l\u00edneas de producci\u00f3n se mantienen m\u00e1s limpias, y es menos molestia tratar.<\/span><\/li>\n<\/ul>\n<p>&nbsp;<\/p>\n<p><strong><span style=\"font-family: 'book antiqua', palatino, serif;font-size: 14pt\">Campos de aplicaci\u00f3n<\/span><\/strong><\/p>\n<ul>\n<li><span style=\"font-family: 'book antiqua', palatino, serif\">Embalaje el\u00e9ctrico: adecuado para el material de embalaje de poliestireno expandido utilizado en electrodom\u00e9sticos y productos relacionados.<\/span><\/li>\n<li><span style=\"font-family: 'book antiqua', palatino, serif\">Embalaje de cer\u00e1mica: funciona bien con envases de poliestireno moldeado para art\u00edculos delicados.<\/span><\/li>\n<li><span style=\"font-family: 'book antiqua', palatino, serif\">Cajas de pesca y fruta: com\u00fanmente hechas con espuma de envasado EPS, ligera pero fuerte.<\/span><\/li>\n<li><span style=\"font-family: 'book antiqua', palatino, serif\">Cajas de vegetales y flotadores: hechos a trav\u00e9s de procesos eficientes de moldeo de espuma EPS.<\/span><\/li>\n<li><span style=\"font-family: 'book antiqua', palatino, serif\">Artesan\u00eda y embalaje general: adaptable a dise\u00f1os de embalaje de espuma EPS personalizados.<\/span><\/li>\n<li><span style=\"font-family: 'book antiqua', palatino, serif\">Compatible con m\u00e1quinas de formaci\u00f3n autom\u00e1ticas y m\u00e1quinas de formaci\u00f3n de accionamiento el\u00e9ctrico, con mayor eficiencia en el moldeo de poliestireno expandido.<\/span><\/li>\n<\/ul>","protected":false},"excerpt":{"rendered":"<p>El grado de prototipo r\u00e1pido B es un material de embalaje de poliestireno expandido vers\u00e1til para electrodom\u00e9sticos, productos de cer\u00e1mica, cajas de pesca y fruta, flotadores, artesan\u00edas y uso general. Funciona sin problemas en m\u00e1quinas de accionamiento autom\u00e1tico o el\u00e9ctrico con ciclos m\u00e1s r\u00e1pidos. HUASHENG ofrece moldeo de espuma de EPS estable, espuma de envasado de EPS de c\u00e9lulas finas y envasado de poliestireno moldeado confiable, desde cajas a granel hasta insertos de envasado de espuma de EPS personalizados.<\/p>\n<p><strong>Caracter\u00edsticas del producto:<\/strong><\/p>\n<ul>\n<li>Espumando r\u00e1pido&amp; moldeo estable<\/li>\n<li>Material de embalaje EPS ligero<\/li>\n<li>Superficie lisa, acabado limpio<\/li>\n<li>Se ajusta a embalaje de espuma EPS personalizado<\/li>\n<li>Fuerte fusi\u00f3n de perlas, calidad constante<\/li>\n<\/ul>","protected":false},"featured_media":3313,"comment_status":"closed","ping_status":"closed","template":"","meta":[],"product_brand":[],"product_cat":[42],"product_tag":[],"class_list":{"0":"post-4235","1":"product","2":"type-product","3":"status-publish","4":"has-post-thumbnail","6":"product_cat-common-grade","8":"first","9":"instock","10":"shipping-taxable","11":"product-type-simple"},"_links":{"self":[{"href":"https:\/\/www.r-eps.com\/es\/wp-json\/wp\/v2\/product\/4235","targetHints":{"allow":["GET"]}}],"collection":[{"href":"https:\/\/www.r-eps.com\/es\/wp-json\/wp\/v2\/product"}],"about":[{"href":"https:\/\/www.r-eps.com\/es\/wp-json\/wp\/v2\/types\/product"}],"replies":[{"embeddable":true,"href":"https:\/\/www.r-eps.com\/es\/wp-json\/wp\/v2\/comments?post=4235"}],"wp:featuredmedia":[{"embeddable":true,"href":"https:\/\/www.r-eps.com\/es\/wp-json\/wp\/v2\/media\/3313"}],"wp:attachment":[{"href":"https:\/\/www.r-eps.com\/es\/wp-json\/wp\/v2\/media?parent=4235"}],"wp:term":[{"taxonomy":"product_brand","embeddable":true,"href":"https:\/\/www.r-eps.com\/es\/wp-json\/wp\/v2\/product_brand?post=4235"},{"taxonomy":"product_cat","embeddable":true,"href":"https:\/\/www.r-eps.com\/es\/wp-json\/wp\/v2\/product_cat?post=4235"},{"taxonomy":"product_tag","embeddable":true,"href":"https:\/\/www.r-eps.com\/es\/wp-json\/wp\/v2\/product_tag?post=4235"}],"curies":[{"name":"WP","href":"https:\/\/api.w.org\/{rel}","templated":true}]}}