{"id":4234,"date":"2025-07-18T11:37:58","date_gmt":"2025-07-18T03:37:58","guid":{"rendered":"http:\/\/www.r-eps.com\/?post_type=product&#038;p=4234"},"modified":"2025-09-26T16:01:35","modified_gmt":"2025-09-26T08:01:35","slug":"extra-light-grade-p","status":"publish","type":"product","link":"https:\/\/www.r-eps.com\/es\/common-grade\/extra-light-grade-p\/","title":{"rendered":"Grado ligero extra (Caja de embalaje de l\u00e1mpara de cer\u00e1mica) &#8211; P"},"content":{"rendered":"<p><span style=\"font-family: 'book antiqua', palatino, serif\"><span style=\"font-size: 14pt\"><strong>Introducci\u00f3n del producto<\/strong><\/span><br \/>\n<\/span><\/p>\n<p><span style=\"font-family: 'book antiqua', palatino, serif\">El material de embalaje de poliestireno expandido de grado P es un EPS vers\u00e1til que funciona con m\u00e1quinas de formaci\u00f3n al vac\u00edo autom\u00e1ticas, prensas hidr\u00e1ulicas tradicionales y todo tipo de m\u00e1quinas de placas grandes. Con su alta tasa de espumaci\u00f3n, una sola espumaci\u00f3n ya da part\u00edculas de burbujas ligeras y aireadas, mientras que m\u00faltiples ciclos de espumaci\u00f3n producen espuma a\u00fan m\u00e1s ligera, perfecta para densidades inferiores a 18. \u202f g\/l espuma \u00fanica o 10 \u202f g\/l de espuma m\u00faltiple. Las cajas de embalaje de poliestireno expandido de grado P se usan ampliamente en el embalaje de productos mec\u00e1nicos y el\u00e9ctricos, aislamiento t\u00e9rmico, flotadores de pesca, artesan\u00eda, decoraciones, matrices de fundici\u00f3n y otras tablas grandes ligeras.<\/span><\/p>\n<p>&nbsp;<\/p>\n<p><span style=\"font-size: 14pt\"><strong><span style=\"font-family: 'book antiqua', palatino, serif\">Caracter\u00edsticas del producto<\/span><\/strong><\/span><\/p>\n<ul>\n<li><span style=\"font-family: 'book antiqua', palatino, serif\">El embalaje de espuma de poliestireno expandida de grado P de HUASHENG es ultra ligero y resistente y f\u00e1cil de manejar y transportar.<\/span><\/li>\n<li><span style=\"font-family: 'book antiqua', palatino, serif\">Con una velocidad de espumaci\u00f3n r\u00e1pida y una alta tasa de espumaci\u00f3n, HAUSHENG produce perlas de embalaje de poliestireno consistentes y uniformes.<\/span><\/li>\n<li><span style=\"font-family: 'book antiqua', palatino, serif\">Corto ciclo de curado y moldeo, ahorrando tiempo en la producci\u00f3n.<\/span><\/li>\n<li><span style=\"font-family: 'book antiqua', palatino, serif\">Buena fusi\u00f3n y fuerte adaptabilidad para paneles de poliestireno expandido o productos de envasado EPS.<\/span><\/li>\n<li><span style=\"font-family: 'book antiqua', palatino, serif\">Superficie lisa y material estable, adecuado para art\u00edculos delicados como l\u00e1mparas de cer\u00e1mica.<\/span><\/li>\n<\/ul>\n<p>&nbsp;<\/p>\n<table style=\"width: 97.3999%;height: 120px\">\n<tbody>\n<tr style=\"height: 24px\">\n<td style=\"width: 24.4592%;text-align: center;height: 24px\" width=\"142\"><\/td>\n<td style=\"width: 24.4592%;text-align: center;height: 24px\" width=\"142\"><strong>Especificaci\u00f3n<\/strong><\/td>\n<td style=\"width: 24.4592%;text-align: center;height: 24px\" width=\"142\"><strong>Tama\u00f1o de part\u00edculas<\/strong><\/td>\n<td style=\"width: 134.36%;text-align: center;height: 24px\" width=\"142\"><strong>Primera relaci\u00f3n de expansi\u00f3n<\/strong><\/td>\n<\/tr>\n<tr style=\"height: 24px\">\n<td style=\"width: 24.4592%;text-align: center;height: 96px\" rowspan=\"4\" width=\"142\">Material P<\/td>\n<td style=\"width: 24.4592%;text-align: center;height: 24px\" width=\"142\">301<\/td>\n<td style=\"width: 24.4592%;text-align: center;height: 24px\" width=\"142\">1.0-1.8<\/td>\n<td style=\"width: 134.36%;text-align: center;height: 24px\" width=\"142\">80-100<\/td>\n<\/tr>\n<tr style=\"height: 24px\">\n<td style=\"width: 24.4592%;text-align: center;height: 24px\" width=\"142\">302<\/td>\n<td style=\"width: 24.4592%;text-align: center;height: 24px\" width=\"142\">0.8-1.3<\/td>\n<td style=\"width: 134.36%;text-align: center;height: 24px\" width=\"142\">70-90<\/td>\n<\/tr>\n<tr style=\"height: 24px\">\n<td style=\"width: 24.4592%;text-align: center;height: 24px\" width=\"142\">303<\/td>\n<td style=\"width: 24.4592%;text-align: center;height: 24px\" width=\"142\">0.6-1.0<\/td>\n<td style=\"width: 134.36%;text-align: center;height: 24px\" width=\"142\">60-80<\/td>\n<\/tr>\n<tr style=\"height: 24px\">\n<td style=\"width: 24.4592%;text-align: center;height: 24px\" width=\"142\">401<\/td>\n<td style=\"width: 24.4592%;text-align: center;height: 24px\" width=\"142\">0.3-0.8<\/td>\n<td style=\"width: 134.36%;text-align: center;height: 24px\" width=\"142\">55-75<\/td>\n<\/tr>\n<\/tbody>\n<\/table>\n<p>&nbsp;<\/p>\n<p><span style=\"font-size: 14pt;font-family: 'book antiqua', palatino, serif\"><strong>Producto <\/strong><strong>Ventajas<\/strong><strong>s<\/strong><\/span><\/p>\n<ul>\n<li><span style=\"font-family: 'book antiqua', palatino, serif\">Fuerte protecci\u00f3n: l\u00e1mparas de cer\u00e1mica y vidrio pueden tomar un peque\u00f1o golpe o ca\u00edda. El material de embalaje de poliestireno expandido de grado P est\u00e1 dise\u00f1ado para el embalaje de productos fr\u00e1giles con una excelente protecci\u00f3n.<\/span><\/li>\n<li><span style=\"font-family: 'book antiqua', palatino, serif\">Manipulaci\u00f3n ultraligera: Los grandes paneles de embalaje de espuma de poliestireno expandido son f\u00e1ciles de mover.<\/span><\/li>\n<li><span style=\"font-family: 'book antiqua', palatino, serif\">Uso flexible: Funciona bien como paneles de poliestireno expandido, insertos protectores o tablas de embalaje grandes.<\/span><\/li>\n<li><span style=\"font-family: 'book antiqua', palatino, serif\">Rendimiento duradero: Incluso despu\u00e9s de semanas en el estante o m\u00faltiples ejecuciones de pre-espuma, el material de envasado de poliestireno expandido de grado P mantiene su forma.<\/span><\/li>\n<li><span style=\"font-family: 'book antiqua', palatino, serif\">Pr\u00e1ctico y ligeramente m\u00e1s ecol\u00f3gico: Utiliza menos material que las alternativas de espuma densa, lo que significa menos desechos y menos desorden.<\/span><\/li>\n<\/ul>\n<p>&nbsp;<\/p>\n<p><span style=\"font-family: 'book antiqua', palatino, serif;font-size: 14pt\"><strong>Campos de aplicaci\u00f3n<\/strong><\/span><\/p>\n<ul>\n<li><span style=\"font-family: 'book antiqua', palatino, serif\">Grandes paneles de poliestireno expandido: utilizados en tableros ligeros, paneles de pantalla y materiales de separaci\u00f3n t\u00e9rmica.<\/span><\/li>\n<li><span style=\"font-family: 'book antiqua', palatino, serif\">Embalaje de l\u00e1mparas el\u00e9ctricas y cer\u00e1micas: adecuado para m\u00e1quinas de formaci\u00f3n al vac\u00edo autom\u00e1ticas para crear envases protectores.<\/span><\/li>\n<li><span style=\"font-family: 'book antiqua', palatino, serif\">Productos de envasado EPS: aplicados en insertos de espuma personalizados, separadores protectores y envasado de pantalla al por menor.<\/span><\/li>\n<li><span style=\"font-family: 'book antiqua', palatino, serif\">Cajas de poliestireno expandido: ampliamente utilizadas para productos fr\u00e1giles como electr\u00f3nica, vidrio o l\u00e1mparas de cer\u00e1mica.<\/span><\/li>\n<\/ul>","protected":false},"excerpt":{"rendered":"<p>La caja de embalaje de poliestireno expandido de grado P se hizo con un prop\u00f3sito en mente: mantener cosas fr\u00e1giles como l\u00e1mparas de cer\u00e1mica seguras sin acumular peso adicional. Tiene una eficiencia de espuma particularmente alta, buena estabilidad de almacenamiento, excelentes propiedades completas, buena suavidad, buena tenacidad y m\u00faltiples capacidades de pre-espuma. En comparaci\u00f3n con las cajas de poliestireno expandido habituales, esta caja de embalaje de poliestireno expandido se siente m\u00e1s equilibrada, lo suficientemente fuerte como para manejar un golpe durante el env\u00edo, pero lo suficientemente ligera.<\/p>\n<p><strong>Caracter\u00edsticas del producto:<\/strong><\/p>\n<ul>\n<li>Ultraligero y Fuerte<\/li>\n<li>Superficie lisa<\/li>\n<li>Excelente absorci\u00f3n de golpes<\/li>\n<li>Alta eficiencia de espuma<\/li>\n<li>Almacenamiento estable<\/li>\n<li>Pre-espuma de m\u00faltiples formas<\/li>\n<\/ul>","protected":false},"featured_media":3307,"comment_status":"closed","ping_status":"closed","template":"","meta":[],"product_brand":[],"product_cat":[42],"product_tag":[],"class_list":{"0":"post-4234","1":"product","2":"type-product","3":"status-publish","4":"has-post-thumbnail","6":"product_cat-common-grade","8":"first","9":"instock","10":"shipping-taxable","11":"product-type-simple"},"_links":{"self":[{"href":"https:\/\/www.r-eps.com\/es\/wp-json\/wp\/v2\/product\/4234","targetHints":{"allow":["GET"]}}],"collection":[{"href":"https:\/\/www.r-eps.com\/es\/wp-json\/wp\/v2\/product"}],"about":[{"href":"https:\/\/www.r-eps.com\/es\/wp-json\/wp\/v2\/types\/product"}],"replies":[{"embeddable":true,"href":"https:\/\/www.r-eps.com\/es\/wp-json\/wp\/v2\/comments?post=4234"}],"wp:featuredmedia":[{"embeddable":true,"href":"https:\/\/www.r-eps.com\/es\/wp-json\/wp\/v2\/media\/3307"}],"wp:attachment":[{"href":"https:\/\/www.r-eps.com\/es\/wp-json\/wp\/v2\/media?parent=4234"}],"wp:term":[{"taxonomy":"product_brand","embeddable":true,"href":"https:\/\/www.r-eps.com\/es\/wp-json\/wp\/v2\/product_brand?post=4234"},{"taxonomy":"product_cat","embeddable":true,"href":"https:\/\/www.r-eps.com\/es\/wp-json\/wp\/v2\/product_cat?post=4234"},{"taxonomy":"product_tag","embeddable":true,"href":"https:\/\/www.r-eps.com\/es\/wp-json\/wp\/v2\/product_tag?post=4234"}],"curies":[{"name":"WP","href":"https:\/\/api.w.org\/{rel}","templated":true}]}}