{"id":4913,"date":"2025-09-30T17:00:49","date_gmt":"2025-09-30T09:00:49","guid":{"rendered":"https:\/\/www.r-eps.com\/?post_type=product&#038;p=4913"},"modified":"2025-10-29T16:18:58","modified_gmt":"2025-10-29T08:18:58","slug":"extrusion-customized-reps","status":"publish","type":"product","link":"https:\/\/www.r-eps.com\/de\/environmental-protection-grade\/extrusion-customized-reps\/","title":{"rendered":"Extrusion ma\u00dfgeschneiderte REPS"},"content":{"rendered":"<p><span style=\"font-size: 14pt\"><strong><span style=\"font-family: 'book antiqua', palatino, serif\">Produkteinf\u00fchrung<\/span><\/strong><\/span><\/p>\n<p>Die Eigenschaften von REPS-Materialien k\u00f6nnen EPS in Bezug auf Nutzungsfunktionen und Anwendungsfelder vollst\u00e4ndig ersetzen und k\u00f6nnen entsprechend den spezifischen Kundenbed\u00fcrfnissen aktualisiert und modifiziert werden. Mit 100% recyceltem Materialzusatz entspricht es dem Trend der Kohlenstoffneutralit\u00e4t und erh\u00f6ht den gr\u00fcnen Preisverhandlungsvorteil der Produkte.<\/p>\n<p><span style=\"font-size: 14pt;font-family: 'book antiqua', palatino, serif\"><strong>Produkteigenschaften<\/strong><\/span><\/p>\n<ul>\n<li>Das Produkt verf\u00fcgt \u00fcber eine einheitliche Partikelgr\u00f6\u00dfe, einen guten Durchfluss von Schaumpartikel.<\/li>\n<li>Kurze Reifezeit.<\/li>\n<li>Hinzuf\u00fcgen von Recyclingmaterial zur Senkung von Energieverbrauch und Produktionskosten<span style=\"font-family: 'book antiqua', palatino, serif\">.<\/span><\/li>\n<li>Eine ma\u00dfgeschneiderte Produktion kann durchgef\u00fchrt werden, um die Leistung zu optimieren und eine breite Palette an Farben bereitzustellen.<\/li>\n<li>Das beste Schaumverh\u00e4ltnis betr\u00e4gt 18-62 Mal.<\/li>\n<\/ul>\n<table style=\"width: 95.9957%\">\n<tbody>\n<tr>\n<td style=\"width: 23.6016%\" width=\"167\">\n<p style=\"text-align: center\">Produktionstyp<\/p>\n<\/td>\n<td style=\"width: 16.0982%\" width=\"113\">Spezifikation<\/td>\n<td style=\"width: 16.0982%\" width=\"113\">Partikelgr\u00f6\u00dfe<\/td>\n<td style=\"width: 18.5539%\" width=\"131\">Erstmals erweiterbarer Bereich<\/td>\n<td style=\"width: 99.8636%\" width=\"168\">Einsatzbereich<\/td>\n<\/tr>\n<tr>\n<td style=\"width: 23.6016%\" rowspan=\"2\" width=\"167\">\n<p style=\"text-align: center\">Extrusion ma\u00dfgeschneiderte REPS<\/p>\n<p>&nbsp;<\/td>\n<td style=\"width: 16.0982%\" width=\"113\">Reps-302<\/td>\n<td style=\"width: 16.0982%\" width=\"113\">0.8-1.25<\/td>\n<td style=\"width: 18.5539%\" width=\"131\">18-62<\/td>\n<td style=\"width: 99.8636%\" rowspan=\"2\" width=\"168\">Elektronisches Paket, Keramikpaket, auch f\u00fcr allgemeines Paket geeignet<\/td>\n<\/tr>\n<tr>\n<td style=\"width: 16.0982%\" width=\"113\">Reps-303<\/td>\n<td style=\"width: 16.0982%\" width=\"113\">0.6-1<\/td>\n<td style=\"width: 18.5539%\" width=\"131\">18-62<\/td>\n<\/tr>\n<\/tbody>\n<\/table>\n<p>&nbsp;<\/p>\n<p><span style=\"font-family: 'book antiqua', palatino, serif;font-size: 14pt\"><strong>Produktvorteile<\/strong><\/span><\/p>\n<ul>\n<li>Langlebig &amp; stabil: Platten behalten ihre Form, ideal f\u00fcr EPS-Bauplatten und expandierte Polystyrol-Perlen-Platten.<\/li>\n<li>Leicht &amp; amp; stark: geeignet f\u00fcr Polystyrol-Verkleidungsplatten und EPS-Schaumstoffplatten.<\/li>\n<li>Flexibel f\u00fcr verschiedene Anwendungen: von der EPS-Schaumstoffverkleidung bis hin zu kundenspezifischen expandierten Polystyrol-EPS-Platten.<\/li>\n<li>Kosteneffektiv: Unterst\u00fctzung ohne zus\u00e4tzlichen Materialabfall.<\/li>\n<li>Konsistente Glattheit &amp; Dichte: von EPS-Plattenherstellern gesch\u00e4tzt.<\/li>\n<\/ul>\n<p><span style=\"font-family: 'book antiqua', palatino, serif;font-size: 14pt\"><strong>Anwendungsfelder<\/strong><\/span><\/p>\n<ul>\n<li>Elektroverpackung: ideal zum Schutz von Haushaltsger\u00e4ten und Pr\u00e4zisionselektronik.<\/li>\n<li>EPS-Schaumstoffplatten &amp; expandierte Polystyrol-Perlen-Platten: in Isolierungs-, Anzeige- und Leichtbauprojekten verwendet.<\/li>\n<li>Handwerk und Dekorationsgegenst\u00e4nde: Einfach zu formen und zu handhaben f\u00fcr kleine oder komplizierte Designs.<\/li>\n<li>Integrierte Boxbeh\u00e4lter: geeignet f\u00fcr kundenspezifische Verpackung verschiedener Produkte.<\/li>\n<li>Projekte, bei denen REPS in der Displayindustrie anwendbar ist: OC (TV), Module (MNT), Tray Plates (NB, TPC, OLED) usw., mit tats\u00e4chlichen Test- und Nutzungsdaten.<\/li>\n<\/ul>","protected":false},"excerpt":{"rendered":"<p>REPS recyceltes Polystyrolmaterial ist eine Art multifunktionales gesch\u00e4umtes Polystyrolmaterial. Im Produktionsprozess dehnen sich die Schaumstoffperlen gleichm\u00e4\u00dfig aus und h\u00e4rten schnell aus. Es wird weit verbreitet in elektrischen Verpackungen, Baustoffverpackungen, F\u00fcllstoffen und Handwerk.<\/p>\n<p><strong>Produkteigenschaften:<\/strong><\/p>\n<ul>\n<li>Recyclingmaterial hinzuf\u00fcgen und Recycling realisieren.<\/li>\n<li>Entspricht internationaler Recyclingkategorie 6<\/li>\n<li>Reduziert den Produktionsenergieverbrauch um 20% und beschleunigt die Formeffizienz<\/li>\n<li>Ma\u00dfgeschneiderte Produktion nach spezifischen Produkten, optimierte Leistung und Partikelgr\u00f6\u00dfe und reiche Farben<\/li>\n<\/ul>","protected":false},"featured_media":5107,"comment_status":"closed","ping_status":"closed","template":"","meta":[],"product_brand":[],"product_cat":[56],"product_tag":[],"class_list":{"0":"post-4913","1":"product","2":"type-product","3":"status-publish","4":"has-post-thumbnail","6":"product_cat-environmental-protection-grade","8":"first","9":"instock","10":"shipping-taxable","11":"product-type-simple"},"_links":{"self":[{"href":"https:\/\/www.r-eps.com\/de\/wp-json\/wp\/v2\/product\/4913","targetHints":{"allow":["GET"]}}],"collection":[{"href":"https:\/\/www.r-eps.com\/de\/wp-json\/wp\/v2\/product"}],"about":[{"href":"https:\/\/www.r-eps.com\/de\/wp-json\/wp\/v2\/types\/product"}],"replies":[{"embeddable":true,"href":"https:\/\/www.r-eps.com\/de\/wp-json\/wp\/v2\/comments?post=4913"}],"wp:featuredmedia":[{"embeddable":true,"href":"https:\/\/www.r-eps.com\/de\/wp-json\/wp\/v2\/media\/5107"}],"wp:attachment":[{"href":"https:\/\/www.r-eps.com\/de\/wp-json\/wp\/v2\/media?parent=4913"}],"wp:term":[{"taxonomy":"product_brand","embeddable":true,"href":"https:\/\/www.r-eps.com\/de\/wp-json\/wp\/v2\/product_brand?post=4913"},{"taxonomy":"product_cat","embeddable":true,"href":"https:\/\/www.r-eps.com\/de\/wp-json\/wp\/v2\/product_cat?post=4913"},{"taxonomy":"product_tag","embeddable":true,"href":"https:\/\/www.r-eps.com\/de\/wp-json\/wp\/v2\/product_tag?post=4913"}],"curies":[{"name":"WP","href":"https:\/\/api.w.org\/{rel}","templated":true}]}}