{"id":4259,"date":"2025-07-18T13:17:24","date_gmt":"2025-07-18T05:17:24","guid":{"rendered":"http:\/\/www.r-eps.com\/?post_type=product&#038;p=4259"},"modified":"2025-09-26T16:35:49","modified_gmt":"2025-09-26T08:35:49","slug":"black-polystyrene-suspension-fge","status":"publish","type":"product","link":"https:\/\/www.r-eps.com\/de\/carbon-black-grade\/black-polystyrene-suspension-fge\/","title":{"rendered":"Schwarzes Polystyrol (Suspension) &#8211; FGE"},"content":{"rendered":"<p><span style=\"font-family: 'book antiqua', palatino, serif\">Schwarzes Polystyrol FGE-Material (Suspensionsverfahren) eignet sich f\u00fcr elektrische Bauteile und Verpackungen, spezielle schwarze Produkte. Bei der Synthese des Polymers durch Suspensionspolymerisation wurde Ru\u00df zugesetzt, um das Polystyrolpolymerisat funktionelle Eigenschaften zu verleihen.<\/span><\/p>\n<p>&nbsp;<\/p>\n<p><span style=\"font-family: 'book antiqua', palatino, serif\"><strong><span style=\"font-size: 14pt\">Produkteinf\u00fchrung\u00a0\u00a0<\/span><\/strong><\/span><br \/>\n<span style=\"font-family: 'book antiqua', palatino, serif\">Schwarzes Polystyrol FGE-Material (Suspensionsverfahren) eignet sich f\u00fcr elektrische Bauteile und Verpackungen, spezielle schwarze Produkte.<\/span><\/p>\n<p>&nbsp;<\/p>\n<p><span style=\"font-family: 'book antiqua', palatino, serif\"><span style=\"font-size: 14pt\"><strong>Produkteigenschaften\u00a0<\/strong><\/span><br \/>\n<\/span><span style=\"font-family: 'book antiqua', palatino, serif\">\u00a0 \u00a0 \u00a0 \u00a01, Zugabe von Ru\u00df zur Polymersynthese durch Suspensionspolymerisationsprozess, so dass Polystyrolpolymer funktionelle Eigenschaften hat;<\/span><br \/>\n<span style=\"font-family: 'book antiqua', palatino, serif\">\u00a0 \u00a0 \u00a0 \u00a02, Verbesserung der W\u00e4rmed\u00e4mmung und Schalld\u00e4mmung Leistung des Materials;<\/span><br \/>\n<span style=\"font-family: 'book antiqua', palatino, serif\">\u00a0 \u00a0 \u00a0 \u00a03, ausgezeichnete antistatische Eigenschaften;<\/span><br \/>\n<span style=\"font-family: 'book antiqua', palatino, serif\">\u00a0 \u00a0 \u00a0 \u00a04, geeignet f\u00fcr Produkte mit hoher Dichte (18KG \/ m\u00b3 oder mehr);<\/span><br \/>\n<span style=\"font-family: 'book antiqua', palatino, serif\">\u00a0 \u00a0 \u00a0 \u00a05, graue und schwarze Produkte, sch\u00f6ne, einheitliche und stabile Farbe;<\/span><br \/>\n<span style=\"font-family: 'book antiqua', palatino, serif\">\u00a0 \u00a0 \u00a0 \u00a06, Anti-Aging-Produkte;<\/span><br \/>\n<span style=\"font-family: 'book antiqua', palatino, serif\">\u00a0 \u00a0 \u00a0 \u00a07, Produkte k\u00f6nnen B1-Ebene erreichen.<\/span><\/p>\n<table style=\"width: 85.7797%;height: 125px\">\n<tbody>\n<tr style=\"height: 25px\">\n<td style=\"width: 24.4592%;text-align: center;height: 25px\" width=\"142\"><\/td>\n<td style=\"width: 24.4592%;text-align: center;height: 25px\" width=\"142\"><span style=\"font-family: 'book antiqua', palatino, serif\">Spezifikation<\/span><\/td>\n<td style=\"width: 24.4592%;text-align: center;height: 25px\" width=\"142\"><span style=\"font-family: 'book antiqua', palatino, serif\">Partikelgr\u00f6\u00dfe<\/span><\/td>\n<td style=\"width: 109.318%;text-align: center;height: 25px\" width=\"142\"><span style=\"font-family: 'book antiqua', palatino, serif\">Erstes Expansionsverh\u00e4ltnis<\/span><\/td>\n<\/tr>\n<tr style=\"height: 25px\">\n<td style=\"width: 24.4592%;height: 100px;text-align: center\" rowspan=\"4\" width=\"142\"><span style=\"font-family: 'book antiqua', palatino, serif\">Material FGE\u00a0<\/span><\/td>\n<td style=\"width: 24.4592%;text-align: center;height: 25px\" width=\"142\"><span style=\"font-family: 'book antiqua', palatino, serif\">FGE-101<\/span><\/td>\n<td style=\"width: 24.4592%;text-align: center;height: 25px\" width=\"142\"><span style=\"font-family: 'book antiqua', palatino, serif\">1.30-1.60<\/span><\/td>\n<td style=\"width: 109.318%;text-align: center;height: 25px\" width=\"142\"><span style=\"font-family: 'book antiqua', palatino, serif\">40-60<\/span><\/td>\n<\/tr>\n<tr style=\"height: 25px\">\n<td style=\"width: 24.4592%;text-align: center;height: 25px\" width=\"142\"><span style=\"font-family: 'book antiqua', palatino, serif\">FGE-201<\/span><\/td>\n<td style=\"width: 24.4592%;text-align: center;height: 25px\" width=\"142\"><span style=\"font-family: 'book antiqua', palatino, serif\">1.00-1.40<\/span><\/td>\n<td style=\"width: 109.318%;text-align: center;height: 25px\" width=\"142\"><span style=\"font-family: 'book antiqua', palatino, serif\">40-55<\/span><\/td>\n<\/tr>\n<tr style=\"height: 25px\">\n<td style=\"width: 24.4592%;text-align: center;height: 25px\" width=\"142\"><span style=\"font-family: 'book antiqua', palatino, serif\">FGE-301<\/span><\/td>\n<td style=\"width: 24.4592%;text-align: center;height: 25px\" width=\"142\"><span style=\"font-family: 'book antiqua', palatino, serif\">0.75-1.10<\/span><\/td>\n<td style=\"width: 109.318%;text-align: center;height: 25px\" width=\"142\"><span style=\"font-family: 'book antiqua', palatino, serif\">35-55<\/span><\/td>\n<\/tr>\n<tr style=\"height: 25px\">\n<td style=\"width: 24.4592%;text-align: center;height: 25px\" width=\"142\"><span style=\"font-family: 'book antiqua', palatino, serif\">FGE-401<\/span><\/td>\n<td style=\"width: 24.4592%;text-align: center;height: 25px\" width=\"142\"><span style=\"font-family: 'book antiqua', palatino, serif\">0.50-0.80<\/span><\/td>\n<td style=\"width: 109.318%;text-align: center;height: 25px\" width=\"142\"><span style=\"font-family: 'book antiqua', palatino, serif\">25-35<\/span><\/td>\n<\/tr>\n<\/tbody>\n<\/table>\n<p><span style=\"font-family: 'book antiqua', palatino, serif\">Geeignet f\u00fcr elektrische Bauteile und Verpackungen, spezielle schwarze Produkte<\/span><\/p>\n<p><span style=\"font-family: 'book antiqua', palatino, serif\"><strong>Hinweis:<\/strong><\/span><\/p>\n<p><span style=\"font-family: 'book antiqua', palatino, serif\">\u00a0 \u00a0 \u00a0 \u00a01, Vermeiden Sie Sonnenlicht und halten Sie weg von Feuer;<\/span><br \/>\n<span style=\"font-family: 'book antiqua', palatino, serif\">\u00a0 \u00a0 \u00a0 \u00a02, Lagertemperatur sollte unter 25 Grad Celsius liegen;<\/span><br \/>\n<span style=\"font-family: 'book antiqua', palatino, serif\">\u00a0 \u00a0 \u00a0 \u00a03, sollte nicht in Produkten mit niedrigerer Dichte verwendet werden;<\/span><br \/>\n<span style=\"font-family: 'book antiqua', palatino, serif\">\u00a0 \u00a0 \u00a0 \u00a04, Die H\u00e4rtungszeit nach dem Schaumen ist in der Regel 4-8 Stunden;<\/span><br \/>\n<span style=\"font-family: 'book antiqua', palatino, serif\">\u00a0 \u00a0 \u00a0 \u00a05, Die Bestimmung der Formdruckparameter sollte entsprechend dem Aussehen und den internen Verbindungseigenschaften des Produkts angepasst werden;<\/span><\/p>","protected":false},"excerpt":{"rendered":"<p>Black polystyrene FGE material (suspension method) is suitable for electrical structural parts and packaging, special black products. When the polymer was synthesized by suspension polymerization, carbon black was added to make the polystyrene polymer have functional properties. &nbsp; Product introduction\u00a0\u00a0 Black polystyrene FGE material (suspension method) is suitable for electrical structural parts and packaging, special [&hellip;]<\/p>\n","protected":false},"featured_media":4807,"comment_status":"closed","ping_status":"closed","template":"","meta":[],"product_brand":[],"product_cat":[59],"product_tag":[],"class_list":{"0":"post-4259","1":"product","2":"type-product","3":"status-publish","4":"has-post-thumbnail","6":"product_cat-carbon-black-grade","8":"first","9":"instock","10":"shipping-taxable","11":"product-type-simple"},"_links":{"self":[{"href":"https:\/\/www.r-eps.com\/de\/wp-json\/wp\/v2\/product\/4259","targetHints":{"allow":["GET"]}}],"collection":[{"href":"https:\/\/www.r-eps.com\/de\/wp-json\/wp\/v2\/product"}],"about":[{"href":"https:\/\/www.r-eps.com\/de\/wp-json\/wp\/v2\/types\/product"}],"replies":[{"embeddable":true,"href":"https:\/\/www.r-eps.com\/de\/wp-json\/wp\/v2\/comments?post=4259"}],"wp:featuredmedia":[{"embeddable":true,"href":"https:\/\/www.r-eps.com\/de\/wp-json\/wp\/v2\/media\/4807"}],"wp:attachment":[{"href":"https:\/\/www.r-eps.com\/de\/wp-json\/wp\/v2\/media?parent=4259"}],"wp:term":[{"taxonomy":"product_brand","embeddable":true,"href":"https:\/\/www.r-eps.com\/de\/wp-json\/wp\/v2\/product_brand?post=4259"},{"taxonomy":"product_cat","embeddable":true,"href":"https:\/\/www.r-eps.com\/de\/wp-json\/wp\/v2\/product_cat?post=4259"},{"taxonomy":"product_tag","embeddable":true,"href":"https:\/\/www.r-eps.com\/de\/wp-json\/wp\/v2\/product_tag?post=4259"}],"curies":[{"name":"WP","href":"https:\/\/api.w.org\/{rel}","templated":true}]}}