{"id":4257,"date":"2025-07-18T13:13:17","date_gmt":"2025-07-18T05:13:17","guid":{"rendered":"http:\/\/www.r-eps.com\/?post_type=product&#038;p=4257"},"modified":"2025-09-26T16:37:33","modified_gmt":"2025-09-26T08:37:33","slug":"low-thermal-conductivity-carbon-polystyrene-suspension-fge","status":"publish","type":"product","link":"https:\/\/www.r-eps.com\/de\/carbon-black-grade\/low-thermal-conductivity-carbon-polystyrene-suspension-fge\/","title":{"rendered":"Niedrige W\u00e4rmeleitf\u00e4higkeit Kohlenstoffpolystyrol (Suspension) &#8211; FGE"},"content":{"rendered":"<p><span style=\"font-family: 'book antiqua', palatino, serif\">Das FGE-Material aus Kohlenstoffpolystyrol mit niedriger W\u00e4rmeleitf\u00e4higkeit (Suspensionsverfahren) eignet sich f\u00fcr die W\u00e4rmed\u00e4mmung im Bau- und Industriebereich. Wenn das Polymer durch Suspensionspolymerisation synthetisiert wird, wird das funktionelle, niedrige thermische Leitf\u00e4higkeit aufweisende Ru\u00df hinzugef\u00fcgt, um das Polystyrolpolymer funktionelle Eigenschaften zu besitzen.<\/span><\/p>\n<p><span style=\"font-family: 'book antiqua', palatino, serif\"><strong><span style=\"font-size: 14pt\">Produkteinf\u00fchrung\u00a0<\/span><\/strong>\u00a0<\/span><br \/>\n<span style=\"font-family: 'book antiqua', palatino, serif\">Das FGE-Material aus Kohlenstoffpolystyrol mit niedriger W\u00e4rmeleitf\u00e4higkeit (Suspensionsverfahren) eignet sich f\u00fcr die W\u00e4rmed\u00e4mmung im Bau- und Industriebereich.<\/span><\/p>\n<p><span style=\"font-family: 'book antiqua', palatino, serif\"><span style=\"font-size: 14pt\"><strong>Produkteigenschaften<\/strong><\/span>\u00a0\u00a0<\/span><br \/>\n<span style=\"font-family: 'book antiqua', palatino, serif\">1, Wenn das Polymer durch Suspensionspolymerisationsverfahren synthetisiert wird, wird funktionell niedrige thermische Leitf\u00e4higkeit Ru\u00df hinzugef\u00fcgt, um das Polystyrol-Polymer funktionelle Eigenschaften aufweisen zu lassen;<\/span><br \/>\n<span style=\"font-family: 'book antiqua', palatino, serif\">2, Reduzieren Sie die W\u00e4rmeleitf\u00e4higkeit von Polystyrol-Isolierplatte, verbessern Sie die W\u00e4rmed\u00e4mmung und Schalld\u00e4mmung Leistung des Materials;<\/span><br \/>\n<span style=\"font-family: 'book antiqua', palatino, serif\">3, ausgezeichnete antistatische Eigenschaften;<\/span><br \/>\n<span style=\"font-family: 'book antiqua', palatino, serif\">4, geeignet f\u00fcr Produkte mit hoher Dichte (18KG \/ M\u00b3 oder mehr);<\/span><br \/>\n<span style=\"font-family: 'book antiqua', palatino, serif\">5, Produktfarbe ist einheitlich und stabil;<\/span><br \/>\n<span style=\"font-family: 'book antiqua', palatino, serif\">6, Produkte k\u00f6nnen B1-Ebene erreichen.<\/span><\/p>\n<table style=\"width: 96.5887%;height: 120px\">\n<tbody>\n<tr style=\"height: 24px\">\n<td style=\"width: 24.4592%;text-align: center;height: 24px\" width=\"142\"><\/td>\n<td style=\"width: 24.4592%;text-align: center;height: 24px\" width=\"142\">Spezifikation<\/td>\n<td style=\"width: 24.4592%;text-align: center;height: 24px\" width=\"142\">Partikelgr\u00f6\u00dfe<\/td>\n<td style=\"width: 132.612%;text-align: center;height: 24px\" width=\"142\">Erstes Expansionsverh\u00e4ltnis<\/td>\n<\/tr>\n<tr style=\"height: 24px\">\n<td style=\"width: 24.4592%;text-align: center;height: 96px\" rowspan=\"4\" width=\"142\">Material FGE<\/td>\n<td style=\"width: 24.4592%;text-align: center;height: 24px\" width=\"142\">FGE-101<\/td>\n<td style=\"width: 24.4592%;text-align: center;height: 24px\" width=\"142\">1.30-1.60<\/td>\n<td style=\"width: 132.612%;text-align: center;height: 24px\" width=\"142\">40-60<\/td>\n<\/tr>\n<tr style=\"height: 24px\">\n<td style=\"width: 24.4592%;text-align: center;height: 24px\" width=\"142\">FGE-201<\/td>\n<td style=\"width: 24.4592%;text-align: center;height: 24px\" width=\"142\">1.00-1.40<\/td>\n<td style=\"width: 132.612%;text-align: center;height: 24px\" width=\"142\">40-55<\/td>\n<\/tr>\n<tr style=\"height: 24px\">\n<td style=\"width: 24.4592%;text-align: center;height: 24px\" width=\"142\">FGE-301<\/td>\n<td style=\"width: 24.4592%;text-align: center;height: 24px\" width=\"142\">0.75-1.10<\/td>\n<td style=\"width: 132.612%;text-align: center;height: 24px\" width=\"142\">35-55<\/td>\n<\/tr>\n<tr style=\"height: 24px\">\n<td style=\"width: 24.4592%;text-align: center;height: 24px\" width=\"142\">FGE-401<\/td>\n<td style=\"width: 24.4592%;text-align: center;height: 24px\" width=\"142\">0.50-0.80<\/td>\n<td style=\"width: 132.612%;text-align: center;height: 24px\" width=\"142\">25-35<\/td>\n<\/tr>\n<\/tbody>\n<\/table>\n<p><span style=\"font-family: 'book antiqua', palatino, serif\">W\u00e4rmed\u00e4mmung im Bau und Industrie<\/span><\/p>\n<p><span style=\"font-family: 'book antiqua', palatino, serif\"><strong>Hinweis:<\/strong><\/span><\/p>\n<p><span style=\"font-family: 'book antiqua', palatino, serif\">1, Vermeiden Sie Sonnenlicht und halten Sie weg von Feuer;<\/span><br \/>\n<span style=\"font-family: 'book antiqua', palatino, serif\">2, Lagertemperatur sollte unter 25 Grad Celsius liegen;<\/span><br \/>\n<span style=\"font-family: 'book antiqua', palatino, serif\">3, sollte nicht f\u00fcr Produkte mit niedrigerer Dichte verwendet werden;<\/span><br \/>\n<span style=\"font-family: 'book antiqua', palatino, serif\">4, Die H\u00e4rtungszeit nach dem Schaumen ist in der Regel 4-8 Stunden;<\/span><br \/>\n<span style=\"font-family: 'book antiqua', palatino, serif\">5, Die Bestimmung der Formdruckparameter sollte entsprechend dem Aussehen und den internen Verbindungseigenschaften des Produkts angepasst werden;<\/span><\/p>","protected":false},"excerpt":{"rendered":"<p>Low thermal conductivity carbon polystyrene FGE material (suspension method) is suitable for thermal insulation in construction and industry. When the polymer is synthesized by suspension polymerization, the functional low thermal conductivity carbon black is added to make the polystyrene polymer have functional properties. Product introduction\u00a0\u00a0 Low thermal conductivity carbon polystyrene FGE material (suspension method) is [&hellip;]<\/p>\n","protected":false},"featured_media":4806,"comment_status":"closed","ping_status":"closed","template":"","meta":[],"product_brand":[],"product_cat":[59],"product_tag":[],"class_list":{"0":"post-4257","1":"product","2":"type-product","3":"status-publish","4":"has-post-thumbnail","6":"product_cat-carbon-black-grade","8":"first","9":"instock","10":"shipping-taxable","11":"product-type-simple"},"_links":{"self":[{"href":"https:\/\/www.r-eps.com\/de\/wp-json\/wp\/v2\/product\/4257","targetHints":{"allow":["GET"]}}],"collection":[{"href":"https:\/\/www.r-eps.com\/de\/wp-json\/wp\/v2\/product"}],"about":[{"href":"https:\/\/www.r-eps.com\/de\/wp-json\/wp\/v2\/types\/product"}],"replies":[{"embeddable":true,"href":"https:\/\/www.r-eps.com\/de\/wp-json\/wp\/v2\/comments?post=4257"}],"wp:featuredmedia":[{"embeddable":true,"href":"https:\/\/www.r-eps.com\/de\/wp-json\/wp\/v2\/media\/4806"}],"wp:attachment":[{"href":"https:\/\/www.r-eps.com\/de\/wp-json\/wp\/v2\/media?parent=4257"}],"wp:term":[{"taxonomy":"product_brand","embeddable":true,"href":"https:\/\/www.r-eps.com\/de\/wp-json\/wp\/v2\/product_brand?post=4257"},{"taxonomy":"product_cat","embeddable":true,"href":"https:\/\/www.r-eps.com\/de\/wp-json\/wp\/v2\/product_cat?post=4257"},{"taxonomy":"product_tag","embeddable":true,"href":"https:\/\/www.r-eps.com\/de\/wp-json\/wp\/v2\/product_tag?post=4257"}],"curies":[{"name":"WP","href":"https:\/\/api.w.org\/{rel}","templated":true}]}}