{"id":4255,"date":"2025-07-18T13:00:53","date_gmt":"2025-07-18T05:00:53","guid":{"rendered":"http:\/\/www.r-eps.com\/?post_type=product&#038;p=4255"},"modified":"2025-09-26T16:40:12","modified_gmt":"2025-09-26T08:40:12","slug":"graphite-flame-retardant-grade-fgh-n-hbcd","status":"publish","type":"product","link":"https:\/\/www.r-eps.com\/de\/environmental-protection-grade\/graphite-flame-retardant-grade-fgh-n-hbcd\/","title":{"rendered":"Graphitflammhemmende Klasse &#8211; FGH-N-HBCD"},"content":{"rendered":"<p><span style=\"font-family: 'book antiqua', palatino, serif\">Verwenden Sie nicht-HBCD-Flammschutzmittel im Einklang mit den EU-REACH- und ROHS-Normen; Wenn das Polymer durch Suspensionspolymerisation synthetisiert wird, wird das funktionelle Material Graphit oder Ru\u00df zugesetzt, um das Polystyrol-Polymer funktionelle Eigenschaften zu besitzen. Einheitliche Perlen, schnelle Schaumgeschwindigkeit;<\/span><\/p>\n<p><span style=\"font-size: 14pt\"><strong>Produkteigenschaften\u00a0<\/strong>\u00a0<\/span><br \/>\n<span style=\"font-family: 'book antiqua', palatino, serif\">1, die Verwendung von nicht-HBCD-Flammschutzmitteln im Einklang mit den EU-REACH- und ROHS-Normen;<\/span><br \/>\n<span style=\"font-family: 'book antiqua', palatino, serif\">2, die Verwendung von Suspensionspolymerisationsverfahren f\u00fcr die Polymersynthese durch Zugabe von funktionellen Materialien Graphit oder Ru\u00df, so dass Polystyrol-Polymer funktionelle Eigenschaften hat;<\/span><br \/>\n<span style=\"font-family: 'book antiqua', palatino, serif\">3, einheitliche Perlen, schnelle Schaumgeschwindigkeit;<\/span><br \/>\n<span style=\"font-family: 'book antiqua', palatino, serif\">4, gute flammhemmende Leistung, bis zu B1-Ebene;<\/span><br \/>\n<span style=\"font-family: 'book antiqua', palatino, serif\">5, die Blase ist fein und gleichm\u00e4\u00dfig, das Erscheinungsbild des Produkts ist gut;<\/span><br \/>\n<span style=\"font-family: 'book antiqua', palatino, serif\">6, gute Haftung, gute Festigkeit, hohe H\u00e4rte;<\/span><br \/>\n<span style=\"font-family: 'book antiqua', palatino, serif\">7, die Produktgr\u00f6\u00dfenstabilit\u00e4t ist gut;<\/span><br \/>\n<span style=\"font-family: 'book antiqua', palatino, serif\">8, geeignet f\u00fcr eine Vielzahl von EPS-Verarbeitungsanlagen.<\/span><\/p>\n<table style=\"width: 97.035%;height: 260px\">\n<tbody>\n<tr style=\"height: 52px\">\n<td style=\"width: 25.1248%;height: 52px;text-align: center\" width=\"142\"><\/td>\n<td style=\"width: 24.2928%;height: 52px;text-align: center\" width=\"142\">Spezifikation<\/td>\n<td style=\"width: 24.2928%;height: 52px;text-align: center\" width=\"142\">Partikelgr\u00f6\u00dfe<\/td>\n<td style=\"width: 135.108%;height: 52px;text-align: center\" width=\"142\">Erstes Expansionsverh\u00e4ltnis<\/td>\n<\/tr>\n<tr style=\"height: 52px\">\n<td style=\"width: 25.1248%;height: 208px;text-align: center\" rowspan=\"4\" width=\"142\">Material FGH-N-HBCD<\/td>\n<td style=\"width: 24.2928%;height: 52px;text-align: center\" width=\"142\">FGE-101<\/td>\n<td style=\"width: 24.2928%;height: 52px;text-align: center\" width=\"142\">1.30-1.60<\/td>\n<td style=\"width: 135.108%;height: 52px;text-align: center\" width=\"142\">40-60<\/td>\n<\/tr>\n<tr style=\"height: 52px\">\n<td style=\"width: 24.2928%;height: 52px;text-align: center\" width=\"142\">FGE-201<\/td>\n<td style=\"width: 24.2928%;height: 52px;text-align: center\" width=\"142\">1.00-1.40<\/td>\n<td style=\"width: 135.108%;height: 52px;text-align: center\" width=\"142\">40-55<\/td>\n<\/tr>\n<tr style=\"height: 52px\">\n<td style=\"width: 24.2928%;height: 52px;text-align: center\" width=\"142\">FGE-301<\/td>\n<td style=\"width: 24.2928%;height: 52px;text-align: center\" width=\"142\">0.75-1.10<\/td>\n<td style=\"width: 135.108%;height: 52px;text-align: center\" width=\"142\">35-55<\/td>\n<\/tr>\n<tr style=\"height: 52px\">\n<td style=\"width: 24.2928%;height: 52px;text-align: center\" width=\"142\">FGE-401<\/td>\n<td style=\"width: 24.2928%;height: 52px;text-align: center\" width=\"142\">0.50-0.80<\/td>\n<td style=\"width: 135.108%;height: 52px;text-align: center\" width=\"142\">25-35<\/td>\n<\/tr>\n<\/tbody>\n<\/table>\n<p><span style=\"font-family: 'book antiqua', palatino, serif\">Pr\u00e4zisionsinstrumentverpackungen und elektrische Bauteile, Baustoffe<\/span><\/p>","protected":false},"excerpt":{"rendered":"<p>Use non-HBCD flame retardants, in line with EU REACH, ROHS standards; When the polymer is synthesized by suspension polymerization, the functional material graphite or carbon black is added to make the polystyrene polymer have functional properties. Uniform beads, fast foaming speed; Product characteristics\u00a0\u00a0 1, the use of non-HBCD flame retardant, in line with EU REACH, [&hellip;]<\/p>\n","protected":false},"featured_media":4326,"comment_status":"closed","ping_status":"closed","template":"","meta":[],"product_brand":[],"product_cat":[56],"product_tag":[],"class_list":{"0":"post-4255","1":"product","2":"type-product","3":"status-publish","4":"has-post-thumbnail","6":"product_cat-environmental-protection-grade","8":"first","9":"instock","10":"shipping-taxable","11":"product-type-simple"},"_links":{"self":[{"href":"https:\/\/www.r-eps.com\/de\/wp-json\/wp\/v2\/product\/4255","targetHints":{"allow":["GET"]}}],"collection":[{"href":"https:\/\/www.r-eps.com\/de\/wp-json\/wp\/v2\/product"}],"about":[{"href":"https:\/\/www.r-eps.com\/de\/wp-json\/wp\/v2\/types\/product"}],"replies":[{"embeddable":true,"href":"https:\/\/www.r-eps.com\/de\/wp-json\/wp\/v2\/comments?post=4255"}],"wp:featuredmedia":[{"embeddable":true,"href":"https:\/\/www.r-eps.com\/de\/wp-json\/wp\/v2\/media\/4326"}],"wp:attachment":[{"href":"https:\/\/www.r-eps.com\/de\/wp-json\/wp\/v2\/media?parent=4255"}],"wp:term":[{"taxonomy":"product_brand","embeddable":true,"href":"https:\/\/www.r-eps.com\/de\/wp-json\/wp\/v2\/product_brand?post=4255"},{"taxonomy":"product_cat","embeddable":true,"href":"https:\/\/www.r-eps.com\/de\/wp-json\/wp\/v2\/product_cat?post=4255"},{"taxonomy":"product_tag","embeddable":true,"href":"https:\/\/www.r-eps.com\/de\/wp-json\/wp\/v2\/product_tag?post=4255"}],"curies":[{"name":"WP","href":"https:\/\/api.w.org\/{rel}","templated":true}]}}