{"id":4252,"date":"2025-07-18T12:52:58","date_gmt":"2025-07-18T04:52:58","guid":{"rendered":"http:\/\/www.r-eps.com\/?post_type=product&#038;p=4252"},"modified":"2025-09-26T15:51:05","modified_gmt":"2025-09-26T07:51:05","slug":"special-grade-g","status":"publish","type":"product","link":"https:\/\/www.r-eps.com\/de\/graphite-grade\/special-grade-g\/","title":{"rendered":"Sonderqualit\u00e4t (F\u00fcllmaterial) &#8211; G"},"content":{"rendered":"<p><span style=\"font-family: 'book antiqua', palatino, serif;font-size: 14pt\"><strong>Produkteinf\u00fchrung<\/strong><\/span><\/p>\n<p><span style=\"font-family: 'book antiqua', palatino, serif\">Special Grade (F\u00fcllmaterial) - G ist auf kundenspezifische Anforderungen ausgelegt. Dieses kundenspezifische Schaumstoffmaterial ist ideal f\u00fcr expandierte Polystyrolf\u00fcllung, Styrofoam-F\u00fcllstoffe und verschiedene kundenspezifische Schaumstoffverpackungsanwendungen. Es funktioniert gut f\u00fcr empfindliche Verpackungen, Handwerk und andere Anwendungen, bei denen ma\u00dfgeschneidertes EPS-F\u00fcllmaterial ben\u00f6tigt wird.<\/span><\/p>\n<p>&nbsp;<\/p>\n<p><span style=\"font-family: 'book antiqua', palatino, serif;font-size: 14pt\"><strong>Produkteigenschaften<\/strong><\/span><\/p>\n<ul>\n<li><span style=\"font-family: 'book antiqua', palatino, serif\">Special Grade (F\u00fcllmaterial) - G ist eine ma\u00dfgeschneiderte L\u00f6sung f\u00fcr unsere Partner nach spezifischen Bed\u00fcrfnissen, hat aber immer noch die gleichen Eigenschaften wie andere EPS-F\u00fcllmaterial.<\/span><\/li>\n<li><span style=\"font-family: 'book antiqua', palatino, serif\">Anpassbare Dichte &amp; Gr\u00f6\u00dfe: HUASHENG G-Grad expandiertes Polystyrol-F\u00fcllmaterial kann auf verschiedene Anforderungen angepasst werden, was es f\u00fcr verschiedene Bed\u00fcrfnisse geeignet macht.<\/span><\/li>\n<li><span style=\"font-family: 'book antiqua', palatino, serif\">Leicht &amp; amp; elastisch: G-Grade EPS F\u00fcllmaterial bietet D\u00e4mpfung mit extra leichtem Gewicht, ideal f\u00fcr den Versand empfindlicher Gegenst\u00e4nde.<\/span><\/li>\n<li><span style=\"font-family: 'book antiqua', palatino, serif\">Gute Sto\u00dfd\u00e4mpfung: HUASHENG G-Grad kann eine ausgezeichnete Leistung bei der Sto\u00dfd\u00e4mpfung bieten.<\/span><\/li>\n<li><span style=\"font-family: 'book antiqua', palatino, serif\">Einfach zu handhaben und zu formen: Dieses F\u00fcllmaterial kann schnell f\u00fcr verschiedene Anwendungen geschnitten, geformt oder verpackt werden.<\/span><\/li>\n<li><span style=\"font-family: 'book antiqua', palatino, serif\">Stabil &amp; konsistente Qualit\u00e4t: Beibehaltet seine Form w\u00e4hrend der Lagerung und Verwendung und gew\u00e4hrleistet eine zuverl\u00e4ssige Leistung.<\/span><\/li>\n<\/ul>\n<p>&nbsp;<\/p>\n<table style=\"width: 93.6472%;height: 96px\">\n<tbody>\n<tr style=\"height: 24px\">\n<td style=\"width: 24.4592%;text-align: center;height: 24px\" width=\"142\"><\/td>\n<td style=\"width: 24.4592%;text-align: center;height: 24px\" width=\"142\"><span style=\"font-family: 'book antiqua', palatino, serif\">Spezifikation<\/span><\/td>\n<td style=\"width: 24.4592%;text-align: center;height: 24px\" width=\"142\"><span style=\"font-family: 'book antiqua', palatino, serif\">Partikelgr\u00f6\u00dfe<\/span><\/td>\n<td style=\"width: 126.274%;text-align: center;height: 24px\" width=\"142\"><span style=\"font-family: 'book antiqua', palatino, serif\">Erstes Expansionsverh\u00e4ltnis<\/span><\/td>\n<\/tr>\n<tr style=\"height: 24px\">\n<td style=\"width: 24.4592%;text-align: center;height: 72px\" rowspan=\"3\" width=\"142\"><span style=\"font-family: 'book antiqua', palatino, serif\">Material G<\/span><\/td>\n<td style=\"width: 24.4592%;text-align: center;height: 24px\" width=\"142\"><span style=\"font-family: 'book antiqua', palatino, serif\">201<\/span><\/td>\n<td style=\"width: 24.4592%;text-align: center;height: 24px\" width=\"142\"><span style=\"font-family: 'book antiqua', palatino, serif\">1.4-2.3<\/span><\/td>\n<td style=\"width: 126.274%;text-align: center;height: 24px\" width=\"142\"><span style=\"font-family: 'book antiqua', palatino, serif\">90-110<\/span><\/td>\n<\/tr>\n<tr style=\"height: 24px\">\n<td style=\"width: 24.4592%;text-align: center;height: 24px\" width=\"142\"><span style=\"font-family: 'book antiqua', palatino, serif\">502<\/span><\/td>\n<td style=\"width: 24.4592%;text-align: center;height: 24px\" width=\"142\"><span style=\"font-family: 'book antiqua', palatino, serif\">0.3-0.5<\/span><\/td>\n<td style=\"width: 126.274%;text-align: center;height: 24px\" width=\"142\"><span style=\"font-family: 'book antiqua', palatino, serif\">15-30<\/span><\/td>\n<\/tr>\n<tr style=\"height: 24px\">\n<td style=\"width: 24.4592%;text-align: center;height: 24px\" width=\"142\"><span style=\"font-family: 'book antiqua', palatino, serif\">H<\/span><\/td>\n<td style=\"width: 150.734%;text-align: center;height: 24px\" colspan=\"2\" width=\"284\"><span style=\"font-family: 'book antiqua', palatino, serif\">Antistatische Qualit\u00e4t, Oberfl\u00e4cheneimpedanz 09-10120<\/span><\/td>\n<\/tr>\n<\/tbody>\n<\/table>\n<p>&nbsp;<\/p>\n<p><span style=\"font-family: 'book antiqua', palatino, serif;font-size: 14pt\"><strong>Produktvorteile<\/strong><\/span><\/p>\n<ul>\n<li><span style=\"font-family: 'book antiqua', palatino, serif\">Vielseitig: Funktioniert f\u00fcr zerbrechliche Gegenst\u00e4nde, Handwerk oder nur L\u00fccken f\u00fcllen.<\/span><\/li>\n<li><span style=\"font-family: 'book antiqua', palatino, serif\">Licht &amp; praktisch: Platzsparend, einfach zu lagern.<\/span><\/li>\n<li><span style=\"font-family: 'book antiqua', palatino, serif\">Kosteneinsparung: Reduziert Versandgewicht und Handhabungsaufruhr.<\/span><\/li>\n<li><span style=\"font-family: 'book antiqua', palatino, serif\">Stabilit\u00e4t: Beh\u00e4lt seine Form auch nach einigen Sto\u00dfen.<\/span><\/li>\n<li><span style=\"font-family: 'book antiqua', palatino, serif\">Einfach zu bedienen: Arbeitet mit Maschinen oder von Hand. Keine zus\u00e4tzlichen Tricks erforderlich.<\/span><\/li>\n<\/ul>\n<p>&nbsp;<\/p>\n<p><span style=\"font-family: 'book antiqua', palatino, serif;font-size: 14pt\"><strong>Anwendungsfelder<\/strong><\/span><\/p>\n<ul>\n<li><span style=\"font-family: 'book antiqua', palatino, serif\">Expandiertes Polystyrol: Kann verwendet werden, um zerbrechliche Produkte zu sch\u00fctzen und sie im Transport sicher zu halten.<\/span><\/li>\n<li><span style=\"font-family: 'book antiqua', palatino, serif\">Styrofoam-F\u00fcllstoffe f\u00fcr Handwerk: Dieses EPS-F\u00fcllmaterial der G-Klasse kann in verschiedene Formen geschnitten werden. Perfekt f\u00fcr DIY, Schulprojekte oder kleine Dekorationen.<\/span><\/li>\n<li><span style=\"font-family: 'book antiqua', palatino, serif\">Kundenspezifische Schaumverpackung: Anpasst sich an verschiedene Formen oder empfindliche Gegenst\u00e4nde \u2013 erleichtert den Versand.<\/span><\/li>\n<li><span style=\"font-family: 'book antiqua', palatino, serif\">Hobby &amp; DIY-Schaum: Flexibel, leicht und einfach zu handhaben.<\/span><\/li>\n<\/ul>","protected":false},"excerpt":{"rendered":"<p>Spezielle Qualit\u00e4t (F\u00fcllmaterial) - G wird speziell hergestellt, um spezifische Kundenanforderungen zu erf\u00fcllen. Diese expandierte Polystyrol-F\u00fcllung bietet ausgezeichnete D\u00e4mpfung und leichten Schutz, was sie perfekt als EPS-F\u00fcllmaterial oder Styrofoam-F\u00fcllstoffe f\u00fcr empfindliche Gegenst\u00e4nde macht. Seine konsistente Perlengr\u00f6\u00dfe und gute Flie\u00dfbarkeit machen es ideal f\u00fcr kundenspezifische Styrofoam-Verpackungen oder andere kundenspezifische Schaumstoffverpackungsmaterialien.<\/p>\n<p><strong>Produkteigenschaften:<\/strong><\/p>\n<ul>\n<li>Leicht und einfach zu handhaben<\/li>\n<li>Konsistente Perlengr\u00f6\u00dfe f\u00fcr gleichm\u00e4\u00dfige D\u00e4mpfung<\/li>\n<li>Gute Flie\u00dff\u00e4higkeit f\u00fcr einfaches F\u00fcllen<\/li>\n<li>Geeignet f\u00fcr kundenspezifische Schaumstoffverpackungen und EPS-F\u00fcllmaterial<\/li>\n<li>Bietet zuverl\u00e4ssigen Schutz f\u00fcr empfindliche Gegenst\u00e4nde<\/li>\n<\/ul>","protected":false},"featured_media":4811,"comment_status":"closed","ping_status":"closed","template":"","meta":[],"product_brand":[],"product_cat":[52],"product_tag":[62],"class_list":{"0":"post-4252","1":"product","2":"type-product","3":"status-publish","4":"has-post-thumbnail","6":"product_cat-graphite-grade","7":"product_tag-huasheng-eps-filling-material-is-a-kind-of-custom-eps-foam-that-provides-outstanding-performance-suitable-for-styrofoam-fillers-or-other-filling-applications","9":"first","10":"instock","11":"shipping-taxable","12":"product-type-simple"},"_links":{"self":[{"href":"https:\/\/www.r-eps.com\/de\/wp-json\/wp\/v2\/product\/4252","targetHints":{"allow":["GET"]}}],"collection":[{"href":"https:\/\/www.r-eps.com\/de\/wp-json\/wp\/v2\/product"}],"about":[{"href":"https:\/\/www.r-eps.com\/de\/wp-json\/wp\/v2\/types\/product"}],"replies":[{"embeddable":true,"href":"https:\/\/www.r-eps.com\/de\/wp-json\/wp\/v2\/comments?post=4252"}],"wp:featuredmedia":[{"embeddable":true,"href":"https:\/\/www.r-eps.com\/de\/wp-json\/wp\/v2\/media\/4811"}],"wp:attachment":[{"href":"https:\/\/www.r-eps.com\/de\/wp-json\/wp\/v2\/media?parent=4252"}],"wp:term":[{"taxonomy":"product_brand","embeddable":true,"href":"https:\/\/www.r-eps.com\/de\/wp-json\/wp\/v2\/product_brand?post=4252"},{"taxonomy":"product_cat","embeddable":true,"href":"https:\/\/www.r-eps.com\/de\/wp-json\/wp\/v2\/product_cat?post=4252"},{"taxonomy":"product_tag","embeddable":true,"href":"https:\/\/www.r-eps.com\/de\/wp-json\/wp\/v2\/product_tag?post=4252"}],"curies":[{"name":"WP","href":"https:\/\/api.w.org\/{rel}","templated":true}]}}