{"id":4250,"date":"2025-07-18T12:47:39","date_gmt":"2025-07-18T04:47:39","guid":{"rendered":"http:\/\/www.r-eps.com\/?post_type=product&#038;p=4250"},"modified":"2025-09-29T13:07:58","modified_gmt":"2025-09-29T05:07:58","slug":"graphite-polystyrene-extrusion-method-s-32","status":"publish","type":"product","link":"https:\/\/www.r-eps.com\/de\/graphite-grade\/graphite-polystyrene-extrusion-method-s-32\/","title":{"rendered":"Graphitpolystyrol (Extrusionsmethode) &#8211; S-32"},"content":{"rendered":"<p>S-32 f\u00fchrte Infrarot-absorbierende Materialien, einschlie\u00dflich nat\u00fcrlichen Flakengraphit und Graphitpartikel, in Polystyrol-Polymermaterialien durch Extrusionsverfahren ein. Das Flakengraphit absorbierte und reflektierte Strahlenergie in den gesch\u00e4umten Perlen, was die W\u00e4rmed\u00e4mmungsfunktion des flexiblen Polystyrolkerns verbesserte.<\/p>\n<p>Produkteigenschaften<\/p>\n<p>1, S-32 verwendet Extrusionsmethode, um Infrarot-Absorptionsmaterialien einzuf\u00fchren &#8211; nat\u00fcrliches Flakengraphit, Graphitpartikel in Polystyrol-Polymermaterialien;<br \/>\n2, Flake Graphit absorbiert und reflektiert Strahlenergie in den gesch\u00e4umten Perlen, was die adiabatische Funktion des flexiblen Polystyrolkerns verbessert;<br \/>\n3, Die mechanischen Eigenschaften und das Molekulargewicht des Graphitpolystyrol-Polymers wurden durch H\u00e4rtemittel und Verst\u00e4rkungsmittel verbessert;<br \/>\n4, Die W\u00e4rmeleitf\u00e4higkeit von S-32 ist weniger als 0,032W \/ M.K, die W\u00e4rmeleitf\u00e4higkeit von gew\u00f6hnlichen EPS ist 0,039W \/ M.K und die W\u00e4rmed\u00e4mmungsleistung von S-32 wird um mehr als 25% verbessert;<br \/>\n5, flammhemmende Leistung erreicht B1 Niveau Anforderungen, Sauerstoffindex \u226532;<br \/>\n6, Produkte der Serie S-32 werden haupts\u00e4chlich in passiven R\u00e4umen und energiesparenden Geb\u00e4uden mit hohem Standard verwendet;<br \/>\n7, S-32 hat ein h\u00f6heres Molekulargewicht und eine hohe Druckfestigkeit;<br \/>\n8, bessere Dimensionsstabilit\u00e4t von Produkten;<br \/>\n9, Die Produkte werden in Geb\u00e4uden mit Haltbarkeit und Witterungsbest\u00e4ndigkeit verwendet.<\/p>\n<table style=\"width: 98.2415%;height: 120px\">\n<tbody>\n<tr style=\"height: 24px\">\n<td style=\"width: 24.4592%;text-align: center;height: 24px\" width=\"142\"><\/td>\n<td style=\"width: 24.4592%;text-align: center;height: 24px\" width=\"142\">Spezifikation<\/td>\n<td style=\"width: 24.4592%;text-align: center;height: 24px\" width=\"142\">Partikelgr\u00f6\u00dfe<\/td>\n<td style=\"width: 136.175%;text-align: center;height: 24px\" width=\"142\">Erstes Expansionsverh\u00e4ltnis<\/td>\n<\/tr>\n<tr style=\"height: 24px\">\n<td style=\"width: 24.4592%;text-align: center;height: 96px\" rowspan=\"4\" width=\"142\">Material S-32<\/td>\n<td style=\"width: 24.4592%;text-align: center;height: 24px\" width=\"142\">110<\/td>\n<td style=\"width: 24.4592%;text-align: center;height: 24px\" width=\"142\">1.30-1.60<\/td>\n<td style=\"width: 136.175%;text-align: center;height: 96px\" rowspan=\"4\" width=\"142\">18-30<\/td>\n<\/tr>\n<tr style=\"height: 24px\">\n<td style=\"width: 24.4592%;text-align: center;height: 24px\" width=\"142\">109<\/td>\n<td style=\"width: 24.4592%;text-align: center;height: 24px\" width=\"142\">1.00-1.40<\/td>\n<\/tr>\n<tr style=\"height: 24px\">\n<td style=\"width: 24.4592%;text-align: center;height: 24px\" width=\"142\">108<\/td>\n<td style=\"width: 24.4592%;text-align: center;height: 24px\" width=\"142\">0.75-1.10<\/td>\n<\/tr>\n<tr style=\"height: 24px\">\n<td style=\"width: 24.4592%;text-align: center;height: 24px\" width=\"142\">107<\/td>\n<td style=\"width: 24.4592%;text-align: center;height: 24px\" width=\"142\">0.50-0.80<\/td>\n<\/tr>\n<\/tbody>\n<\/table>\n<p>W\u00e4rmed\u00e4mmung von Bau und Industrie, W\u00e4rmed\u00e4mmung von Passivraum<\/p>\n<p>Hinweis: S-32 Graphitpolystyrol (nach Kundenanforderungen angepasst)<\/p>","protected":false},"excerpt":{"rendered":"<p>S-32 introduced infrared absorbent materials, including natural flake graphite and graphite particles, into polystyrene polymer materials by extrusion method. The flake graphite absorbed and reflected radiant energy in the foamed beads, which improved the thermal insulation function of the flexible polystyrene core. Product characteristics 1, S-32 uses extrusion method to introduce infrared absorption materials &#8211; [&hellip;]<\/p>\n","protected":false},"featured_media":4367,"comment_status":"closed","ping_status":"closed","template":"","meta":[],"product_brand":[],"product_cat":[52],"product_tag":[],"class_list":{"0":"post-4250","1":"product","2":"type-product","3":"status-publish","4":"has-post-thumbnail","6":"product_cat-graphite-grade","8":"first","9":"instock","10":"shipping-taxable","11":"product-type-simple"},"_links":{"self":[{"href":"https:\/\/www.r-eps.com\/de\/wp-json\/wp\/v2\/product\/4250","targetHints":{"allow":["GET"]}}],"collection":[{"href":"https:\/\/www.r-eps.com\/de\/wp-json\/wp\/v2\/product"}],"about":[{"href":"https:\/\/www.r-eps.com\/de\/wp-json\/wp\/v2\/types\/product"}],"replies":[{"embeddable":true,"href":"https:\/\/www.r-eps.com\/de\/wp-json\/wp\/v2\/comments?post=4250"}],"wp:featuredmedia":[{"embeddable":true,"href":"https:\/\/www.r-eps.com\/de\/wp-json\/wp\/v2\/media\/4367"}],"wp:attachment":[{"href":"https:\/\/www.r-eps.com\/de\/wp-json\/wp\/v2\/media?parent=4250"}],"wp:term":[{"taxonomy":"product_brand","embeddable":true,"href":"https:\/\/www.r-eps.com\/de\/wp-json\/wp\/v2\/product_brand?post=4250"},{"taxonomy":"product_cat","embeddable":true,"href":"https:\/\/www.r-eps.com\/de\/wp-json\/wp\/v2\/product_cat?post=4250"},{"taxonomy":"product_tag","embeddable":true,"href":"https:\/\/www.r-eps.com\/de\/wp-json\/wp\/v2\/product_tag?post=4250"}],"curies":[{"name":"WP","href":"https:\/\/api.w.org\/{rel}","templated":true}]}}