{"id":4249,"date":"2025-07-18T12:43:31","date_gmt":"2025-07-18T04:43:31","guid":{"rendered":"http:\/\/www.r-eps.com\/?post_type=product&#038;p=4249"},"modified":"2025-09-29T13:06:53","modified_gmt":"2025-09-29T05:06:53","slug":"graphite-polystyrene-extrusion-method-s33","status":"publish","type":"product","link":"https:\/\/www.r-eps.com\/de\/graphite-grade\/graphite-polystyrene-extrusion-method-s33\/","title":{"rendered":"Graphitpolystyrol (Extrusionsmethode) &#8211; S33"},"content":{"rendered":"<p>S-33 brachte das Infrarot absorbierende Material, nat\u00fcrliches Flakengraphit, durch Extrusionsprozess in das Polystyrol-Polymer ein. Die Graphitpartikel absorbierten und reflektierten die Strahlenenergie in den gesch\u00e4umten Perlen, was die W\u00e4rmed\u00e4mmungsfunktion des flexiblen Polystyrolkerns verbesserte. Die W\u00e4rmeleitf\u00e4higkeit von S-33 betr\u00e4gt weniger als 0,033W\/M.K, die W\u00e4rmeleitf\u00e4higkeit von gew\u00f6hnlichem EPS betr\u00e4gt 0,039W\/M.K und die W\u00e4rmed\u00e4mmungsleistung von S-33 wird um mehr als 20% verbessert.<\/p>\n<p>Produkteigenschaften<br \/>\n1, S-33 f\u00fchrte das Infrarot absorbierende Material &#8212; nat\u00fcrliches Flakengraphit im Polystyrol-Polymermaterial durch Extrusionsverfahren. Die Graphitpartikel absorbierten und reflektierten die Strahlenenergie in den gesch\u00e4umten Perlen, was die W\u00e4rmed\u00e4mmungsfunktion des flexiblen Polystyrolkerns verbesserte;<br \/>\n2, Die W\u00e4rmeleitf\u00e4higkeit von S-33 ist weniger als 0,033W \/ M.K, die W\u00e4rmeleitf\u00e4higkeit des gew\u00f6hnlichen EPS ist 0,039W \/ M.K und die W\u00e4rmed\u00e4mmungsleistung von S-33 wird um mehr als 20% verbessert.<br \/>\n3, flammhemmende Leistung erreicht B1-Niveau, Sauerstoffindex \u226530;<br \/>\n4, Produkte der Serie S-33 werden haupts\u00e4chlich f\u00fcr die Au\u00dfenwandsisolation verwendet, besonders f\u00fcr energiesparende Geb\u00e4ude geeignet;<br \/>\n5, hohe Druckfestigkeit, gute Dimensionsstabilit\u00e4t der Produkte;<br \/>\n6, hohes Molekulargewicht.<\/p>\n<table style=\"width: 98.2867%;height: 120px\">\n<tbody>\n<tr style=\"height: 24px\">\n<td style=\"width: 24.4592%;text-align: center;height: 24px\" width=\"142\"><\/td>\n<td style=\"width: 24.4592%;text-align: center;height: 24px\" width=\"142\">Spezifikation<\/td>\n<td style=\"width: 24.4592%;text-align: center;height: 24px\" width=\"142\">Partikelgr\u00f6\u00dfe<\/td>\n<td style=\"width: 136.273%;text-align: center;height: 24px\" width=\"142\">Erstes Expansionsverh\u00e4ltnis<\/td>\n<\/tr>\n<tr style=\"height: 24px\">\n<td style=\"width: 24.4592%;text-align: center;height: 96px\" rowspan=\"4\" width=\"142\">Material S-33<\/td>\n<td style=\"width: 24.4592%;text-align: center;height: 24px\" width=\"142\">110<\/td>\n<td style=\"width: 24.4592%;text-align: center;height: 24px\" width=\"142\">1.30-1.60<\/td>\n<td style=\"width: 136.273%;text-align: center;height: 96px\" rowspan=\"4\" width=\"142\">18-30<\/td>\n<\/tr>\n<tr style=\"height: 24px\">\n<td style=\"width: 24.4592%;text-align: center;height: 24px\" width=\"142\">109<\/td>\n<td style=\"width: 24.4592%;text-align: center;height: 24px\" width=\"142\">1.00-1.40<\/td>\n<\/tr>\n<tr style=\"height: 24px\">\n<td style=\"width: 24.4592%;text-align: center;height: 24px\" width=\"142\">108<\/td>\n<td style=\"width: 24.4592%;text-align: center;height: 24px\" width=\"142\">0.75-1.10<\/td>\n<\/tr>\n<tr style=\"height: 24px\">\n<td style=\"width: 24.4592%;text-align: center;height: 24px\" width=\"142\">107<\/td>\n<td style=\"width: 24.4592%;text-align: center;height: 24px\" width=\"142\">0.50-0.80<\/td>\n<\/tr>\n<\/tbody>\n<\/table>\n<p>W\u00e4rmed\u00e4mmung im Bau und Industrie<\/p>","protected":false},"excerpt":{"rendered":"<p>S-33 introduced the infrared absorbing material, natural flake graphite, into the polystyrene polymer by extrusion process. The graphite particles absorbed and reflected the radiation energy in the foamed beads, which improved the thermal insulation function of the flexible polystyrene core. The thermal conductivity of S-33 is less than 0.033W\/M.K, the thermal conductivity of ordinary EPS [&hellip;]<\/p>\n","protected":false},"featured_media":4368,"comment_status":"closed","ping_status":"closed","template":"","meta":[],"product_brand":[],"product_cat":[52],"product_tag":[],"class_list":{"0":"post-4249","1":"product","2":"type-product","3":"status-publish","4":"has-post-thumbnail","6":"product_cat-graphite-grade","8":"first","9":"instock","10":"shipping-taxable","11":"product-type-simple"},"_links":{"self":[{"href":"https:\/\/www.r-eps.com\/de\/wp-json\/wp\/v2\/product\/4249","targetHints":{"allow":["GET"]}}],"collection":[{"href":"https:\/\/www.r-eps.com\/de\/wp-json\/wp\/v2\/product"}],"about":[{"href":"https:\/\/www.r-eps.com\/de\/wp-json\/wp\/v2\/types\/product"}],"replies":[{"embeddable":true,"href":"https:\/\/www.r-eps.com\/de\/wp-json\/wp\/v2\/comments?post=4249"}],"wp:featuredmedia":[{"embeddable":true,"href":"https:\/\/www.r-eps.com\/de\/wp-json\/wp\/v2\/media\/4368"}],"wp:attachment":[{"href":"https:\/\/www.r-eps.com\/de\/wp-json\/wp\/v2\/media?parent=4249"}],"wp:term":[{"taxonomy":"product_brand","embeddable":true,"href":"https:\/\/www.r-eps.com\/de\/wp-json\/wp\/v2\/product_brand?post=4249"},{"taxonomy":"product_cat","embeddable":true,"href":"https:\/\/www.r-eps.com\/de\/wp-json\/wp\/v2\/product_cat?post=4249"},{"taxonomy":"product_tag","embeddable":true,"href":"https:\/\/www.r-eps.com\/de\/wp-json\/wp\/v2\/product_tag?post=4249"}],"curies":[{"name":"WP","href":"https:\/\/api.w.org\/{rel}","templated":true}]}}