{"id":4246,"date":"2025-07-18T12:25:18","date_gmt":"2025-07-18T04:25:18","guid":{"rendered":"http:\/\/www.r-eps.com\/?post_type=product&#038;p=4246"},"modified":"2025-09-26T16:33:33","modified_gmt":"2025-09-26T08:33:33","slug":"graphite-grade-s","status":"publish","type":"product","link":"https:\/\/www.r-eps.com\/de\/graphite-grade\/graphite-grade-s\/","title":{"rendered":"Graphitqualit\u00e4t &#8211; S &#8211; Flammschutzpaneele"},"content":{"rendered":"<p><span style=\"font-family: 'book antiqua', palatino, serif;font-size: 14pt\"><strong>Produkteinf\u00fchrung<\/strong><\/span><\/p>\n<p><span style=\"font-family: 'book antiqua', palatino, serif\">Graphite Grade-S ist ein flammhemmender EPS-Schaumstoff, der eine Brandklasse B1 erreicht (GB8624-2012). Die Platten und Formprodukte aus Graphitexpandiertem Polystyrol sind selbstl\u00f6schend, was eine Art Erleichterung ist, wenn Sie \u00fcber die Sicherheit in Geb\u00e4uden oder Lager nachdenken. Die W\u00e4rmeleitf\u00e4higkeit des feuerhemmenden Schaumstoffs der S-Klasse liegt bei etwa 0,033 W\/(m\u00b7K), so dass es W\u00e4rme besser in- oder aush\u00e4lt als Ihr durchschnittlicher Schaum. Nach dem Schaumen f\u00e4llt die Dichte in der Regel zwischen 15 und 35 kg\/m\u00b3, was ein sch\u00f6nes hohes Ausdehnungsverh\u00e4ltnis bietet und gleichzeitig ziemlich robust bleibt. Ob f\u00fcr Isolierung oder sichere Verpackung, S-Grad Graphit EPS Isolationsmaterial ist die beste Wahl.<\/span><\/p>\n<p>&nbsp;<\/p>\n<p><span style=\"font-family: 'book antiqua', palatino, serif;font-size: 14pt\"><strong>Produkteigenschaften<\/strong>\u00a0<\/span><\/p>\n<ul>\n<li><span style=\"font-family: 'book antiqua', palatino, serif\">Farbe und Material: Uniform schwarz oder dunkelgrau. Hergestellt aus hochwertigen Graphit-EPS-Perlen unter Verwendung moderner Verfahren f\u00fcr gleichbleibende Dichte und Oberfl\u00e4che.<\/span><\/li>\n<li><span style=\"font-family: 'book antiqua', palatino, serif\">Brandbest\u00e4ndigkeit: Erreicht Klasse B1 (GB8624-2012), selbstl\u00f6schend und schwer zu verbrennen. Bietet zuverl\u00e4ssige Sicherheit ohne zus\u00e4tzliche Sch\u00fctte.<\/span><\/li>\n<li><span style=\"font-family: 'book antiqua', palatino, serif\">W\u00e4rmed\u00e4mmung: Niedrige W\u00e4rmeleitf\u00e4higkeit um 0,033 W\/(mK); Diese S-Klasse feuerhafte Schaumstoffplatte bietet eine bessere W\u00e4rmer\u00fcckhaltung als Standard-EPS-Schaumstoffplatten.<\/span><\/li>\n<li><span style=\"font-family: 'book antiqua', palatino, serif\">Leicht &amp; amp; stark: Bei hohem Ausdehnungsverh\u00e4ltnis betr\u00e4gt die Dichte der schwarzen Expandierten Polystyrolplatten nach dem Aufsch\u00e4umen 15\u201335 kg\/m\u00b3 und bleibt sie unter Druck stabil.<\/span><\/li>\n<li><span style=\"font-family: 'book antiqua', palatino, serif\">Gute Formung und Fusion: Graphit EPS-Isolierperlen binden sich gut in Formen, wodurch feuerhemmende Schaumstoffbl\u00e4tter oder schwarzer Verpackungsschaum glatt und langlebig sind.<\/span><\/li>\n<li><span style=\"font-family: 'book antiqua', palatino, serif\">Umweltfreundliche Effizienz: geringerer Materialverbrauch f\u00fcr den gleichen Isolationseffekt, reduziert Abfall und ist leichter zu handhaben.<\/span><\/li>\n<\/ul>\n<p>&nbsp;<\/p>\n<table style=\"width: 97.0914%;height: 260px\">\n<tbody>\n<tr style=\"height: 52px\">\n<td style=\"width: 24.4592%;text-align: center;height: 52px\" width=\"142\"><\/td>\n<td style=\"width: 24.4592%;text-align: center;height: 52px\" width=\"142\"><span style=\"font-family: 'book antiqua', palatino, serif\">Spezifikation<\/span><\/td>\n<td style=\"width: 24.4592%;text-align: center;height: 52px\" width=\"142\"><span style=\"font-family: 'book antiqua', palatino, serif\">Partikelgr\u00f6\u00dfe<\/span><\/td>\n<td style=\"width: 137.372%;text-align: center;height: 52px\" width=\"142\"><span style=\"font-family: 'book antiqua', palatino, serif\">Erstes Expansionsverh\u00e4ltnis<\/span><\/td>\n<\/tr>\n<tr style=\"height: 52px\">\n<td style=\"width: 24.4592%;text-align: center;height: 208px\" rowspan=\"4\" width=\"142\"><span style=\"font-family: 'book antiqua', palatino, serif\">Material S<\/span><\/td>\n<td style=\"width: 24.4592%;height: 52px;text-align: center\" width=\"142\"><span style=\"font-family: 'book antiqua', palatino, serif\">301<\/span><\/td>\n<td style=\"width: 24.4592%;text-align: center;height: 52px\" width=\"142\"><span style=\"font-family: 'book antiqua', palatino, serif\">1.0-1.8<\/span><\/td>\n<td style=\"width: 137.372%;text-align: center;height: 52px\" width=\"142\"><span style=\"font-family: 'book antiqua', palatino, serif\">50-70<\/span><\/td>\n<\/tr>\n<tr style=\"height: 52px\">\n<td style=\"width: 24.4592%;text-align: center;height: 52px\" width=\"142\"><span style=\"font-family: 'book antiqua', palatino, serif\">302<\/span><\/td>\n<td style=\"width: 24.4592%;text-align: center;height: 52px\" width=\"142\"><span style=\"font-family: 'book antiqua', palatino, serif\">0.8-1.3<\/span><\/td>\n<td style=\"width: 137.372%;text-align: center;height: 52px\" width=\"142\"><span style=\"font-family: 'book antiqua', palatino, serif\">45-65<\/span><\/td>\n<\/tr>\n<tr style=\"height: 52px\">\n<td style=\"width: 24.4592%;text-align: center;height: 52px\" width=\"142\"><span style=\"font-family: 'book antiqua', palatino, serif\">303<\/span><\/td>\n<td style=\"width: 24.4592%;text-align: center;height: 52px\" width=\"142\"><span style=\"font-family: 'book antiqua', palatino, serif\">0.6-1.0<\/span><\/td>\n<td style=\"width: 137.372%;text-align: center;height: 52px\" width=\"142\"><span style=\"font-family: 'book antiqua', palatino, serif\">40-60<\/span><\/td>\n<\/tr>\n<tr style=\"height: 52px\">\n<td style=\"width: 24.4592%;text-align: center;height: 52px\" width=\"142\"><span style=\"font-family: 'book antiqua', palatino, serif\">401<\/span><\/td>\n<td style=\"width: 24.4592%;text-align: center;height: 52px\" width=\"142\"><span style=\"font-family: 'book antiqua', palatino, serif\">0.3-0.8<\/span><\/td>\n<td style=\"width: 137.372%;text-align: center;height: 52px\" width=\"142\"><span style=\"font-family: 'book antiqua', palatino, serif\">30-50<\/span><\/td>\n<\/tr>\n<\/tbody>\n<\/table>\n<p>&nbsp;<\/p>\n<p><span style=\"font-family: 'book antiqua', palatino, serif;font-size: 14pt\"><strong>Produktvorteile<\/strong><\/span><\/p>\n<ul>\n<li><span style=\"font-family: 'book antiqua', palatino, serif\">Leicht und praktisch: Graphit EPS Perlen und schwarzes Expandiertes Polystyrol sind \u00fcberraschend leicht.<\/span><\/li>\n<li><span style=\"font-family: 'book antiqua', palatino, serif\">Kosteneffektiv: Flammschutz EPS Schaumstoff oder Feuerschutz Schaumstoffblech bietet eine ausgezeichnete Leistung in der Isolierung und Brandbest\u00e4ndigkeit.<\/span><\/li>\n<li><span style=\"font-family: 'book antiqua', palatino, serif\">Haltbarkeit: Schwarzer Verpackungsschaum, Graphit-EPS-Isolierplatten oder EPS-Flammschutzbleche gleiten ziemlich reibungslos in manuelle oder automatische Prozesse. Maschinen wie sie; Menschen m\u00f6gen sie noch mehr.<\/span><\/li>\n<li><span style=\"font-family: 'book antiqua', palatino, serif\">Stabilit\u00e4t: Flammhemmende Polystyrolperlen und EPS-Feuerschutzplatten springen sch\u00f6n zur\u00fcck. Kein Abklingen, keine seltsamen D\u00e4mpfe, nachdem sie herumgezogen wurden.<\/span><\/li>\n<li><span style=\"font-family: 'book antiqua', palatino, serif\">\u00d6kobonus: Die Verwendung von Graphitexpandiertem Polystyrol oder kundenspezifischem schwarzem Schaumstoffverpackungsmaterial bedeutet weniger Rohstoff f\u00fcr den gleichen Effekt.<\/span><\/li>\n<\/ul>\n<p>&nbsp;<\/p>\n<p><span style=\"font-family: 'book antiqua', palatino, serif;font-size: 14pt\"><strong>Anwendungsfelder<\/strong><\/span><\/p>\n<ul>\n<li><span style=\"font-family: 'book antiqua', palatino, serif\">Feuersichere Isolierplatten: Graphit EPS-Isolierung und flammhemmender EPS-Schaum werden weit verbreitet in W\u00e4nden, Decken und B\u00f6den, wo Sicherheit wichtig ist.<\/span><\/li>\n<li><span style=\"font-family: 'book antiqua', palatino, serif\">Verpackung f\u00fcr empfindliche Waren: Schwarzes expandiertes Polystyrol-Schaumstoff bietet eine sichere Umgebung zum Schutz von Elektronik, Glaswaren oder anderen empfindlichen Gegenst\u00e4nden w\u00e4hrend des Transports.<\/span><\/li>\n<li><span style=\"font-family: 'book antiqua', palatino, serif\">Konstruktionsbekleidung: Brandschutzschaumstoffplatten und flammhemmende EPS-Platten sind ideal f\u00fcr Au\u00dfen- oder Innenbekleidungen.<\/span><\/li>\n<li><span style=\"font-family: 'book antiqua', palatino, serif\">Kundenspezifische Schaumstoffl\u00f6sungen: Feuerhemmende Schaumstoffbl\u00e4tter der S-Klasse k\u00f6nnen auf ungew\u00f6hnliche Formen oder Sonderprodukte zugeschnitten werden. Flexibel genug, um ungew\u00f6hnliche Designs zu passen, ohne auseinander zu brechen.<\/span><\/li>\n<\/ul>","protected":false},"excerpt":{"rendered":"<p>Graphite Grade-S ist ein feuerhemmendes Schaumstoffblech, das hart ist, wo es z\u00e4hlt. Es erf\u00fcllt die Standards der Klasse B1 (GB8624-2012), also wird es, wenn ein Funke f\u00e4llt, nicht in ein Feuer bel\u00fcften - grunds\u00e4tzlich selbstl\u00f6schend. Die Graphitexpandierten Polystyrolplatten sind leicht, leicht zu schneiden oder zu formen und halten ihre Form auch nach der Handhabung, was ein kleiner Segen ist, wenn Sie jemals mit schwereren Bretten gek\u00e4mpft haben. HUASHENG S-Grad EPS Feuerschutzplatten sind perfekt f\u00fcr geformte Produkte oder installierbare Platten; Es ist eine Mischung aus Praktizit\u00e4t und Sicherheit.<\/p>\n<p><strong>Produkteigenschaften:<\/strong><\/p>\n<ul>\n<li>Selbstl\u00f6schend, Brandschutz Klasse B1.<\/li>\n<li>Leicht, aber robust.<\/li>\n<li>Beh\u00e4lt Form, kein Abklingen.<\/li>\n<li>Glatte Oberfl\u00e4che, einsatzbereit.<\/li>\n<li>Flexibel f\u00fcr Platten oder Formteile.<\/li>\n<\/ul>","protected":false},"featured_media":4328,"comment_status":"closed","ping_status":"closed","template":"","meta":[],"product_brand":[],"product_cat":[52],"product_tag":[],"class_list":{"0":"post-4246","1":"product","2":"type-product","3":"status-publish","4":"has-post-thumbnail","6":"product_cat-graphite-grade","8":"first","9":"instock","10":"shipping-taxable","11":"product-type-simple"},"_links":{"self":[{"href":"https:\/\/www.r-eps.com\/de\/wp-json\/wp\/v2\/product\/4246","targetHints":{"allow":["GET"]}}],"collection":[{"href":"https:\/\/www.r-eps.com\/de\/wp-json\/wp\/v2\/product"}],"about":[{"href":"https:\/\/www.r-eps.com\/de\/wp-json\/wp\/v2\/types\/product"}],"replies":[{"embeddable":true,"href":"https:\/\/www.r-eps.com\/de\/wp-json\/wp\/v2\/comments?post=4246"}],"wp:featuredmedia":[{"embeddable":true,"href":"https:\/\/www.r-eps.com\/de\/wp-json\/wp\/v2\/media\/4328"}],"wp:attachment":[{"href":"https:\/\/www.r-eps.com\/de\/wp-json\/wp\/v2\/media?parent=4246"}],"wp:term":[{"taxonomy":"product_brand","embeddable":true,"href":"https:\/\/www.r-eps.com\/de\/wp-json\/wp\/v2\/product_brand?post=4246"},{"taxonomy":"product_cat","embeddable":true,"href":"https:\/\/www.r-eps.com\/de\/wp-json\/wp\/v2\/product_cat?post=4246"},{"taxonomy":"product_tag","embeddable":true,"href":"https:\/\/www.r-eps.com\/de\/wp-json\/wp\/v2\/product_tag?post=4246"}],"curies":[{"name":"WP","href":"https:\/\/api.w.org\/{rel}","templated":true}]}}