{"id":4244,"date":"2025-07-18T12:14:22","date_gmt":"2025-07-18T04:14:22","guid":{"rendered":"http:\/\/www.r-eps.com\/?post_type=product&#038;p=4244"},"modified":"2025-09-26T16:05:07","modified_gmt":"2025-09-26T08:05:07","slug":"graphite-polystyrene-suspension-method-fge","status":"publish","type":"product","link":"https:\/\/www.r-eps.com\/de\/flame-retardant-grade\/graphite-polystyrene-suspension-method-fge\/","title":{"rendered":"Graphitpolystyrol (Suspensionsverfahren) &#8211; FGE"},"content":{"rendered":"<p>FGE-Graphitpolystyrol (Suspensionsverfahren) eignet sich f\u00fcr die W\u00e4rmed\u00e4mmung im Bau- und Industriebereich. Bei der Synthese des Polymers durch Suspensionspolymerisation wurde das funktionelle Material Graphit zugesetzt, um das Polystyrolpolymerisat funktionelle Eigenschaften zu verleihen.<\/p>\n<p>Produkteinf\u00fchrung<br \/>\nFGE-Graphite Polystyrol (Suspensionsverfahren) eignet sich f\u00fcr die W\u00e4rmed\u00e4mmung im Bau- und Industriebereich.<\/p>\n<p>Produkteigenschaften<br \/>\n1, das funktionelle Material Graphit wird hinzugef\u00fcgt, wenn das Polymer durch Suspensionspolymerisationsprozess synthetisiert wird, so dass das Polystyrol-Polymer funktionelle Eigenschaften hat;<\/p>\n<p>2, reduzieren Sie die W\u00e4rmeleitf\u00e4higkeit von Polystyrol-Isolierplatte, verbessern Sie die W\u00e4rmed\u00e4mmung und Schalld\u00e4mmung Leistung des Materials;<\/p>\n<p>3, mit ausgezeichneter antistatischer Leistung;<\/p>\n<p>4, geeignet f\u00fcr Produkte mit hoher Dichte (18KG \/ m\u00b3 oder mehr);<\/p>\n<p>5, Produktfarbe einheitlich, stabil;<\/p>\n<p>6, Produkte k\u00f6nnen B1-Ebene erreichen.<\/p>\n<table style=\"width: 97.5148%;height: 119px\">\n<tbody>\n<tr style=\"height: 24px\">\n<td style=\"width: 24.4592%;text-align: center;height: 24px\" width=\"142\"><\/td>\n<td style=\"width: 24.4592%;text-align: center;height: 24px\" width=\"142\">Spezifikation<\/td>\n<td style=\"width: 24.4592%;text-align: center;height: 24px\" width=\"142\">Partikelgr\u00f6\u00dfe<\/td>\n<td style=\"width: 134.609%;text-align: center;height: 24px\" width=\"142\">Erstes Expansionsverh\u00e4ltnis<\/td>\n<\/tr>\n<tr style=\"height: 24px\">\n<td style=\"width: 24.4592%;text-align: center;height: 95px\" rowspan=\"4\" width=\"142\">Material FGE<\/td>\n<td style=\"width: 24.4592%;text-align: center;height: 24px\" width=\"142\">FGE-101<\/td>\n<td style=\"width: 24.4592%;text-align: center;height: 24px\" width=\"142\">1.30-1.60<\/td>\n<td style=\"width: 134.609%;text-align: center;height: 24px\" width=\"142\">40-60<\/td>\n<\/tr>\n<tr style=\"height: 23px\">\n<td style=\"width: 24.4592%;text-align: center;height: 23px\" width=\"142\">FGE-201<\/td>\n<td style=\"width: 24.4592%;text-align: center;height: 23px\" width=\"142\">1.00-1.40<\/td>\n<td style=\"width: 134.609%;text-align: center;height: 23px\" width=\"142\">40-55<\/td>\n<\/tr>\n<tr style=\"height: 24px\">\n<td style=\"width: 24.4592%;text-align: center;height: 24px\" width=\"142\">FGE-301<\/td>\n<td style=\"width: 24.4592%;text-align: center;height: 24px\" width=\"142\">0.75-1.10<\/td>\n<td style=\"width: 134.609%;text-align: center;height: 24px\" width=\"142\">35-55<\/td>\n<\/tr>\n<tr style=\"height: 24px\">\n<td style=\"width: 24.4592%;text-align: center;height: 24px\" width=\"142\">FGE-401<\/td>\n<td style=\"width: 24.4592%;text-align: center;height: 24px\" width=\"142\">0.50-0.80<\/td>\n<td style=\"width: 134.609%;text-align: center;height: 24px\" width=\"142\">25-35<\/td>\n<\/tr>\n<\/tbody>\n<\/table>\n<p>W\u00e4rmed\u00e4mmung im Bau und Industrie<\/p>\n<p>Hinweis:<\/p>\n<ol>\n<li>Vermeiden Sie Sonnenlicht und halten Sie sich weg von Feuer;<br \/>\n2. Lagertemperatur sollte unter 25 Grad Celsius liegen;<br \/>\n3. Darf nicht in Produkten mit niedrigerer Dichte verwendet werden;<br \/>\n4. Die Aush\u00e4rtezeit nach dem Schaumen ist in der Regel 4-8 Stunden;<br \/>\n5. Die Bestimmung der Formdruckparameter sollte entsprechend dem Erscheinungsbild und den internen Verbindungseigenschaften des Produkts angepasst werden;<br \/>\n6. Produkte, um direktes Sonnenlicht zu vermeiden.<\/li>\n<\/ol>","protected":false},"excerpt":{"rendered":"<p>FGE- Graphite polystyrene (suspension method) is suitable for thermal insulation in construction and industry. When the polymer was synthesized by suspension polymerization, the functional material graphite was added to make the polystyrene polymer have functional properties. Product introduction FGE-Graphite polystyrene (suspension method) is suitable for thermal insulation in construction and industry. Product characteristics 1,The functional [&hellip;]<\/p>\n","protected":false},"featured_media":4364,"comment_status":"closed","ping_status":"closed","template":"","meta":[],"product_brand":[],"product_cat":[46],"product_tag":[],"class_list":{"0":"post-4244","1":"product","2":"type-product","3":"status-publish","4":"has-post-thumbnail","6":"product_cat-flame-retardant-grade","8":"first","9":"instock","10":"shipping-taxable","11":"product-type-simple"},"_links":{"self":[{"href":"https:\/\/www.r-eps.com\/de\/wp-json\/wp\/v2\/product\/4244","targetHints":{"allow":["GET"]}}],"collection":[{"href":"https:\/\/www.r-eps.com\/de\/wp-json\/wp\/v2\/product"}],"about":[{"href":"https:\/\/www.r-eps.com\/de\/wp-json\/wp\/v2\/types\/product"}],"replies":[{"embeddable":true,"href":"https:\/\/www.r-eps.com\/de\/wp-json\/wp\/v2\/comments?post=4244"}],"wp:featuredmedia":[{"embeddable":true,"href":"https:\/\/www.r-eps.com\/de\/wp-json\/wp\/v2\/media\/4364"}],"wp:attachment":[{"href":"https:\/\/www.r-eps.com\/de\/wp-json\/wp\/v2\/media?parent=4244"}],"wp:term":[{"taxonomy":"product_brand","embeddable":true,"href":"https:\/\/www.r-eps.com\/de\/wp-json\/wp\/v2\/product_brand?post=4244"},{"taxonomy":"product_cat","embeddable":true,"href":"https:\/\/www.r-eps.com\/de\/wp-json\/wp\/v2\/product_cat?post=4244"},{"taxonomy":"product_tag","embeddable":true,"href":"https:\/\/www.r-eps.com\/de\/wp-json\/wp\/v2\/product_tag?post=4244"}],"curies":[{"name":"WP","href":"https:\/\/api.w.org\/{rel}","templated":true}]}}