{"id":4243,"date":"2025-07-18T12:09:46","date_gmt":"2025-07-18T04:09:46","guid":{"rendered":"http:\/\/www.r-eps.com\/?post_type=product&#038;p=4243"},"modified":"2025-09-26T16:12:13","modified_gmt":"2025-09-26T08:12:13","slug":"european-standard-flame-retardant-grade-fsh","status":"publish","type":"product","link":"https:\/\/www.r-eps.com\/de\/flame-retardant-grade\/european-standard-flame-retardant-grade-fsh\/","title":{"rendered":"Europ\u00e4ische Standard Flammschutzqualit\u00e4t -FSH"},"content":{"rendered":"<p>FSH-europ\u00e4ischer Standard flammhemmender Grad ist geeignet f\u00fcr W\u00e4rmed\u00e4mmung im Bau und Industrie, passive Raumw\u00e4rmed\u00e4mmung. Einheitliches Schaumen, schnelle Aush\u00e4rtung; H\u00f6here Materialausbeute als die herk\u00f6mmliche B1-Klasse; Die Druckfestigkeit ist mehr als 20% h\u00f6her als andere Sorten;<\/p>\n<p>Produkteinf\u00fchrung<br \/>\nFSH-europ\u00e4ischer Standard flammhemmender Grad ist geeignet f\u00fcr W\u00e4rmed\u00e4mmung im Bau und Industrie, passive Raumw\u00e4rmed\u00e4mmung.<\/p>\n<p>Produkteigenschaften<br \/>\n1, gleichm\u00e4\u00dfiges Schaumen, schnelle Aush\u00e4rtung;<br \/>\n2, h\u00f6her als die herk\u00f6mmliche B1-Materialleistungsrate;<br \/>\n3, die Druckfestigkeit ist mehr als 20% h\u00f6her als andere Sorten;<br \/>\n4, die Bildung von Dampfdurchdringung ist gut, Produktfusion ist besser;<br \/>\n5. Es dauert weniger Zeit, um B1 Verbrennungsleistung als FS zu erreichen;<br \/>\n6, niedriger Verarbeitungsenergieverbrauch, hohe Produktionseffizienz, insbesondere in der gew\u00f6hnlichen Plattenmaschine.<\/p>\n<table style=\"width: 94.4264%\">\n<tbody>\n<tr>\n<td style=\"width: 24.4592%;text-align: center\" width=\"142\"><\/td>\n<td style=\"width: 24.4592%;text-align: center\" width=\"142\">Spezifikation<\/td>\n<td style=\"width: 24.4592%;text-align: center\" width=\"142\">Partikelgr\u00f6\u00dfe<\/td>\n<td style=\"width: 127.953%;text-align: center\" width=\"142\">Erstes Expansionsverh\u00e4ltnis<\/td>\n<\/tr>\n<tr>\n<td style=\"width: 24.4592%;text-align: center\" rowspan=\"5\" width=\"142\">Material FSH<\/td>\n<td style=\"width: 24.4592%;text-align: center\" width=\"142\">FSH-101<\/td>\n<td style=\"width: 24.4592%;text-align: center\" width=\"142\">1.30-1.60<\/td>\n<td style=\"width: 127.953%;text-align: center\" width=\"142\">20-40<\/td>\n<\/tr>\n<tr>\n<td style=\"width: 24.4592%;text-align: center\" width=\"142\">FSH-201<\/td>\n<td style=\"width: 24.4592%;text-align: center\" width=\"142\">1.00-1.40<\/td>\n<td style=\"width: 127.953%;text-align: center\" width=\"142\">20-40<\/td>\n<\/tr>\n<tr>\n<td style=\"width: 24.4592%;text-align: center\" width=\"142\">FSH-301<\/td>\n<td style=\"width: 24.4592%;text-align: center\" width=\"142\">0.75-1.10<\/td>\n<td style=\"width: 127.953%;text-align: center\" width=\"142\">20-40<\/td>\n<\/tr>\n<tr>\n<td style=\"width: 24.4592%;text-align: center\" width=\"142\">FSH-401<\/td>\n<td style=\"width: 24.4592%;text-align: center\" width=\"142\">0.50-0.80<\/td>\n<td style=\"width: 127.953%;text-align: center\" width=\"142\">25-45<\/td>\n<\/tr>\n<tr>\n<td style=\"width: 24.4592%;text-align: center\" width=\"142\">FSH-501<\/td>\n<td style=\"width: 24.4592%;text-align: center\" width=\"142\">0.30-0.55<\/td>\n<td style=\"width: 127.953%;text-align: center\" width=\"142\">35-50<\/td>\n<\/tr>\n<\/tbody>\n<\/table>\n<p>hermale Isolierung im Bau und Industrie Passive Raumd\u00e4mmung<\/p>","protected":false},"excerpt":{"rendered":"<p>FSH-european standard flame retardant grade is suitable for thermal insulation in construction and industry, passive room thermal insulation. Uniform foaming, curing fast; Higher material yield than the traditional B1 grade; The compressive strength is more than 20% higher than other grades; Product introduction FSH-european standard flame retardant grade is suitable for thermal insulation in construction [&hellip;]<\/p>\n","protected":false},"featured_media":4795,"comment_status":"closed","ping_status":"closed","template":"","meta":[],"product_brand":[],"product_cat":[46],"product_tag":[],"class_list":{"0":"post-4243","1":"product","2":"type-product","3":"status-publish","4":"has-post-thumbnail","6":"product_cat-flame-retardant-grade","8":"first","9":"instock","10":"shipping-taxable","11":"product-type-simple"},"_links":{"self":[{"href":"https:\/\/www.r-eps.com\/de\/wp-json\/wp\/v2\/product\/4243","targetHints":{"allow":["GET"]}}],"collection":[{"href":"https:\/\/www.r-eps.com\/de\/wp-json\/wp\/v2\/product"}],"about":[{"href":"https:\/\/www.r-eps.com\/de\/wp-json\/wp\/v2\/types\/product"}],"replies":[{"embeddable":true,"href":"https:\/\/www.r-eps.com\/de\/wp-json\/wp\/v2\/comments?post=4243"}],"wp:featuredmedia":[{"embeddable":true,"href":"https:\/\/www.r-eps.com\/de\/wp-json\/wp\/v2\/media\/4795"}],"wp:attachment":[{"href":"https:\/\/www.r-eps.com\/de\/wp-json\/wp\/v2\/media?parent=4243"}],"wp:term":[{"taxonomy":"product_brand","embeddable":true,"href":"https:\/\/www.r-eps.com\/de\/wp-json\/wp\/v2\/product_brand?post=4243"},{"taxonomy":"product_cat","embeddable":true,"href":"https:\/\/www.r-eps.com\/de\/wp-json\/wp\/v2\/product_cat?post=4243"},{"taxonomy":"product_tag","embeddable":true,"href":"https:\/\/www.r-eps.com\/de\/wp-json\/wp\/v2\/product_tag?post=4243"}],"curies":[{"name":"WP","href":"https:\/\/api.w.org\/{rel}","templated":true}]}}