{"id":4242,"date":"2025-07-18T12:06:36","date_gmt":"2025-07-18T04:06:36","guid":{"rendered":"http:\/\/www.r-eps.com\/?post_type=product&#038;p=4242"},"modified":"2025-09-26T16:13:20","modified_gmt":"2025-09-26T08:13:20","slug":"flame-retardant-grade-fs","status":"publish","type":"product","link":"https:\/\/www.r-eps.com\/de\/flame-retardant-grade\/flame-retardant-grade-fs\/","title":{"rendered":"Flammschutzqualit\u00e4t &#8211; FS"},"content":{"rendered":"<p>Das Produkt hat hohe Festigkeit und stabile Gr\u00f6\u00dfe; Mit zusammengesetzten Flammschutzmitteln kann die Flammschutz von Produkten schnell das B1-Niveau erreichen; Kurze Aush\u00e4rtezeit und schnelle Formung k\u00f6nnen die Produktionseffizienz verbessern und die Produktionskosten senken.<\/p>\n<p>Produkteigenschaften<br \/>\n1, hohe Festigkeit und stabile Gr\u00f6\u00dfe der Produkte;<br \/>\n2, die Verwendung von Verbundflammhemmenden, die Produktflammhemmende Leistung kann schnell erreichen B1 Ebene;<br \/>\n3. Kurze Aush\u00e4rtezeit nach der Vorfreigabe, schnelles Formen, verbessern die Produktionseffizienz und reduzieren die Produktionskosten;<br \/>\n4, die Rauchdichte ist niedrig, der Sauerstoffindex-Wert ist h\u00f6her, erf\u00fcllt schnell die Bauanforderungen, verbessert das Brandschutzniveau des Geb\u00e4udes.<\/p>\n<table style=\"width: 98.165%\">\n<tbody>\n<tr>\n<td style=\"width: 24.4592%;text-align: center\" width=\"142\"><\/td>\n<td style=\"width: 24.4592%;text-align: center\" width=\"142\">Spezifikation<\/td>\n<td style=\"width: 24.4592%;text-align: center\" width=\"142\">Partikelgr\u00f6\u00dfe<\/td>\n<td style=\"width: 136.01%;text-align: center\" width=\"142\">Erstes Expansionsverh\u00e4ltnis<\/td>\n<\/tr>\n<tr>\n<td style=\"width: 24.4592%;text-align: center\" rowspan=\"5\" width=\"142\">Material FS<\/td>\n<td style=\"width: 24.4592%;text-align: center\" width=\"142\">FS-101<\/td>\n<td style=\"width: 24.4592%;text-align: center\" width=\"142\">1.30-1.60<\/td>\n<td style=\"width: 136.01%;text-align: center\" width=\"142\">50-70<\/td>\n<\/tr>\n<tr>\n<td style=\"width: 24.4592%;text-align: center\" width=\"142\">FS-201<\/td>\n<td style=\"width: 24.4592%;text-align: center\" width=\"142\">1.00-1.40<\/td>\n<td style=\"width: 136.01%;text-align: center\" width=\"142\">45-65<\/td>\n<\/tr>\n<tr>\n<td style=\"width: 24.4592%;text-align: center\" width=\"142\">FS-301<\/td>\n<td style=\"width: 24.4592%;text-align: center\" width=\"142\">0.75-1.10<\/td>\n<td style=\"width: 136.01%;text-align: center\" width=\"142\">40-55<\/td>\n<\/tr>\n<tr>\n<td style=\"width: 24.4592%;text-align: center\" width=\"142\">FS-401<\/td>\n<td style=\"width: 24.4592%;text-align: center\" width=\"142\">0.50-0.80<\/td>\n<td style=\"width: 136.01%;text-align: center\" width=\"142\">35-45<\/td>\n<\/tr>\n<tr>\n<td style=\"width: 24.4592%;text-align: center\" width=\"142\">FS-501<\/td>\n<td style=\"width: 24.4592%;text-align: center\" width=\"142\">0.30-0.55<\/td>\n<td style=\"width: 136.01%;text-align: center\" width=\"142\">25-35<\/td>\n<\/tr>\n<\/tbody>\n<\/table>\n<p>Verwendet im Baubereich mit Sauerstoffindex gr\u00f6\u00dfer als 32, Pr\u00e4zisionsinstrumentverpackung<\/p>","protected":false},"excerpt":{"rendered":"<p>The product has high strength and stable size; Using compound flame retardants, the flame retardancy of products can quickly reach B1 level; Short curing time and rapid molding can improve production efficiency and reduce production cost. Product characteristics 1, High strength and stable size of products; 2, the use of composite flame retardant, the product [&hellip;]<\/p>\n","protected":false},"featured_media":4791,"comment_status":"closed","ping_status":"closed","template":"","meta":[],"product_brand":[],"product_cat":[46],"product_tag":[],"class_list":{"0":"post-4242","1":"product","2":"type-product","3":"status-publish","4":"has-post-thumbnail","6":"product_cat-flame-retardant-grade","8":"first","9":"instock","10":"shipping-taxable","11":"product-type-simple"},"_links":{"self":[{"href":"https:\/\/www.r-eps.com\/de\/wp-json\/wp\/v2\/product\/4242","targetHints":{"allow":["GET"]}}],"collection":[{"href":"https:\/\/www.r-eps.com\/de\/wp-json\/wp\/v2\/product"}],"about":[{"href":"https:\/\/www.r-eps.com\/de\/wp-json\/wp\/v2\/types\/product"}],"replies":[{"embeddable":true,"href":"https:\/\/www.r-eps.com\/de\/wp-json\/wp\/v2\/comments?post=4242"}],"wp:featuredmedia":[{"embeddable":true,"href":"https:\/\/www.r-eps.com\/de\/wp-json\/wp\/v2\/media\/4791"}],"wp:attachment":[{"href":"https:\/\/www.r-eps.com\/de\/wp-json\/wp\/v2\/media?parent=4242"}],"wp:term":[{"taxonomy":"product_brand","embeddable":true,"href":"https:\/\/www.r-eps.com\/de\/wp-json\/wp\/v2\/product_brand?post=4242"},{"taxonomy":"product_cat","embeddable":true,"href":"https:\/\/www.r-eps.com\/de\/wp-json\/wp\/v2\/product_cat?post=4242"},{"taxonomy":"product_tag","embeddable":true,"href":"https:\/\/www.r-eps.com\/de\/wp-json\/wp\/v2\/product_tag?post=4242"}],"curies":[{"name":"WP","href":"https:\/\/api.w.org\/{rel}","templated":true}]}}