{"id":4240,"date":"2025-07-18T12:04:42","date_gmt":"2025-07-18T04:04:42","guid":{"rendered":"http:\/\/www.r-eps.com\/?post_type=product&#038;p=4240"},"modified":"2025-09-26T16:14:40","modified_gmt":"2025-09-26T08:14:40","slug":"light-flame-retardant-grade-fb","status":"publish","type":"product","link":"https:\/\/www.r-eps.com\/de\/flame-retardant-grade\/light-flame-retardant-grade-fb\/","title":{"rendered":"Licht Flammschutz Grade-FB"},"content":{"rendered":"<p>Fb-Licht flammhemmendes Material kann mehrmals gesch\u00e4umt werden, die scheinbare Dichte von Blasen kann weniger als 10KG \/ M\u00b3 f\u00fcr die Herstellung von niedriger Dichte Blatt sein. Fb-flammhemmende Qualit\u00e4t im Verarbeitungsprozess, um das Mischen von nicht flammhemmenden Substanzen zu vermeiden, besonders achten Sie darauf, nicht mit gew\u00f6hnlichen EPS gemischt werden darf, diese falschen Verarbeitungsmethoden werden die flammhemmende Leistung reduzieren.<\/p>\n<p>Produkteinf\u00fchrung<br \/>\nFb-Licht flammhemmendes Material kann mehrmals gesch\u00e4umt werden, die scheinbare Dichte von Blasen kann weniger als 10KG \/ M\u00b3 f\u00fcr die Herstellung von niedriger Dichte Blatt sein.<\/p>\n<p>Fb-flammhemmende Qualit\u00e4t im Verarbeitungsprozess, um das Mischen von nicht flammhemmenden Substanzen zu vermeiden, besonders achten Sie darauf, nicht mit gew\u00f6hnlichen EPS gemischt werden darf, diese falschen Verarbeitungsmethoden werden die flammhemmende Leistung reduzieren. Um eine gute Flammschutz zu erzielen, wird dem Formprodukt eine gewisse Alterungszeit gegeben, um das restliche Schaumstoff aus dem Schaumk\u00f6rper austreten zu lassen, und die Alterungszeit wird haupts\u00e4chlich durch den Schaumstoffgehalt, die scheinbare Dichte, die Produktgr\u00f6\u00dfe und andere Bedingungen bestimmt. Empfohlene Alterungsdauer von mehr als 2 Wochen.<\/p>\n<p>Produkteigenschaften<br \/>\n1, die Vorlieferungsgeschwindigkeit ist schnell und spart Energie;<br \/>\n2, leichte Produkte und gute flammhemmende Leistung;<br \/>\n3. Gute Bindung und Z\u00e4higkeit;<br \/>\n4. Einheitliche Partikelgr\u00f6\u00dfe von Rohstoffen, gute Fl\u00fcssigkeit von gesch\u00e4umten Perlen;<br \/>\n5, das Perlenblasenloch ist fein und gleichm\u00e4\u00dfig, das Erscheinungsbild des Produkts ist glatt und glatt;<br \/>\n6, breiter Betriebsbereich, geeignet f\u00fcr alle Arten von automatischen und manuellen Plattenmaschinen;<br \/>\n7, wird empfohlen, dass FB-301 mehr als 6KG \/ M Platte tun, gute umfassende Leistungsprodukte erhalten k\u00f6nnen.<\/p>\n<table style=\"width: 98.7497%\">\n<tbody>\n<tr>\n<td style=\"width: 24.4592%\" width=\"142\"><\/td>\n<td style=\"width: 24.4592%\" width=\"142\">Spezifikation<\/td>\n<td style=\"width: 24.4592%\" width=\"142\">Partikelgr\u00f6\u00dfe<\/td>\n<td style=\"width: 137.271%\" width=\"142\">Erstes Expansionsverh\u00e4ltnis<\/td>\n<\/tr>\n<tr>\n<td style=\"width: 24.4592%\" rowspan=\"5\" width=\"142\">Material FB<\/td>\n<td style=\"width: 24.4592%\" width=\"142\">FB-101<\/td>\n<td style=\"width: 24.4592%\" width=\"142\">1.30-1.60<\/td>\n<td style=\"width: 137.271%\" width=\"142\">80-110<\/td>\n<\/tr>\n<tr>\n<td style=\"width: 24.4592%\" width=\"142\">FB-201<\/td>\n<td style=\"width: 24.4592%\" width=\"142\">1.00-1.40<\/td>\n<td style=\"width: 137.271%\" width=\"142\">70-100<\/td>\n<\/tr>\n<tr>\n<td style=\"width: 24.4592%\" width=\"142\">FB-301<\/td>\n<td style=\"width: 24.4592%\" width=\"142\">0.75-1.10<\/td>\n<td style=\"width: 137.271%\" width=\"142\">65-100<\/td>\n<\/tr>\n<tr>\n<td style=\"width: 24.4592%\" width=\"142\">FB-401<\/td>\n<td style=\"width: 24.4592%\" width=\"142\">0.50-0.80<\/td>\n<td style=\"width: 137.271%\" width=\"142\">45-70<\/td>\n<\/tr>\n<tr>\n<td style=\"width: 24.4592%\" width=\"142\">FB-501<\/td>\n<td style=\"width: 24.4592%\" width=\"142\">0.30-0.55<\/td>\n<td style=\"width: 137.271%\" width=\"142\">35-50<\/td>\n<\/tr>\n<\/tbody>\n<\/table>\n<p>Haupts\u00e4chlich f\u00fcr niedrige Dichte Platte verwendet, kleine Partikelgr\u00f6\u00dfe kann auch f\u00fcr allgemeine Verpackung verwendet werden<\/p>","protected":false},"excerpt":{"rendered":"<p>Fb-light flame retardant grade material can be foamed multiple times, the apparent density of bubbles can be less than 10KG\/M\u00b3, for the production of low density sheet. Fb-flame retardant grade in the processing process to avoid mixing non-flame retardant substances, especially pay attention to must not be mixed with ordinary EPS, these improper processing methods [&hellip;]<\/p>\n","protected":false},"featured_media":4321,"comment_status":"closed","ping_status":"closed","template":"","meta":[],"product_brand":[],"product_cat":[46],"product_tag":[],"class_list":{"0":"post-4240","1":"product","2":"type-product","3":"status-publish","4":"has-post-thumbnail","6":"product_cat-flame-retardant-grade","8":"first","9":"instock","10":"shipping-taxable","11":"product-type-simple"},"_links":{"self":[{"href":"https:\/\/www.r-eps.com\/de\/wp-json\/wp\/v2\/product\/4240","targetHints":{"allow":["GET"]}}],"collection":[{"href":"https:\/\/www.r-eps.com\/de\/wp-json\/wp\/v2\/product"}],"about":[{"href":"https:\/\/www.r-eps.com\/de\/wp-json\/wp\/v2\/types\/product"}],"replies":[{"embeddable":true,"href":"https:\/\/www.r-eps.com\/de\/wp-json\/wp\/v2\/comments?post=4240"}],"wp:featuredmedia":[{"embeddable":true,"href":"https:\/\/www.r-eps.com\/de\/wp-json\/wp\/v2\/media\/4321"}],"wp:attachment":[{"href":"https:\/\/www.r-eps.com\/de\/wp-json\/wp\/v2\/media?parent=4240"}],"wp:term":[{"taxonomy":"product_brand","embeddable":true,"href":"https:\/\/www.r-eps.com\/de\/wp-json\/wp\/v2\/product_brand?post=4240"},{"taxonomy":"product_cat","embeddable":true,"href":"https:\/\/www.r-eps.com\/de\/wp-json\/wp\/v2\/product_cat?post=4240"},{"taxonomy":"product_tag","embeddable":true,"href":"https:\/\/www.r-eps.com\/de\/wp-json\/wp\/v2\/product_tag?post=4240"}],"curies":[{"name":"WP","href":"https:\/\/api.w.org\/{rel}","templated":true}]}}