{"id":4239,"date":"2025-07-18T11:55:57","date_gmt":"2025-07-18T03:55:57","guid":{"rendered":"http:\/\/www.r-eps.com\/?post_type=product&#038;p=4239"},"modified":"2025-09-26T16:16:43","modified_gmt":"2025-09-26T08:16:43","slug":"flame-retardant-grade-f","status":"publish","type":"product","link":"https:\/\/www.r-eps.com\/de\/flame-retardant-grade\/flame-retardant-grade-f\/","title":{"rendered":"Flammschutzqualit\u00e4t &#8211; F &#8211; Baumaterial W\u00e4rmed\u00e4mmung"},"content":{"rendered":"<p><span style=\"font-family: 'book antiqua', palatino, serif\"><strong><span style=\"font-size: 14pt\">Produkteinf\u00fchrung<\/span><\/strong><\/span><\/p>\n<p><span style=\"font-family: 'book antiqua', palatino, serif\">Die F-Flammschutzqualit\u00e4t EPS ist nicht nur eine weitere Isolierplatte. Es handelt sich um ein feuerhaftes Polystyrol-Material, das UL-Zertifizierung bestanden hat (Nr. E360952). In der Produktionslinie ist das Mischen mit normalem EPS ein gro\u00dfer No-Go - sobald Sie das tun, sinkt die Flammbest\u00e4ndigkeit des EPS-Isolationsmaterials schnell. Diese Klasse folgt GB \/ T10801.1-2002 und GB8624-2012, beide wichtigen nationalen Standards f\u00fcr EPS-Schaumstoffidolierung. Um eine zuverl\u00e4ssige B2-Leistung zu erzielen, ben\u00f6tigt das Material eine richtige Alterung. Restblasmittel m\u00fcssen aus dem Schaumk\u00f6rper entkommen. Es ist das gleiche Prinzip, ob Sie sich mit expandierter Polystyrol-Perlen-Isolation, EPS-Wandisolierung oder sogar gr\u00f6\u00dferen Polystyrol-Bl\u00f6cken f\u00fcr den Bau befassen.<\/span><\/p>\n<p><span style=\"font-family: 'book antiqua', palatino, serif\">Typische Zahlen aus der realen Produktion:<\/span><\/p>\n<p><span style=\"font-family: 'book antiqua', palatino, serif\">15 KG\/M\u00b3: 20 mm dick, mindestens eine Woche Alterungszeit 20 mm dick, mindestens zwei Wochen Alterungszeit<\/span><\/p>\n<p><span style=\"font-family: 'book antiqua', palatino, serif\">30 KG\/M\u00b3: 50 mm dick, mindestens zwei Wochen Alterung 50 mm dick, mindestens drei Wochen Alterung<\/span><\/p>\n<p>&nbsp;<\/p>\n<p><span style=\"font-size: 14pt;font-family: 'book antiqua', palatino, serif\"><strong>Produkteigenschaften<\/strong><\/span><\/p>\n<ul>\n<li><span style=\"font-family: 'book antiqua', palatino, serif\">Starke und zuverl\u00e4ssige flammhemmende Leistung, so dass es f\u00fcr B2-Standardbaustoffe geeignet ist.<\/span><\/li>\n<li><span style=\"font-family: 'book antiqua', palatino, serif\">Kurze Lieferzeit \u2013 Produktion und Vorlieferung k\u00f6nnen schnell ohne lange Wartezyklen abgewickelt werden.<\/span><\/li>\n<li><span style=\"font-family: 'book antiqua', palatino, serif\">Rohperlen haben eine gleichm\u00e4\u00dfige Partikelgr\u00f6\u00dfe und einen glatten Fluss, so dass der Isolationsprozess der expandierten Polystyrolperlen stetig l\u00e4uft.<\/span><\/li>\n<li><span style=\"font-family: 'book antiqua', palatino, serif\">Flexibel zu bedienen: funktioniert gut sowohl auf vollautomatischen als auch auf manuellen Plattenmaschinen.<\/span><\/li>\n<li><span style=\"font-family: 'book antiqua', palatino, serif\">Die gesch\u00e4umten Perlen bilden feine, gleichm\u00e4\u00dfige Zellen, die dem Endprodukt eine glatte und konsistente Oberfl\u00e4che verleihen.<\/span><\/li>\n<li><span style=\"font-family: 'book antiqua', palatino, serif\">Ausgezeichnete Dimensionsstabilit\u00e4t, starke Haftung sowie eine Balance zwischen Z\u00e4higkeit und Festigkeit.<\/span><\/li>\n<li><span style=\"font-family: 'book antiqua', palatino, serif\">Die empfohlene Schaumsrate betr\u00e4gt je nach Projektbedarf etwa das 35-75-fache.<\/span><\/li>\n<li><span style=\"font-family: 'book antiqua', palatino, serif\">Gut geeignet f\u00fcr Anwendungen wie EPS-Schaumisolierung, EPS-Wandisolierung und Polystyrolbl\u00f6cke f\u00fcr den Bau.<\/span><\/li>\n<\/ul>\n<p>&nbsp;<\/p>\n<table style=\"width: 99.5228%\">\n<tbody>\n<tr>\n<td style=\"width: 24.4592%;text-align: center\" width=\"142\"><\/td>\n<td style=\"width: 24.4592%;text-align: center\" width=\"142\"><strong>Spezifikation<\/strong><\/td>\n<td style=\"width: 24.4592%;text-align: center\" width=\"142\"><strong>Partikelgr\u00f6\u00dfe<\/strong><\/td>\n<td style=\"width: 138.935%;text-align: center\" width=\"142\"><strong>Erstes Expansionsverh\u00e4ltnis<\/strong><\/td>\n<\/tr>\n<tr>\n<td style=\"width: 24.4592%;text-align: center\" rowspan=\"4\" width=\"142\">Material F<\/td>\n<td style=\"width: 24.4592%;text-align: center\" width=\"142\">301<\/td>\n<td style=\"width: 24.4592%;text-align: center\" width=\"142\">1.0-1.8<\/td>\n<td style=\"width: 138.935%;text-align: center\" width=\"142\">50-70<\/td>\n<\/tr>\n<tr>\n<td style=\"width: 24.4592%;text-align: center\" width=\"142\">302<\/td>\n<td style=\"width: 24.4592%;text-align: center\" width=\"142\">0.8-1.3<\/td>\n<td style=\"width: 138.935%;text-align: center\" width=\"142\">45-65<\/td>\n<\/tr>\n<tr>\n<td style=\"width: 24.4592%;text-align: center\" width=\"142\">303<\/td>\n<td style=\"width: 24.4592%;text-align: center\" width=\"142\">0.6-1.0<\/td>\n<td style=\"width: 138.935%;text-align: center\" width=\"142\">40-60<\/td>\n<\/tr>\n<tr>\n<td style=\"width: 24.4592%;text-align: center\" width=\"142\">401<\/td>\n<td style=\"width: 24.4592%;text-align: center\" width=\"142\">0.3-0.8<\/td>\n<td style=\"width: 138.935%;text-align: center\" width=\"142\">30-50<\/td>\n<\/tr>\n<\/tbody>\n<\/table>\n<p>&nbsp;<\/p>\n<p><strong><span style=\"font-family: 'book antiqua', palatino, serif;font-size: 14pt\">Produktvorteile<\/span><\/strong><\/p>\n<ul>\n<li><span style=\"font-family: 'book antiqua', palatino, serif;font-size: 12pt\">H\u00f6heres Sicherheitsniveau: Die Verwendung von zertifiziertem feuerhaftem Polystyrol bedeutet, dass die W\u00e4nde und Platten nicht nur Isolierung sind; Sie f\u00fcgen eine Schutzschicht hinzu.<\/span><\/li>\n<li><span style=\"font-family: 'book antiqua', palatino, serif;font-size: 12pt\">Einhaltung internationaler und nationaler Normen: Dieses EPS-Isoliermaterial hat die UL-Zertifizierung (E360952) bestanden und erf\u00fcllt die GB-Klassifizierungen.<\/span><\/li>\n<li><span style=\"font-family: 'book antiqua', palatino, serif;font-size: 12pt\">Kosteneffizienz im Bau: Dank der leichten Struktur und der effizienten EPS-Schaumisolierung ist der Transport und die Handhabung vor Ort einfacher und spart sowohl Arbeit als auch Energie.<\/span><\/li>\n<li><span style=\"font-family: 'book antiqua', palatino, serif;font-size: 12pt\">Vielseitigkeit in der Anwendung: Von der EPS-Wandd\u00e4mmung in einem kleinen Geh\u00e4useblock bis hin zu Polystyrolbl\u00f6cken f\u00fcr den Bau auf einem Werksgebiet passt sich dasselbe Material an.<\/span><\/li>\n<li><span style=\"font-family: 'book antiqua', palatino, serif;font-size: 12pt\">Stabile langfristige Leistung: Der EPS-Isolierschaumstoff beh\u00e4lt seine Form, h\u00e4lt gegen Feuchtigkeit und der Isolierwert f\u00e4llt nicht schnell ab. Weniger Wartung, weniger Ersatz.<\/span><\/li>\n<li><span style=\"font-family: 'book antiqua', palatino, serif;font-size: 12pt\">Umweltfreundlich: Im Laufe der Zeit steigen die Energieeinsparungen. Au\u00dferdem entsteht im Vergleich zu herk\u00f6mmlichen nicht flammhemmenden Schaumstoffen weniger Abfall in der Produktion.<\/span><\/li>\n<\/ul>\n<p>&nbsp;<\/p>\n<p><strong><span style=\"font-family: 'book antiqua', palatino, serif;font-size: 14pt\">Anwendungsfeld<\/span><\/strong><\/p>\n<ul>\n<li><span style=\"font-family: 'book antiqua', palatino, serif\">EPS-Wandd\u00e4mmung: weit verbreitet in Wohnwohnungen, B\u00fcrogeb\u00e4uden und kommerziellen Komplexen.<\/span><\/li>\n<li><span style=\"font-family: 'book antiqua', palatino, serif\">Polystyrolbl\u00f6cke f\u00fcr den Bau: geeignet f\u00fcr Hochh\u00e4user, Fundamentd\u00e4mmung und Tragwandsysteme. <\/span><\/li>\n<li><span style=\"font-family: 'book antiqua', palatino, serif\">EPS-Schaumstoff-Isolierplatten: Anwendung in Industriewerkst\u00e4tten, Lagern und K\u00fchllageranlagen.<\/span><\/li>\n<li><span style=\"font-family: 'book antiqua', palatino, serif\">Dach- und Bodenisolation: Verbessert die W\u00e4rmeeffizienz und senkt gleichzeitig die Energiekosten.\u00a0<\/span><\/li>\n<li><span style=\"font-family: 'book antiqua', palatino, serif\">Sandwichpaneele und modulare Systeme: geeignet f\u00fcr vorgefertigte Geh\u00e4use und leichte Konstruktion.<\/span><\/li>\n<\/ul>\n<p><span style=\"font-family: 'book antiqua', palatino, serif\">\u00a0<\/span><\/p>","protected":false},"excerpt":{"rendered":"<p><span style=\"font-size: 12pt\">F-flammhemmende Klasse ist weit verbreitet in EPS-Schaumstoff-Isolierung und EPS-Wandisolierung, die sowohl thermische Effizienz und Brandsicherheit bietet. Hergestellt aus expandierten Polystyrolperlen, h\u00e4lt F-flammhemmende Grad EPS Isolationsmaterial Platten leicht, aber dauerhaft, im Gegensatz zu gew\u00f6hnlichen Bretten, die im Laufe der Zeit Kraft verlieren. HUASHENG feuerhaftes Polystyrol flammhemmendes Grad-F zeichnet sich als zuverl\u00e4ssiges EPS-Isolationsmaterial aus, dem Bauherren vertrauen.<\/span><\/p>\n<p><span style=\"font-size: 12pt\"><strong>Produkteigenschaften:<\/strong><\/span><\/p>\n<ul>\n<li><span style=\"font-size: 12pt\">Flammschutzleistung<\/span><\/li>\n<li><span style=\"font-size: 12pt\">Einheitliche Partikelgr\u00f6\u00dfe<\/span><\/li>\n<li><span style=\"font-size: 12pt\">Leicht &amp; amp; Stark<\/span><\/li>\n<li><span style=\"font-size: 12pt\">W\u00e4rmed\u00e4mmung<\/span><\/li>\n<\/ul>","protected":false},"featured_media":3339,"comment_status":"closed","ping_status":"closed","template":"","meta":[],"product_brand":[],"product_cat":[46],"product_tag":[],"class_list":{"0":"post-4239","1":"product","2":"type-product","3":"status-publish","4":"has-post-thumbnail","6":"product_cat-flame-retardant-grade","8":"first","9":"instock","10":"shipping-taxable","11":"product-type-simple"},"_links":{"self":[{"href":"https:\/\/www.r-eps.com\/de\/wp-json\/wp\/v2\/product\/4239","targetHints":{"allow":["GET"]}}],"collection":[{"href":"https:\/\/www.r-eps.com\/de\/wp-json\/wp\/v2\/product"}],"about":[{"href":"https:\/\/www.r-eps.com\/de\/wp-json\/wp\/v2\/types\/product"}],"replies":[{"embeddable":true,"href":"https:\/\/www.r-eps.com\/de\/wp-json\/wp\/v2\/comments?post=4239"}],"wp:featuredmedia":[{"embeddable":true,"href":"https:\/\/www.r-eps.com\/de\/wp-json\/wp\/v2\/media\/3339"}],"wp:attachment":[{"href":"https:\/\/www.r-eps.com\/de\/wp-json\/wp\/v2\/media?parent=4239"}],"wp:term":[{"taxonomy":"product_brand","embeddable":true,"href":"https:\/\/www.r-eps.com\/de\/wp-json\/wp\/v2\/product_brand?post=4239"},{"taxonomy":"product_cat","embeddable":true,"href":"https:\/\/www.r-eps.com\/de\/wp-json\/wp\/v2\/product_cat?post=4239"},{"taxonomy":"product_tag","embeddable":true,"href":"https:\/\/www.r-eps.com\/de\/wp-json\/wp\/v2\/product_tag?post=4239"}],"curies":[{"name":"WP","href":"https:\/\/api.w.org\/{rel}","templated":true}]}}