{"id":4238,"date":"2025-07-18T11:52:47","date_gmt":"2025-07-18T03:52:47","guid":{"rendered":"http:\/\/www.r-eps.com\/?post_type=product&#038;p=4238"},"modified":"2025-09-26T15:44:26","modified_gmt":"2025-09-26T07:44:26","slug":"standard-grade-e","status":"publish","type":"product","link":"https:\/\/www.r-eps.com\/de\/common-grade\/standard-grade-e\/","title":{"rendered":"Standardklasse &#8211; E"},"content":{"rendered":"<p><span style=\"font-size: 14pt\"><strong><span style=\"font-family: 'book antiqua', palatino, serif\">Produkteinf\u00fchrung<\/span><\/strong><\/span><\/p>\n<p><span style=\"font-family: 'book antiqua', palatino, serif\">Die Standard-Klasse - E ist ein weit verbreitetes EPS-Material, das mit automatischen Vakuumformmaschinen, elektrischen Antriebsformmaschinen und herk\u00f6mmlichen Hebehydraulikpressen kompatibel ist. Mit einer Standardschaumrate erzeugt es gleichm\u00e4\u00dfige, leichtere Dichteblasen bei 13 g\/l oder h\u00f6her. Dieses Material besteht aus Partikeln in einem einzigen Zyklus. Es funktioniert am besten f\u00fcr Produkte mit einer Schaumdichte und ist vielseitig und beliebt unter den Herstellern von EPS-Platten, die f\u00fcr expandierte Polystyrol-EPS-Platten, Polystyrol-Verkleidungsplatten, EPS-Bauplatten und EPS-Schaumstoffverkleidungen sowie in elektrischen Verpackungen, W\u00e4rmed\u00e4mmung, Handwerk und Dekorationsgegenst\u00e4nden verwendet werden.<\/span><\/p>\n<p>&nbsp;<\/p>\n<p><span style=\"font-size: 14pt;font-family: 'book antiqua', palatino, serif\"><strong>Produkteigenschaften<\/strong><\/span><\/p>\n<ul>\n<li><span style=\"font-family: 'book antiqua', palatino, serif\">Schnelle und konsistente Schaumgeschwindigkeit, ideal f\u00fcr Hersteller von EPS-Schaumstoffplatten und Produktionslinien.<\/span><\/li>\n<li><span style=\"font-family: 'book antiqua', palatino, serif\">Standard-Schaumverh\u00e4ltnis, etwas niedriger als P-Grad-Material, geeignet f\u00fcr expandierte Polystyrol EPS-Platten und expandierte Polystyrol-Perlen-Platten.<\/span><\/li>\n<li><span style=\"font-family: 'book antiqua', palatino, serif\">Niedriger Energieverbrauch, Dampfersparnis bei Beibehaltung einer hochwertigen EPS-Schaumstoffverkleidung.<\/span><\/li>\n<li><span style=\"font-family: 'book antiqua', palatino, serif\">Kurze Aush\u00e4rtezeit und Formzyklus, die EPS-Plattenherstellern helfen, die Effizienz zu verbessern.<\/span><\/li>\n<li><span style=\"font-family: 'book antiqua', palatino, serif\">Ausgezeichnete Perlenfusion, die Polystyrol-Verkleidungsplatten und EPS-Bauplatten eine solide Struktur verleiht.<\/span><\/li>\n<li><span style=\"font-family: 'book antiqua', palatino, serif\">Glatte, gleichm\u00e4\u00dfige Oberfl\u00e4che perfekt f\u00fcr EPS-Schaumstoffplatten und dekorative EPS-Schaumstoffverkleidungen.<\/span><\/li>\n<li><span style=\"font-family: 'book antiqua', palatino, serif\">Stabile Abmessungen, hohe Festigkeit und starke Anwendbarkeit; widersteht Schrumpfen und Verformungen bei der Herstellung von expandierten EPS-Platten.<\/span><\/li>\n<\/ul>\n<p>&nbsp;<\/p>\n<table style=\"width: 97.0168%;height: 260px\">\n<tbody>\n<tr style=\"height: 52px\">\n<td style=\"width: 24.4592%;height: 52px;text-align: center\" width=\"142\"><\/td>\n<td style=\"width: 24.4592%;height: 52px;text-align: center\" width=\"142\">Spezifikation<\/td>\n<td style=\"width: 24.4592%;height: 52px;text-align: center\" width=\"142\">Partikelgr\u00f6\u00dfe<\/td>\n<td style=\"width: 139.004%;height: 52px;text-align: center\" width=\"142\">Erstes Expansionsverh\u00e4ltnis<\/td>\n<\/tr>\n<tr style=\"height: 52px\">\n<td style=\"width: 24.4592%;height: 208px;text-align: center\" rowspan=\"4\" width=\"142\">Material E<\/td>\n<td style=\"width: 24.4592%;height: 52px;text-align: center\" width=\"142\">301<\/td>\n<td style=\"width: 24.4592%;height: 52px;text-align: center\" width=\"142\">1.0-1.8<\/td>\n<td style=\"width: 139.004%;height: 52px;text-align: center\" width=\"142\">75-95<\/td>\n<\/tr>\n<tr style=\"height: 52px\">\n<td style=\"width: 24.4592%;height: 52px;text-align: center\" width=\"142\">302<\/td>\n<td style=\"width: 24.4592%;height: 52px;text-align: center\" width=\"142\">0.8-1.3<\/td>\n<td style=\"width: 139.004%;height: 52px;text-align: center\" width=\"142\">65-85<\/td>\n<\/tr>\n<tr style=\"height: 52px\">\n<td style=\"width: 24.4592%;height: 52px;text-align: center\" width=\"142\">303<\/td>\n<td style=\"width: 24.4592%;height: 52px;text-align: center\" width=\"142\">0.6-1.0<\/td>\n<td style=\"width: 139.004%;height: 52px;text-align: center\" width=\"142\">55-75<\/td>\n<\/tr>\n<tr style=\"height: 52px\">\n<td style=\"width: 24.4592%;height: 52px;text-align: center\" width=\"142\">401<\/td>\n<td style=\"width: 24.4592%;height: 52px;text-align: center\" width=\"142\">0.3-0.8<\/td>\n<td style=\"width: 139.004%;height: 52px;text-align: center\" width=\"142\">50-70<\/td>\n<\/tr>\n<\/tbody>\n<\/table>\n<p>&nbsp;<\/p>\n<p><span style=\"font-family: 'book antiqua', palatino, serif;font-size: 14pt\"><strong>Produktvorteile<\/strong><\/span><\/p>\n<ul>\n<li><span style=\"font-family: 'book antiqua', palatino, serif\">Langlebig &amp; stabil: Platten behalten ihre Form, ideal f\u00fcr EPS-Bauplatten und expandierte Polystyrol-Perlen-Platten.<\/span><\/li>\n<li><span style=\"font-family: 'book antiqua', palatino, serif\">Leicht &amp; amp; stark: geeignet f\u00fcr Polystyrol-Verkleidungsplatten und EPS-Schaumstoffplatten.<\/span><\/li>\n<li><span style=\"font-family: 'book antiqua', palatino, serif\">Flexibel f\u00fcr verschiedene Anwendungen: von der EPS-Schaumstoffverkleidung bis hin zu kundenspezifischen expandierten Polystyrol-EPS-Platten.<\/span><\/li>\n<li><span style=\"font-family: 'book antiqua', palatino, serif\">Kosteneffektiv: Unterst\u00fctzung ohne zus\u00e4tzlichen Materialabfall.<\/span><\/li>\n<li><span style=\"font-family: 'book antiqua', palatino, serif\">Konsistente Glattheit &amp; Dichte: von EPS-Plattenherstellern gesch\u00e4tzt.<\/span><\/li>\n<\/ul>\n<p>&nbsp;<\/p>\n<p><span style=\"font-family: 'book antiqua', palatino, serif;font-size: 14pt\"><strong>Anwendungsfelder<\/strong><\/span><\/p>\n<ul>\n<li><span style=\"font-family: 'book antiqua', palatino, serif\">Elektrische Verpackung: ideal zum Schutz von Haushaltsger\u00e4ten und empfindlicher Elektronik.<\/span><\/li>\n<li><span style=\"font-family: 'book antiqua', palatino, serif\">EPS-Schaumstoffplatten &amp; expandierte Polystyrol-Perlen-Platten: in Isolierungs-, Anzeige- und Leichtbauprojekten verwendet.<\/span><\/li>\n<li><span style=\"font-family: 'book antiqua', palatino, serif\">Handwerk und Dekorationsgegenst\u00e4nde: Einfach zu formen und zu handhaben f\u00fcr kleine oder komplizierte Designs.<\/span><\/li>\n<li><span style=\"font-family: 'book antiqua', palatino, serif\">Integrierte Boxbeh\u00e4lter: geeignet f\u00fcr kundenspezifische Verpackung verschiedener Produkte.<\/span><\/li>\n<li><span style=\"font-family: 'book antiqua', palatino, serif\">Kompatibel mit herk\u00f6mmlichen Formmaschinen und automatischen Vakuumformmaschinen.<\/span><\/li>\n<\/ul>","protected":false},"excerpt":{"rendered":"<p>Der Standard Grade \u2013 E ist ein vielseitiges expandiertes Polystyrol-Material, das f\u00fcr sein hohes Expansionsverh\u00e4ltnis, seine einfache Lagerung und seine zuverl\u00e4ssige Verklebung bekannt ist. In der Produktion expandieren sich die Schaumstoffperlen gleichm\u00e4\u00dfig und h\u00e4rten schnell aus. Ob Sie EPS-Platten aus expandiertem Polystyrol oder leichtere EPS-Schaumstoffplatten formen, bleiben die Ergebnisse konsistent. HUASHENG, ein professioneller EPS-Plattenhersteller, bietet qualitativ hochwertige expandierte Polystyrol-Perlen-Plattenpanele mit der Oberfl\u00e4che, die glatt und gleichm\u00e4\u00dfig herauskommt und die sekund\u00e4re Veredelung reduziert.<\/p>\n<p><strong>Produkteigenschaften:<\/strong><\/p>\n<ul>\n<li>Hohes Ausdehnungsverh\u00e4ltnis mit stabiler Leistung.<\/li>\n<li>Einheitliche Oberfl\u00e4chenverbindung f\u00fcr pr\u00e4zise Anwendungen.<\/li>\n<li>Starke Bindbarkeit f\u00fcr zuverl\u00e4ssige Montage.<\/li>\n<li>Gute Lagerstabilit\u00e4t im Laufe der Zeit.<\/li>\n<li>Geeignet f\u00fcr EPS-Schaumstoffplatten, expandierte Polystyrol-Perlen-Platten und Polystyrol-Verkleidungsplatten.<\/li>\n<\/ul>","protected":false},"featured_media":3329,"comment_status":"closed","ping_status":"closed","template":"","meta":[],"product_brand":[],"product_cat":[42],"product_tag":[],"class_list":{"0":"post-4238","1":"product","2":"type-product","3":"status-publish","4":"has-post-thumbnail","6":"product_cat-common-grade","8":"first","9":"instock","10":"shipping-taxable","11":"product-type-simple"},"_links":{"self":[{"href":"https:\/\/www.r-eps.com\/de\/wp-json\/wp\/v2\/product\/4238","targetHints":{"allow":["GET"]}}],"collection":[{"href":"https:\/\/www.r-eps.com\/de\/wp-json\/wp\/v2\/product"}],"about":[{"href":"https:\/\/www.r-eps.com\/de\/wp-json\/wp\/v2\/types\/product"}],"replies":[{"embeddable":true,"href":"https:\/\/www.r-eps.com\/de\/wp-json\/wp\/v2\/comments?post=4238"}],"wp:featuredmedia":[{"embeddable":true,"href":"https:\/\/www.r-eps.com\/de\/wp-json\/wp\/v2\/media\/3329"}],"wp:attachment":[{"href":"https:\/\/www.r-eps.com\/de\/wp-json\/wp\/v2\/media?parent=4238"}],"wp:term":[{"taxonomy":"product_brand","embeddable":true,"href":"https:\/\/www.r-eps.com\/de\/wp-json\/wp\/v2\/product_brand?post=4238"},{"taxonomy":"product_cat","embeddable":true,"href":"https:\/\/www.r-eps.com\/de\/wp-json\/wp\/v2\/product_cat?post=4238"},{"taxonomy":"product_tag","embeddable":true,"href":"https:\/\/www.r-eps.com\/de\/wp-json\/wp\/v2\/product_tag?post=4238"}],"curies":[{"name":"WP","href":"https:\/\/api.w.org\/{rel}","templated":true}]}}